{"id":97,"date":"2013-09-01T13:28:27","date_gmt":"2013-09-01T11:28:27","guid":{"rendered":"http:\/\/christian-schramm.at\/Ister1\/?page_id=97"},"modified":"2018-11-25T10:38:18","modified_gmt":"2018-11-25T09:38:18","slug":"piratenball","status":"publish","type":"page","link":"https:\/\/www.ister.at\/Ister1\/?page_id=97","title":{"rendered":"Veranstaltungen"},"content":{"rendered":"<div class=\"love\"><input  id=\"post_97\" type=\"checkbox\" class=\"LoveCheck\"\/>\n                <label for=\"post_97\" class=\"dashicons dashicons-heart LoveLabel\" aria-label=\"like this\"><\/label><span class=\"LoveCount\">0<\/span><\/div><!--\/love--><p>&nbsp;<\/p>\n<p>Von unserem Verein werden verschiedene Veranstaltungen ausgerichtet.\u00a0 Am bekanntesten ist dabei der <a title=\"Piratenball\" href=\"http:\/\/piratenball.at\" target=\"_blank\" rel=\"noopener\">Piratenball<\/a>, der auf eine jahrzehntelange Tradition blicken kann.<\/p>\n<p><a href=\"http:\/\/www.piratenball.at\" target=\"_blank\" rel=\"noopener\"><img loading=\"lazy\" decoding=\"async\" class=\"aligncenter wp-image-7930 size-full\" src=\"https:\/\/www.ister.at\/Ister1\/wp-content\/uploads\/2014\/10\/PIBA.png\" alt=\"PIBA\" width=\"157\" height=\"225\" \/><\/a><\/p>\n<p hidden=\"\">Weiter Veranstaltungen finden im sportlichen Bereich seinen Niederschlag.\u00a0 So wird f\u00fcr die ober\u00f6sterreichischen Rudervereine der Duathlon <a title=\"Run2Erg\" href=\"http:\/\/run2erg.ister.at\" target=\"_blank\" rel=\"noopener\">RUN2ERG<\/a>, eine Kombination aus Laufen und Ergometerrudern, auf unserem Vereinsgel\u00e4nde sowie dem Donaudamm ausgerichtet.<\/p>\n<p style=\"display: none;\"><a href=\"http:\/\/run2erg.ister.at\" target=\"_blank\" rel=\"noopener\"><img loading=\"lazy\" decoding=\"async\" class=\"wp-image-1296 size-medium aligncenter\" src=\"https:\/\/www.ister.at\/Ister1\/wp-content\/uploads\/2014\/02\/run2erg-300x110.jpg\" alt=\"run2erg\" width=\"300\" height=\"110\" srcset=\"https:\/\/www.ister.at\/Ister1\/wp-content\/uploads\/2014\/02\/run2erg-300x110.jpg 300w, https:\/\/www.ister.at\/Ister1\/wp-content\/uploads\/2014\/02\/run2erg.jpg 960w\" sizes=\"auto, (max-width: 300px) 100vw, 300px\" \/><\/a><\/p>\n<p>&nbsp;<\/p>\n<p>Eine <a title=\"Vereinsmeisterschaft\" href=\"https:\/\/www.ister.at\/Ister1\/?page_id=153\">Vereinsmeisterschaft<\/a>, welche in C-Booten ausgetragen wird, findet jeweils zum Saisonende auf unserem Schulgew\u00e4sser, Am Winterhafen, statt.<\/p>\n<p><a title=\"Vereinsmeisterschaft\" href=\"https:\/\/www.ister.at\/Ister1\/?page_id=153\"><img loading=\"lazy\" decoding=\"async\" class=\"wp-image-397 size-medium aligncenter\" src=\"https:\/\/www.ister.at\/Ister1\/wp-content\/uploads\/2013\/12\/VM_ISTER_2013_043-300x200.jpg\" alt=\"VM_ISTER_2013_043\" width=\"300\" height=\"200\" srcset=\"https:\/\/www.ister.at\/Ister1\/wp-content\/uploads\/2013\/12\/VM_ISTER_2013_043-300x200.jpg 300w, https:\/\/www.ister.at\/Ister1\/wp-content\/uploads\/2013\/12\/VM_ISTER_2013_043-1024x682.jpg 1024w\" sizes=\"auto, (max-width: 300px) 100vw, 300px\" \/><\/a><\/p>\n<p>Um einen sportlichen Anreiz f\u00fcr alle Mitglieder zu bringen, findet speziell in der Wintersaison ein <a title=\"Ranglistenrudern\" href=\"https:\/\/www.ister.at\/Ister1\/?page_id=1018\">Ranglistenrudern <\/a>an den Ruderergometern statt.\u00a0 Auf verschiedenen Distanzen oder Zeitvorgaben k\u00f6nnen sich hier ambitionierte Mitglieder messen.<\/p>\n<p><a href=\"http:\/\/rudern-challenge.ister.at\" target=\"_blank\" rel=\"noopener\"><img loading=\"lazy\" decoding=\"async\" class=\"aligncenter size-medium wp-image-11874\" src=\"https:\/\/www.ister.at\/Ister1\/wp-content\/uploads\/2016\/02\/2016_30kFeb_408-300x225.jpg\" alt=\"2016_30kFeb_408\" width=\"300\" height=\"225\" srcset=\"https:\/\/www.ister.at\/Ister1\/wp-content\/uploads\/2016\/02\/2016_30kFeb_408-300x225.jpg 300w, https:\/\/www.ister.at\/Ister1\/wp-content\/uploads\/2016\/02\/2016_30kFeb_408-768x576.jpg 768w, https:\/\/www.ister.at\/Ister1\/wp-content\/uploads\/2016\/02\/2016_30kFeb_408-1024x768.jpg 1024w, https:\/\/www.ister.at\/Ister1\/wp-content\/uploads\/2016\/02\/2016_30kFeb_408-160x120.jpg 160w, https:\/\/www.ister.at\/Ister1\/wp-content\/uploads\/2016\/02\/2016_30kFeb_408.jpg 1200w\" sizes=\"auto, (max-width: 300px) 100vw, 300px\" \/><\/a><\/p>\n<p>Verschiedene <a href=\"http:\/\/ergo-challenge.ister.at\" target=\"_blank\" rel=\"noopener\">ERGO Challenges<\/a> finden \u00fcber die ruderfreien Wintermonate statt. \u00a0Hier k\u00f6nnen Ideen eingebracht werden, welche dann nach M\u00f6glichkeit in einer Challenge f\u00fcr alle Mitglieder und Freunde des Ruderns umgesetzt werden.<\/p>\n<p>&nbsp;<\/p>\n<div class=\"love\"><input  id=\"post_97\" type=\"checkbox\" class=\"LoveCheck\"\/>\n                <label for=\"post_97\" class=\"dashicons dashicons-heart LoveLabel\" aria-label=\"like this\"><\/label><span class=\"LoveCount\">0<\/span><\/div><!--\/love-->","protected":false},"excerpt":{"rendered":"<p>0&nbsp; Von unserem Verein werden verschiedene Veranstaltungen ausgerichtet.\u00a0 Am bekanntesten ist dabei der Piratenball, der auf eine jahrzehntelange Tradition blicken kann. Weiter Veranstaltungen finden im sportlichen Bereich seinen Niederschlag.\u00a0 So wird f\u00fcr die ober\u00f6sterreichischen Rudervereine[&#8230;]<\/p>\n","protected":false},"author":1,"featured_media":0,"parent":0,"menu_order":0,"comment_status":"closed","ping_status":"closed","template":"","meta":{"_monsterinsights_skip_tracking":false,"_monsterinsights_sitenote_active":false,"_monsterinsights_sitenote_note":"","_monsterinsights_sitenote_category":0,"footnotes":""},"class_list":["post-97","page","type-page","status-publish","hentry"],"_links":{"self":[{"href":"https:\/\/www.ister.at\/Ister1\/index.php?rest_route=\/wp\/v2\/pages\/97","targetHints":{"allow":["GET"]}}],"collection":[{"href":"https:\/\/www.ister.at\/Ister1\/index.php?rest_route=\/wp\/v2\/pages"}],"about":[{"href":"https:\/\/www.ister.at\/Ister1\/index.php?rest_route=\/wp\/v2\/types\/page"}],"author":[{"embeddable":true,"href":"https:\/\/www.ister.at\/Ister1\/index.php?rest_route=\/wp\/v2\/users\/1"}],"replies":[{"embeddable":true,"href":"https:\/\/www.ister.at\/Ister1\/index.php?rest_route=%2Fwp%2Fv2%2Fcomments&post=97"}],"version-history":[{"count":26,"href":"https:\/\/www.ister.at\/Ister1\/index.php?rest_route=\/wp\/v2\/pages\/97\/revisions"}],"predecessor-version":[{"id":16020,"href":"https:\/\/www.ister.at\/Ister1\/index.php?rest_route=\/wp\/v2\/pages\/97\/revisions\/16020"}],"wp:attachment":[{"href":"https:\/\/www.ister.at\/Ister1\/index.php?rest_route=%2Fwp%2Fv2%2Fmedia&parent=97"}],"curies":[{"name":"wp","href":"https:\/\/api.w.org\/{rel}","templated":true}]}}