{"id":9355,"date":"2015-03-16T15:32:25","date_gmt":"2015-03-16T14:32:25","guid":{"rendered":"http:\/\/www.ister.at\/?page_id=9355"},"modified":"2022-05-11T13:29:40","modified_gmt":"2022-05-11T11:29:40","slug":"videoarchiv","status":"publish","type":"page","link":"https:\/\/www.ister.at\/Ister1\/?page_id=9355","title":{"rendered":"Videoarchiv"},"content":{"rendered":"<div class=\"love\"><input  id=\"post_9355\" type=\"checkbox\" class=\"LoveCheck\"\/>\n                <label for=\"post_9355\" class=\"dashicons dashicons-heart LoveLabel\" aria-label=\"like this\"><\/label><span class=\"LoveCount\">0<\/span><\/div><!--\/love--><p>Hier findest du ein Archiv an Videos mit verschiedensten Inhalten, erstellt durch unsere Mitglieder!<\/p>\n<h3>Rennsportjahr 2021 (by CS)<\/h3>\n<div style=\"width: 840px;\" class=\"wp-video\"><video class=\"wp-video-shortcode\" id=\"video-9355-1\" width=\"840\" height=\"473\" preload=\"metadata\" controls=\"controls\"><source type=\"video\/mp4\" src=\"https:\/\/www.ister.at\/Ister1\/wp-content\/uploads\/2022\/05\/Ister_2021_01.mp4?_=1\" \/><a href=\"https:\/\/www.ister.at\/Ister1\/wp-content\/uploads\/2022\/05\/Ister_2021_01.mp4\">https:\/\/www.ister.at\/Ister1\/wp-content\/uploads\/2022\/05\/Ister_2021_01.mp4<\/a><\/video><\/div>\n<div style=\"position: relative; width: 640px;\"><\/div>\n<h3>Rennsportjahr 2020 (by CS)<\/h3>\n<div style=\"width: 840px;\" class=\"wp-video\"><video class=\"wp-video-shortcode\" id=\"video-9355-2\" width=\"840\" height=\"473\" preload=\"metadata\" controls=\"controls\"><source type=\"video\/mp4\" src=\"https:\/\/www.ister.at\/Ister1\/wp-content\/uploads\/2021\/03\/ister_2020_1280x720.mp4?_=2\" \/><a href=\"https:\/\/www.ister.at\/Ister1\/wp-content\/uploads\/2021\/03\/ister_2020_1280x720.mp4\">https:\/\/www.ister.at\/Ister1\/wp-content\/uploads\/2021\/03\/ister_2020_1280x720.mp4<\/a><\/video><\/div>\n<div style=\"position: relative; width: 640px;\"><\/div>\n<h3>Rennsportjahr 2019 (by CS)<\/h3>\n<div style=\"width: 840px;\" class=\"wp-video\"><video class=\"wp-video-shortcode\" id=\"video-9355-3\" width=\"840\" height=\"473\" preload=\"metadata\" controls=\"controls\"><source type=\"video\/mp4\" src=\"https:\/\/www.ister.at\/Ister1\/wp-content\/uploads\/2020\/05\/Ister_2019_video.mp4?_=3\" \/><a href=\"https:\/\/www.ister.at\/Ister1\/wp-content\/uploads\/2020\/05\/Ister_2019_video.mp4\">https:\/\/www.ister.at\/Ister1\/wp-content\/uploads\/2020\/05\/Ister_2019_video.mp4<\/a><\/video><\/div>\n<div style=\"position: relative; width: 640px;\"><\/div>\n<h3>Rennsportjahr 2018 (by CS)<\/h3>\n<div style=\"width: 840px;\" class=\"wp-video\"><video class=\"wp-video-shortcode\" id=\"video-9355-4\" width=\"840\" height=\"473\" preload=\"metadata\" controls=\"controls\"><source type=\"video\/mp4\" src=\"https:\/\/www.ister.at\/Ister1\/wp-content\/uploads\/2020\/05\/Ister_2018_001.mp4?_=4\" \/><a href=\"https:\/\/www.ister.at\/Ister1\/wp-content\/uploads\/2020\/05\/Ister_2018_001.mp4\">https:\/\/www.ister.at\/Ister1\/wp-content\/uploads\/2020\/05\/Ister_2018_001.mp4<\/a><\/video><\/div>\n<div style=\"position: relative; width: 640px;\"><\/div>\n<h3>Rudern &#8211; Come Join Us (by Gabriel Stekl)<\/h3>\n<div style=\"width: 840px;\" class=\"wp-video\"><video class=\"wp-video-shortcode\" id=\"video-9355-5\" width=\"840\" height=\"473\" preload=\"metadata\" controls=\"controls\"><source type=\"video\/mp4\" src=\"https:\/\/www.ister.at\/Ister1\/wp-content\/uploads\/2020\/05\/Ister-recruiting-video-G.-Stekl.mp4?_=5\" \/><a href=\"https:\/\/www.ister.at\/Ister1\/wp-content\/uploads\/2020\/05\/Ister-recruiting-video-G.-Stekl.mp4\">https:\/\/www.ister.at\/Ister1\/wp-content\/uploads\/2020\/05\/Ister-recruiting-video-G.-Stekl.mp4<\/a><\/video><\/div>\n<div style=\"position: relative; width: 640px;\"><\/div>\n<h3>Rennsportjahr 2017 (by CS)<\/h3>\n<div style=\"width: 480px;\" class=\"wp-video\"><video class=\"wp-video-shortcode\" id=\"video-9355-6\" width=\"480\" height=\"360\" preload=\"metadata\" controls=\"controls\"><source type=\"video\/mp4\" src=\"https:\/\/www.ister.at\/Ister1\/wp-content\/uploads\/2020\/05\/Ister_2017_001.mp4?_=6\" \/><a href=\"https:\/\/www.ister.at\/Ister1\/wp-content\/uploads\/2020\/05\/Ister_2017_001.mp4\">https:\/\/www.ister.at\/Ister1\/wp-content\/uploads\/2020\/05\/Ister_2017_001.mp4<\/a><\/video><\/div>\n<div style=\"position: relative; width: 640px;\"><\/div>\n<h3>Head of Prague 2017<\/h3>\n<div style=\"width: 480px;\" class=\"wp-video\"><video class=\"wp-video-shortcode\" id=\"video-9355-7\" width=\"480\" height=\"360\" preload=\"metadata\" controls=\"controls\"><source type=\"video\/mp4\" src=\"https:\/\/www.ister.at\/Ister1\/wp-content\/uploads\/2020\/05\/Head-of-Prague-2017_001.mp4?_=7\" \/><a href=\"https:\/\/www.ister.at\/Ister1\/wp-content\/uploads\/2020\/05\/Head-of-Prague-2017_001.mp4\">https:\/\/www.ister.at\/Ister1\/wp-content\/uploads\/2020\/05\/Head-of-Prague-2017_001.mp4<\/a><\/video><\/div>\n<div style=\"position: relative; width: 640px;\"><\/div>\n<h3>Rennsportjahr 2016 (by CS)<\/h3>\n<div style=\"width: 480px;\" class=\"wp-video\"><video class=\"wp-video-shortcode\" id=\"video-9355-8\" width=\"480\" height=\"360\" preload=\"metadata\" controls=\"controls\"><source type=\"video\/mp4\" src=\"https:\/\/www.ister.at\/Ister1\/wp-content\/uploads\/2020\/05\/Ister_2016_001.mp4?_=8\" \/><a href=\"https:\/\/www.ister.at\/Ister1\/wp-content\/uploads\/2020\/05\/Ister_2016_001.mp4\">https:\/\/www.ister.at\/Ister1\/wp-content\/uploads\/2020\/05\/Ister_2016_001.mp4<\/a><\/video><\/div>\n<div style=\"position: relative; width: 640px;\"><\/div>\n<h3>Los Angeles &#8211; Bootsprojekt 3RS (by CS)<\/h3>\n<div style=\"width: 480px;\" class=\"wp-video\"><video class=\"wp-video-shortcode\" id=\"video-9355-9\" width=\"480\" height=\"360\" preload=\"metadata\" controls=\"controls\"><source type=\"video\/mp4\" src=\"https:\/\/www.ister.at\/Ister1\/wp-content\/uploads\/2020\/05\/LA-refurbish_001.mp4?_=9\" \/><a href=\"https:\/\/www.ister.at\/Ister1\/wp-content\/uploads\/2020\/05\/LA-refurbish_001.mp4\">https:\/\/www.ister.at\/Ister1\/wp-content\/uploads\/2020\/05\/LA-refurbish_001.mp4<\/a><\/video><\/div>\n<div style=\"position: relative; width: 640px;\"><\/div>\n<h3>Ruder Championsleague Berlin<\/h3>\n<div style=\"width: 840px;\" class=\"wp-video\"><video class=\"wp-video-shortcode\" id=\"video-9355-10\" width=\"840\" height=\"473\" preload=\"metadata\" controls=\"controls\"><source type=\"video\/mp4\" src=\"https:\/\/www.ister.at\/Ister1\/wp-content\/uploads\/2020\/05\/Rowing-Championsleague_002.mp4?_=10\" \/><a href=\"https:\/\/www.ister.at\/Ister1\/wp-content\/uploads\/2020\/05\/Rowing-Championsleague_002.mp4\">https:\/\/www.ister.at\/Ister1\/wp-content\/uploads\/2020\/05\/Rowing-Championsleague_002.mp4<\/a><\/video><\/div>\n<div style=\"position: relative; width: 640px;\"><\/div>\n<h3>Rennsportjahr 2015 (by CS)<\/h3>\n<div style=\"width: 840px;\" class=\"wp-video\"><video class=\"wp-video-shortcode\" id=\"video-9355-11\" width=\"840\" height=\"473\" preload=\"metadata\" controls=\"controls\"><source type=\"video\/mp4\" src=\"https:\/\/www.ister.at\/Ister1\/wp-content\/uploads\/2020\/05\/ister_2015.mp4?_=11\" \/><a href=\"https:\/\/www.ister.at\/Ister1\/wp-content\/uploads\/2020\/05\/ister_2015.mp4\">https:\/\/www.ister.at\/Ister1\/wp-content\/uploads\/2020\/05\/ister_2015.mp4<\/a><\/video><\/div>\n<div style=\"position: relative; width: 640px;\"><\/div>\n<h3>Making of Piratenball 2015 (by Lisa Appolonio)<\/h3>\n<div style=\"width: 840px;\" class=\"wp-video\"><video class=\"wp-video-shortcode\" id=\"video-9355-12\" width=\"840\" height=\"475\" preload=\"metadata\" controls=\"controls\"><source type=\"video\/mp4\" src=\"https:\/\/www.ister.at\/Ister1\/wp-content\/uploads\/2020\/05\/Piball_HighQuality.mp4?_=12\" \/><a href=\"https:\/\/www.ister.at\/Ister1\/wp-content\/uploads\/2020\/05\/Piball_HighQuality.mp4\">https:\/\/www.ister.at\/Ister1\/wp-content\/uploads\/2020\/05\/Piball_HighQuality.mp4<\/a><\/video><\/div>\n<div style=\"position: relative; width: 640px;\"><\/div>\n<h3>Eine kleine Schau auf das Rennsportjahr 2014 (by CS)<\/h3>\n<div style=\"width: 480px;\" class=\"wp-video\"><video class=\"wp-video-shortcode\" id=\"video-9355-13\" width=\"480\" height=\"360\" preload=\"metadata\" controls=\"controls\"><source type=\"video\/mp4\" src=\"https:\/\/www.ister.at\/Ister1\/wp-content\/uploads\/2020\/05\/ister_20141227.mp4?_=13\" \/><a href=\"https:\/\/www.ister.at\/Ister1\/wp-content\/uploads\/2020\/05\/ister_20141227.mp4\">https:\/\/www.ister.at\/Ister1\/wp-content\/uploads\/2020\/05\/ister_20141227.mp4<\/a><\/video><\/div>\n<div style=\"position: relative; width: 640px;\"><\/div>\n<h3>Trainingslager Gy\u00f6r\/Ungarn 2014 (by D\u00e1niel M\u00e1t\u00e9)<\/h3>\n<div style=\"width: 840px;\" class=\"wp-video\"><video class=\"wp-video-shortcode\" id=\"video-9355-14\" width=\"840\" height=\"475\" preload=\"metadata\" controls=\"controls\"><source type=\"video\/mp4\" src=\"https:\/\/www.ister.at\/Ister1\/wp-content\/uploads\/2020\/05\/Gyoer_2014.mp4?_=14\" \/><a href=\"https:\/\/www.ister.at\/Ister1\/wp-content\/uploads\/2020\/05\/Gyoer_2014.mp4\">https:\/\/www.ister.at\/Ister1\/wp-content\/uploads\/2020\/05\/Gyoer_2014.mp4<\/a><\/video><\/div>\n<div style=\"position: relative; width: 640px;\"><\/div>\n<div class=\"love\"><input  id=\"post_9355\" type=\"checkbox\" class=\"LoveCheck\"\/>\n                <label for=\"post_9355\" class=\"dashicons dashicons-heart LoveLabel\" aria-label=\"like this\"><\/label><span class=\"LoveCount\">0<\/span><\/div><!--\/love-->","protected":false},"excerpt":{"rendered":"<p>0Hier findest du ein Archiv an Videos mit verschiedensten Inhalten, erstellt durch unsere Mitglieder! Rennsportjahr 2021 (by CS) Rennsportjahr 2020 (by CS) Rennsportjahr 2019 (by CS) Rennsportjahr 2018 (by CS) Rudern &#8211; Come Join Us[&#8230;]<\/p>\n","protected":false},"author":1,"featured_media":0,"parent":0,"menu_order":0,"comment_status":"open","ping_status":"open","template":"","meta":{"_monsterinsights_skip_tracking":false,"_monsterinsights_sitenote_active":false,"_monsterinsights_sitenote_note":"","_monsterinsights_sitenote_category":0,"footnotes":""},"class_list":["post-9355","page","type-page","status-publish","hentry"],"_links":{"self":[{"href":"https:\/\/www.ister.at\/Ister1\/index.php?rest_route=\/wp\/v2\/pages\/9355","targetHints":{"allow":["GET"]}}],"collection":[{"href":"https:\/\/www.ister.at\/Ister1\/index.php?rest_route=\/wp\/v2\/pages"}],"about":[{"href":"https:\/\/www.ister.at\/Ister1\/index.php?rest_route=\/wp\/v2\/types\/page"}],"author":[{"embeddable":true,"href":"https:\/\/www.ister.at\/Ister1\/index.php?rest_route=\/wp\/v2\/users\/1"}],"replies":[{"embeddable":true,"href":"https:\/\/www.ister.at\/Ister1\/index.php?rest_route=%2Fwp%2Fv2%2Fcomments&post=9355"}],"version-history":[{"count":42,"href":"https:\/\/www.ister.at\/Ister1\/index.php?rest_route=\/wp\/v2\/pages\/9355\/revisions"}],"predecessor-version":[{"id":20013,"href":"https:\/\/www.ister.at\/Ister1\/index.php?rest_route=\/wp\/v2\/pages\/9355\/revisions\/20013"}],"wp:attachment":[{"href":"https:\/\/www.ister.at\/Ister1\/index.php?rest_route=%2Fwp%2Fv2%2Fmedia&parent=9355"}],"curies":[{"name":"wp","href":"https:\/\/api.w.org\/{rel}","templated":true}]}}