{"id":847,"date":"2014-01-12T19:20:12","date_gmt":"2014-01-12T18:20:12","guid":{"rendered":"http:\/\/www.christian-schramm.at\/Ister1\/?page_id=847"},"modified":"2023-08-29T12:28:06","modified_gmt":"2023-08-29T10:28:06","slug":"pegel-3","status":"publish","type":"page","link":"https:\/\/www.ister.at\/Ister1\/?page_id=847","title":{"rendered":"Pegelstand Donau (Wasserstand)"},"content":{"rendered":"<div class=\"love\"><input  id=\"post_847\" type=\"checkbox\" class=\"LoveCheck\"\/>\n                <label for=\"post_847\" class=\"dashicons dashicons-heart LoveLabel\" aria-label=\"like this\"><\/label><span class=\"LoveCount\">40<\/span><\/div><!--\/love--><p><img decoding=\"async\" src=\"http:\/\/hydro.ooe.gv.at\/daten\/internet\/stations\/OG\/207068\/S\/extralarge_ltv_week.png\" \/><\/p>\n<p>Quelle: hydrographischer Dienst O\u00d6.<\/p>\n<p><!--\n\n\n<h4>Bedeutung der Pegelst\u00e4nde f\u00fcr das Rudern:<\/h4>\n\n\nH\u00f6here Pegelst\u00e4nde bedeuten: Schnellere Str\u00f6mung, evtl. mitgerissene \u00c4ste\/Treibgut, Wellenbildung.\u00a0Ab ca. <strong>420cm<\/strong> ist ein Rudern in der Donau bei Linz <strong>nicht<\/strong> mehr empfehlenswert.\n\nNiedrige Pegelst\u00e4nde bieten geringe Str\u00f6mung, ruhiges, wellenarmes Wasser. Doch Achtung beim Steuern: Sandb\u00e4nke oder Steine im Uferbereich ragen\u00a0nun weiter hinaus.\n--><\/p>\n<h4>Links:<\/h4>\n<ul>\n<li><a href=\"https:\/\/hydro.ooe.gv.at\/#\/overview\/Wasserstand\/station\/16668\/Linz\/Wasserstand\" target=\"_blank\" rel=\"noopener noreferrer\">Hydrographischer Dienst O\u00d6, Messstelle Linz<\/a><\/li>\n<li><a href=\"https:\/\/hydro.ooe.gv.at\/#\/overview\/Wasserstand\/station\/16671\/Wilhering\/Wasserstand\" target=\"_blank\" rel=\"noopener noreferrer\">Hydrographischer Dienst O\u00d6, Messstelle Wilhering<\/a><\/li>\n<\/ul>\n<div class=\"love\"><input  id=\"post_847\" type=\"checkbox\" class=\"LoveCheck\"\/>\n                <label for=\"post_847\" class=\"dashicons dashicons-heart LoveLabel\" aria-label=\"like this\"><\/label><span class=\"LoveCount\">40<\/span><\/div><!--\/love-->","protected":false},"excerpt":{"rendered":"<p>40 Quelle: hydrographischer Dienst O\u00d6. Links: Hydrographischer Dienst O\u00d6, Messstelle Linz Hydrographischer Dienst O\u00d6, Messstelle Wilhering 40<\/p>\n","protected":false},"author":2,"featured_media":0,"parent":0,"menu_order":0,"comment_status":"open","ping_status":"open","template":"","meta":{"_monsterinsights_skip_tracking":false,"_monsterinsights_sitenote_active":false,"_monsterinsights_sitenote_note":"","_monsterinsights_sitenote_category":0,"footnotes":""},"class_list":["post-847","page","type-page","status-publish","hentry"],"_links":{"self":[{"href":"https:\/\/www.ister.at\/Ister1\/index.php?rest_route=\/wp\/v2\/pages\/847","targetHints":{"allow":["GET"]}}],"collection":[{"href":"https:\/\/www.ister.at\/Ister1\/index.php?rest_route=\/wp\/v2\/pages"}],"about":[{"href":"https:\/\/www.ister.at\/Ister1\/index.php?rest_route=\/wp\/v2\/types\/page"}],"author":[{"embeddable":true,"href":"https:\/\/www.ister.at\/Ister1\/index.php?rest_route=\/wp\/v2\/users\/2"}],"replies":[{"embeddable":true,"href":"https:\/\/www.ister.at\/Ister1\/index.php?rest_route=%2Fwp%2Fv2%2Fcomments&post=847"}],"version-history":[{"count":12,"href":"https:\/\/www.ister.at\/Ister1\/index.php?rest_route=\/wp\/v2\/pages\/847\/revisions"}],"predecessor-version":[{"id":20644,"href":"https:\/\/www.ister.at\/Ister1\/index.php?rest_route=\/wp\/v2\/pages\/847\/revisions\/20644"}],"wp:attachment":[{"href":"https:\/\/www.ister.at\/Ister1\/index.php?rest_route=%2Fwp%2Fv2%2Fmedia&parent=847"}],"curies":[{"name":"wp","href":"https:\/\/api.w.org\/{rel}","templated":true}]}}