{"id":594,"date":"2013-12-23T19:57:13","date_gmt":"2013-12-23T18:57:13","guid":{"rendered":"http:\/\/www.christian-schramm.at\/Ister1\/?page_id=594"},"modified":"2017-03-16T18:23:02","modified_gmt":"2017-03-16T17:23:02","slug":"wasserstrassen","status":"publish","type":"page","link":"https:\/\/www.ister.at\/Ister1\/?page_id=594","title":{"rendered":"Wasserstra\u00dfen"},"content":{"rendered":"<div class=\"love\"><input  id=\"post_594\" type=\"checkbox\" class=\"LoveCheck\"\/>\n                <label for=\"post_594\" class=\"dashicons dashicons-heart LoveLabel\" aria-label=\"like this\"><\/label><span class=\"LoveCount\">0<\/span><\/div><!--\/love--><p><strong>Bezeichnung von Wasserstra\u00dfen<\/strong><\/p>\n<p>Nicht vollst\u00e4ndig! Die Auflistung beinhaltet nur f\u00fcr Ruderer bedeutende Zeichen.<\/p>\n<pre><a href=\"https:\/\/www.ister.at\/Ister1\/wp-content\/uploads\/2013\/12\/bez_Wasserstrasse.pdf\" target=\"_blank\">Gesetzliche Grundlagen:<\/a><\/pre>\n<table border=\"1\" cellspacing=\"0\" cellpadding=\"0\">\n<tbody>\n<tr>\n<td valign=\"top\" width=\"101\"><a href=\"http:\/\/www.Ister.at\/Ister1\/wp-content\/uploads\/2013\/12\/tonne_links.jpg\" rel=\"lightbox[594]\"><img loading=\"lazy\" decoding=\"async\" class=\"alignnone size-full wp-image-578\" src=\"http:\/\/www.Ister.at\/Ister1\/wp-content\/uploads\/2013\/12\/tonne_links.jpg\" alt=\"tonne_links\" width=\"94\" height=\"79\" \/><\/a>\u00a0<a href=\"http:\/\/www.Ister.at\/Ister1\/wp-content\/uploads\/2013\/12\/tonne-rechts.jpg\" target=\"_blank\" rel=\"lightbox[594]\"><img loading=\"lazy\" decoding=\"async\" class=\"alignnone wp-image-577 size-full\" src=\"http:\/\/www.Ister.at\/Ister1\/wp-content\/uploads\/2013\/12\/tonne-rechts.jpg\" alt=\"tonne rechts\" width=\"95\" height=\"70\" \/><\/a>\u00a0<a href=\"http:\/\/www.Ister.at\/Ister1\/wp-content\/uploads\/2013\/12\/schwimmer.jpg\" rel=\"lightbox[594]\"><img loading=\"lazy\" decoding=\"async\" class=\"alignnone size-full wp-image-576\" src=\"http:\/\/www.Ister.at\/Ister1\/wp-content\/uploads\/2013\/12\/schwimmer.jpg\" alt=\"schwimmer\" width=\"90\" height=\"82\" \/><\/a><\/td>\n<td valign=\"top\" width=\"180\">Schwimmer, Tonnen, Spieren<\/td>\n<td valign=\"top\" width=\"333\">Gr\u00fcn f\u00fcr rechts<\/p>\n<p>&nbsp;<\/p>\n<p>Rot f\u00fcr links<\/p>\n<p>&nbsp;<\/p>\n<p>Rot-Gr\u00fcn gestreift (waagrecht) f\u00fcr beide Seiten<\/td>\n<\/tr>\n<tr>\n<td valign=\"top\" width=\"101\"><a href=\"http:\/\/www.Ister.at\/Ister1\/wp-content\/uploads\/2013\/12\/gefahr_rechtes_ufer.jpg\" rel=\"lightbox[594]\"><img loading=\"lazy\" decoding=\"async\" class=\"alignnone size-full wp-image-575\" src=\"http:\/\/www.Ister.at\/Ister1\/wp-content\/uploads\/2013\/12\/gefahr_rechtes_ufer.jpg\" alt=\"gefahr_rechtes_ufer\" width=\"102\" height=\"116\" \/><\/a><a href=\"http:\/\/www.Ister.at\/Ister1\/wp-content\/uploads\/2013\/12\/gefahr_linkes_ufer.jpg\" rel=\"lightbox[594]\"><img loading=\"lazy\" decoding=\"async\" class=\"alignnone size-full wp-image-574\" src=\"http:\/\/www.Ister.at\/Ister1\/wp-content\/uploads\/2013\/12\/gefahr_linkes_ufer.jpg\" alt=\"gefahr_linkes_ufer\" width=\"117\" height=\"125\" \/><\/a><\/td>\n<td valign=\"top\" width=\"180\">Gefahrenzeichen in Ufern\u00e4he:<\/td>\n<td valign=\"top\" width=\"333\">Wei\u00dfe Dreiecke mit rotem Rand (auf der Spitze stehend) f\u00fcr das rechte Ufer<\/p>\n<p>mit gr\u00fcnem Rand (Spitze oben) f\u00fcr das linke Ufer<\/td>\n<\/tr>\n<tr>\n<td valign=\"top\" width=\"101\"><a href=\"http:\/\/www.Ister.at\/Ister1\/wp-content\/uploads\/2013\/12\/vorbeifahrt.jpg\" rel=\"lightbox[594]\"><img loading=\"lazy\" decoding=\"async\" class=\"alignnone size-full wp-image-573\" src=\"http:\/\/www.Ister.at\/Ister1\/wp-content\/uploads\/2013\/12\/vorbeifahrt.jpg\" alt=\"vorbeifahrt\" width=\"119\" height=\"170\" \/><\/a><\/td>\n<td valign=\"top\" width=\"180\">Gefahrenzeichen, bei dem die Vorbeifahrt an beiden Seiten m\u00f6glich ist:<\/td>\n<td valign=\"top\" width=\"333\">Zwei wei\u00dfe Dreiecke mit Spitze zueinander<\/p>\n<p>(oben roter, unten gr\u00fcner Rand)<\/td>\n<\/tr>\n<\/tbody>\n<\/table>\n<p>&nbsp;<\/p>\n<div class=\"love\"><input  id=\"post_594\" type=\"checkbox\" class=\"LoveCheck\"\/>\n                <label for=\"post_594\" class=\"dashicons dashicons-heart LoveLabel\" aria-label=\"like this\"><\/label><span class=\"LoveCount\">0<\/span><\/div><!--\/love-->","protected":false},"excerpt":{"rendered":"<p>0Bezeichnung von Wasserstra\u00dfen Nicht vollst\u00e4ndig! Die Auflistung beinhaltet nur f\u00fcr Ruderer bedeutende Zeichen. Gesetzliche Grundlagen: \u00a0\u00a0 Schwimmer, Tonnen, Spieren Gr\u00fcn f\u00fcr rechts &nbsp; Rot f\u00fcr links &nbsp; Rot-Gr\u00fcn gestreift (waagrecht) f\u00fcr beide Seiten Gefahrenzeichen in[&#8230;]<\/p>\n","protected":false},"author":2,"featured_media":0,"parent":596,"menu_order":0,"comment_status":"closed","ping_status":"closed","template":"","meta":{"_monsterinsights_skip_tracking":false,"_monsterinsights_sitenote_active":false,"_monsterinsights_sitenote_note":"","_monsterinsights_sitenote_category":0,"footnotes":""},"class_list":["post-594","page","type-page","status-publish","hentry"],"_links":{"self":[{"href":"https:\/\/www.ister.at\/Ister1\/index.php?rest_route=\/wp\/v2\/pages\/594","targetHints":{"allow":["GET"]}}],"collection":[{"href":"https:\/\/www.ister.at\/Ister1\/index.php?rest_route=\/wp\/v2\/pages"}],"about":[{"href":"https:\/\/www.ister.at\/Ister1\/index.php?rest_route=\/wp\/v2\/types\/page"}],"author":[{"embeddable":true,"href":"https:\/\/www.ister.at\/Ister1\/index.php?rest_route=\/wp\/v2\/users\/2"}],"replies":[{"embeddable":true,"href":"https:\/\/www.ister.at\/Ister1\/index.php?rest_route=%2Fwp%2Fv2%2Fcomments&post=594"}],"version-history":[{"count":8,"href":"https:\/\/www.ister.at\/Ister1\/index.php?rest_route=\/wp\/v2\/pages\/594\/revisions"}],"predecessor-version":[{"id":13802,"href":"https:\/\/www.ister.at\/Ister1\/index.php?rest_route=\/wp\/v2\/pages\/594\/revisions\/13802"}],"up":[{"embeddable":true,"href":"https:\/\/www.ister.at\/Ister1\/index.php?rest_route=\/wp\/v2\/pages\/596"}],"wp:attachment":[{"href":"https:\/\/www.ister.at\/Ister1\/index.php?rest_route=%2Fwp%2Fv2%2Fmedia&parent=594"}],"curies":[{"name":"wp","href":"https:\/\/api.w.org\/{rel}","templated":true}]}}