{"id":501,"date":"2013-12-22T15:16:23","date_gmt":"2013-12-22T14:16:23","guid":{"rendered":"http:\/\/www.christian-schramm.at\/Ister1\/?page_id=501"},"modified":"2026-02-24T16:43:08","modified_gmt":"2026-02-24T15:43:08","slug":"mitgliedschaft-2","status":"publish","type":"page","link":"https:\/\/www.ister.at\/Ister1\/?page_id=501","title":{"rendered":"Mitglied werden"},"content":{"rendered":"<div class=\"love\"><input  id=\"post_501\" type=\"checkbox\" class=\"LoveCheck\"\/>\n                <label for=\"post_501\" class=\"dashicons dashicons-heart LoveLabel\" aria-label=\"like this\"><\/label><span class=\"LoveCount\">1<\/span><\/div><!--\/love--><p><strong>Vision<br \/>\n<\/strong>Unsere Vision ist es, die f\u00fchrende Rudergemeinschaft in Linz zu sein \u2013 leidenschaftlich, sicher und vereint durch Freude an der Bewegung und Teamgeist. Wir setzen uns daf\u00fcr ein, den Rudersport in all seinen Facetten auf h\u00f6chstem Niveau zu f\u00f6rdern \u2013 von Freizeit- und Jugendsport bis hin zur Spitzenleistung im Rennrudersport.<\/p>\n<p><strong>Wie kann ich das Rudern lernen?<\/strong> Ganz einfach! In unseren Anf\u00e4ngerkursen (April-Juni) kannst du die Grundlagen lernen &#8211; ganz ohne Vorkenntnisse. Jeder kann sofort loslegen! F\u00fcr weitere Details siehe <a href=\"https:\/\/www.ister.at\/Ister1\/?page_id=829\">hier<\/a>.<\/p>\n<p><span style=\"text-decoration: underline;\"><strong>Was k\u00f6nnen wir bieten:<\/strong><\/span><\/p>\n<ul>\n<li><strong>Fachm\u00e4nnische Betreuung: <\/strong>\u00a0Im <a href=\"https:\/\/www.ister.at\/Ister1\/?page_id=10\">Rennsport-<\/a>\u00a0und <a style=\"font-family: var(--text-font); font-size: 1.0625rem;\" href=\"https:\/\/www.ister.at\/Ister1\/?page_id=12093\">Freizeitbereich<\/a>.<\/li>\n<li><strong>Ruderschule<\/strong>: Vom Lehr- zum Rennboot.<\/li>\n<li><strong>Bootspark:<\/strong> Touren-, Trainings- und Rennboote aller Klassen.<\/li>\n<li><strong><a href=\"https:\/\/www.ister.at\/Ister1\/?page_id=141\">Trainingsr\u00e4ume<\/a>:\u00a0<\/strong>Fitness-, Ruderergometer- und Gymnastikraum, mit flexiblen Trainingszeiten.<\/li>\n<li><strong>Trainingslager, Langlaufcamp:<\/strong> Gem\u00e4\u00df Kaderzugeh\u00f6rigkeit teilfinanziert.<\/li>\n<li><strong><a href=\"https:\/\/www.ister.at\/Ister1\/?page_id=138\">Ruderregatten<\/a>:<\/strong> Nenngeb\u00fchren, Transport, Quartier.<\/li>\n<li><strong>Tourenrudern:<\/strong> Gef\u00fchrte ein oder mehrt\u00e4gige Ausfahrten.<\/li>\n<li><strong><a href=\"https:\/\/www.ister.at\/Ister1\/?page_id=112\">Vereinsbekleidung<\/a>: <\/strong>Modern und teilfinanziert gem\u00e4\u00df Kaderzugeh\u00f6rigkeit.<\/li>\n<li><strong>Wellness<\/strong>: Sauna inkl. Relaxbereich \u00a0zur Einzel- oder Gruppenbenutzung.<\/li>\n<li><strong>Attraktives Vereinsumfeld:<\/strong> Im Herzen des Donauparks und neben dem Donaustrand.<\/li>\n<li><strong>Clubraum &amp; Terrasse<\/strong>: Gem\u00fctliche After-Training-Treffen, sowie Clubabend jeden Donnerstag.<\/li>\n<li>Die M\u00f6glichkeit als Crew beim legend\u00e4ren <a href=\"http:\/\/www.piratenball.at\/\"><strong>PiratenBall<\/strong><\/a> mitmachen zu d\u00fcrfen!<\/li>\n<li><strong>Nette und freundliche Atmosph\u00e4re, Teamgeist, Respekt, Spa\u00df am Sport, neue Freundschaften!<\/strong><\/li>\n<\/ul>\n<p>Mit deinem finanziellen Beitrag leistest du einen erheblichen Anteil zur Sicherung des Vereinslebens. Du unterst\u00fctzt uns insbesondere bei der Nachwuchsf\u00f6rderung und Jungendarbeit, die auf h\u00f6chstem Niveau den Kindern und Jugendlichen eine sinnvolle Freizeitbesch\u00e4ftigung n\u00e4her bringen sollen! Danke!<\/p>\n<p><strong>Mitgliedsbeitr\u00e4ge<\/strong><br \/>\nSch\u00fcler\/Jugendliche: 160 \u20ac<br \/>\nStudenten\/Lehrlinge: 215 \u20ac<br \/>\nVollmitglieder ab dem 19. Lj.: 400 \u20ac<br \/>\nAnschlussmitglieder (Familienmitglieder): 300 \u20ac<br \/>\nUnterst\u00fctzende Mitglieder: 60 \u20ac<br \/>\nBootseinstellgeb\u00fchr: 70 \u20ac<\/p>\n<p>Spind: 10 (klein) &amp; 15 (gro\u00df) \u20ac\/Jahr<\/p>\n<p><a href=\"https:\/\/www.ister.at\/Ister1\/wp-content\/uploads\/2026\/02\/Aufnahmeansuchenformular-Ister.pdf\" target=\"_blank\" rel=\"noopener noreferrer\">Formular f\u00fcr die Aufnahme<\/a><br \/>\n<a href=\"https:\/\/www.ister.at\/Ister1\/wp-content\/uploads\/2025\/02\/Satzung-LRV-Ister-2025.pdf\">Satzung<\/a><br \/>\n<a href=\"https:\/\/www.ister.at\/Ister1\/wp-content\/uploads\/2024\/11\/Fahrordnung-LRV-Ister-Nov-2024.pdf\">Fahrordnung<\/a><\/p>\n<div class=\"love\"><input  id=\"post_501\" type=\"checkbox\" class=\"LoveCheck\"\/>\n                <label for=\"post_501\" class=\"dashicons dashicons-heart LoveLabel\" aria-label=\"like this\"><\/label><span class=\"LoveCount\">1<\/span><\/div><!--\/love-->","protected":false},"excerpt":{"rendered":"<p>1Vision Unsere Vision ist es, die f\u00fchrende Rudergemeinschaft in Linz zu sein \u2013 leidenschaftlich, sicher und vereint durch Freude an der Bewegung und Teamgeist. Wir setzen uns daf\u00fcr ein, den Rudersport in all seinen Facetten[&#8230;]<\/p>\n","protected":false},"author":2,"featured_media":0,"parent":31,"menu_order":0,"comment_status":"closed","ping_status":"closed","template":"","meta":{"_monsterinsights_skip_tracking":false,"_monsterinsights_sitenote_active":false,"_monsterinsights_sitenote_note":"","_monsterinsights_sitenote_category":0,"footnotes":""},"class_list":["post-501","page","type-page","status-publish","hentry"],"_links":{"self":[{"href":"https:\/\/www.ister.at\/Ister1\/index.php?rest_route=\/wp\/v2\/pages\/501","targetHints":{"allow":["GET"]}}],"collection":[{"href":"https:\/\/www.ister.at\/Ister1\/index.php?rest_route=\/wp\/v2\/pages"}],"about":[{"href":"https:\/\/www.ister.at\/Ister1\/index.php?rest_route=\/wp\/v2\/types\/page"}],"author":[{"embeddable":true,"href":"https:\/\/www.ister.at\/Ister1\/index.php?rest_route=\/wp\/v2\/users\/2"}],"replies":[{"embeddable":true,"href":"https:\/\/www.ister.at\/Ister1\/index.php?rest_route=%2Fwp%2Fv2%2Fcomments&post=501"}],"version-history":[{"count":81,"href":"https:\/\/www.ister.at\/Ister1\/index.php?rest_route=\/wp\/v2\/pages\/501\/revisions"}],"predecessor-version":[{"id":22583,"href":"https:\/\/www.ister.at\/Ister1\/index.php?rest_route=\/wp\/v2\/pages\/501\/revisions\/22583"}],"up":[{"embeddable":true,"href":"https:\/\/www.ister.at\/Ister1\/index.php?rest_route=\/wp\/v2\/pages\/31"}],"wp:attachment":[{"href":"https:\/\/www.ister.at\/Ister1\/index.php?rest_route=%2Fwp%2Fv2%2Fmedia&parent=501"}],"curies":[{"name":"wp","href":"https:\/\/api.w.org\/{rel}","templated":true}]}}