{"id":42,"date":"2013-08-27T18:27:41","date_gmt":"2013-08-27T16:27:41","guid":{"rendered":"http:\/\/christian-schramm.at\/Ister1\/?page_id=42"},"modified":"2019-10-25T19:15:19","modified_gmt":"2019-10-25T17:15:19","slug":"donau","status":"publish","type":"page","link":"https:\/\/www.ister.at\/Ister1\/?page_id=42","title":{"rendered":"Die Donau"},"content":{"rendered":"<div class=\"love\"><input  id=\"post_42\" type=\"checkbox\" class=\"LoveCheck\"\/>\n                <label for=\"post_42\" class=\"dashicons dashicons-heart LoveLabel\" aria-label=\"like this\"><\/label><span class=\"LoveCount\">2<\/span><\/div><!--\/love--><p><span style=\"color: #000000;\">Pegelst\u00e4nde k\u00f6nnen \u00fcber die <a href=\"http:\/\/www2.land-oberoesterreich.gv.at\/internethydro\/Online\/Start.jsp?SessionID=SID-5A609A4A-57D3F014&amp;xmlid=was_internethydro_Online_4_DEU_HTML.htm&amp;station=4\" target=\"_blank\" rel=\"noopener noreferrer\">Homepage des\u00a0Landes O\u00d6 <\/a>oder unter der Telefonnummer (Pegel Linz) 0732 779238 abgerufen werden, oder auf der Ister-Homepage \/ <a href=\"https:\/\/www.ister.at\/Ister1\/?page_id=847\">Pegel<\/a>.<\/span><\/p>\n<p style=\"text-align: left;\" align=\"center\"><span style=\"color: #000000;\">Informationen \u00fcber aktuelle Hochwasser \u00fcber den<\/span> Hochwasserdienst O\u00d6 0732 654048<\/p>\n<p style=\"text-align: left;\" align=\"center\">Eine Schleusung muss beim Schleusenpersonal angemeldet werden.\u00a0 Vorschrift ist das mitf\u00fchren einer Schwimmweste f\u00fcr jede Person.\u00a0 Da Ruderboote zumeist keine Funkanlage besitzen, kann man die Erlaubnis zur Schleusung per Mobiltelefon oder mit der Schleusentelefonanlage anmelden.<\/p>\n<p><a href=\"http:\/\/www.doris.bmvit.gv.at\/services\/nuetzliche-kontakte\/schleusenaufsicht\/\"><strong><span style=\"color: #000080;\">Schleusenaufsicht Kontaktdaten<\/span><\/strong><\/a><\/p>\n<p><strong><a href=\"http:\/\/www.doris.bmvit.gv.at\/fileadmin\/content\/doris\/dokumente\/Ruderboote-Folder.pdf\">Infofolder: Ruderboote &amp; Schleusen<\/a><\/strong><\/p>\n<p><span style=\"color: #000080;\"><strong>Inland ENC Karten der \u00f6sterreichischen Donau: <a href=\"https:\/\/at.d4d-portal.info\/\">Portal<\/a> \/ <a href=\"http:\/\/www.doris.bmvit.gv.at\/fileadmin\/content\/doris\/ECDIS_Download\/PNC_Austria_23-05-2016.pdf\">PDF<\/a><\/strong><\/span><\/p>\n<p style=\"text-align: left;\" align=\"center\"><strong><a href=\"https:\/\/www.ister.at\/Ister1\/wp-content\/uploads\/2019\/06\/Donau-Stromkilometer-Stromauf-Stromab.pdf\">Donau Stromkilometer Stromauf &amp; Stromab ausgehend vom Ister-Bootshaus (PDF)<\/a><\/strong><\/p>\n<p style=\"text-align: left;\" align=\"center\">***<\/p>\n<p>Die <b>Donau<\/b> (<a href=\"http:\/\/de.wikipedia.org\/wiki\/Donau\" target=\"_blank\" rel=\"noopener noreferrer\">mehr Info dazu<\/a>) ist mit einer mittleren Wasserf\u00fchrung von rund 6700 m\u00b3\/s und einer Gesamtl\u00e4nge von 2857 Kilometern\u00a0der zweitgr\u00f6\u00dfte und zweitl\u00e4ngste Fluss in Europa. Der Strom entw\u00e4ssert weite Teile Mittel- und S\u00fcdosteuropas. Er verbindet als Wasserweg sehr heterogene Kultur- und Wirtschaftsr\u00e4ume und durchflie\u00dft dabei zehn L\u00e4nder \u2013 so viele wie kein anderer Fluss auf der Erde.<\/p>\n<p>Die Donau f\u00fchrt ihren Namen ab der Vereinigung zweier Quellfl\u00fcsse, der Brigach und der gr\u00f6\u00dferen Breg, die beide im Mittleren Schwarzwald entspringen. Sie durchquert drei gro\u00dfe Beckenlandschaften: das n\u00f6rdliche Alpenvorland und das Wiener Becken (Oberlauf), die Pannonische Tiefebene (Mittellauf) und das Walachische Tiefland (Unterlauf). Die trennenden Gebirge durchschneidet sie in Engt\u00e4lern, deren bekannteste Abschnitte der Donaudurchbruch bei Beuron, die Wachau, das Durchbruchstal vom Marchfeld und das Eiserne Tor sind. Der Strom m\u00fcndet in dem ausgedehnten Donaudelta in das Schwarze Meer.<\/p>\n<p>Das Einzugsgebiet der Donau umfasst etwa 817.000 Quadratkilometer. Es ist etwas asymmetrisch; links (n\u00f6rdlich) der Donau liegen 56 Prozent der Fl\u00e4che, rechts 44 Prozent. Dennoch steuern die Nebenfl\u00fcsse der kleineren rechten Seite rund zwei Drittel des Wasservolumens bei, was vom hier gr\u00f6\u00dferen Fl\u00e4chenanteil hoher Gebirge herr\u00fchrt, die zudem einen gro\u00dfen Teil der von West- und S\u00fcdwestwinden herangef\u00fchrten Feuchte abfangen.<\/p>\n<p>Bei Donaueschingen flie\u00dfen Brigach und Breg zur Donau zusammen. Von den beiden Quellfl\u00fcssen ist die etwas s\u00fcdlicher und h\u00f6her entspringende Breg nach allen gew\u00e4sserkundlichen Merkmalen der etwas gr\u00f6\u00dfere Fluss. Daneben gilt sinnbildlich der Quelltopf des Donaubachs in der N\u00e4he der Vereinigung beider Quellfl\u00fcsse traditionell als Donauquelle. Ab hier hat die Donau eine L\u00e4nge von gut 2810 Kilometern.<\/p>\n<p>Der H\u00f6henunterschied von von der Quelle bis zur M\u00fcndung betr\u00e4gt 1078 Meter gelten 2655 Km als schiffbar.<\/p>\n<p>Die Donau ist seit dem 20. Jahrhundert erst ab Kelheim, fast 500 Kilometer unterhalb der Quelle, \u00fcber eine Gesamtstrecke von 2415 Kilometern bis zur M\u00fcndung f\u00fcr die Binnenschifffahrt befahrbar. Mit dem Main-Donau-Kanal, der im September 1992 er\u00f6ffnet wurde und bei Kelheim in die Donau m\u00fcndet, gibt es nun eine durchgehende Wasserstra\u00dfe von der Nordsee \u00fcber Rhein und Main bis ins Schwarze Meer.\u00a0 (<a href=\"http:\/\/de.wikipedia.org\/wiki\/Donauschifffahrt\" target=\"_blank\" rel=\"noopener noreferrer\">Mehr Info dazu<\/a>)<\/p>\n<p>In der Binnenschifffahrt ist es \u00fcblich, die Donau in drei Bereiche einzuteilen:<\/p>\n<ul>\n<li><i>Obere Donau<\/i> von Kelheim bis Kom\u00e1rom\/Kom\u00e1rno<\/li>\n<li><i>Mittlere Donau<\/i> von Kom\u00e1rom\/Kom\u00e1rno bis Turnu Severin<\/li>\n<li><i>Untere Donau<\/i> von Turnu Severin bis zur M\u00fcndung ins Schwarze Meer.<\/li>\n<\/ul>\n<p><em>Quelle: Wikipedia<\/em><\/p>\n<div class=\"love\"><input  id=\"post_42\" type=\"checkbox\" class=\"LoveCheck\"\/>\n                <label for=\"post_42\" class=\"dashicons dashicons-heart LoveLabel\" aria-label=\"like this\"><\/label><span class=\"LoveCount\">2<\/span><\/div><!--\/love-->","protected":false},"excerpt":{"rendered":"<p>2Pegelst\u00e4nde k\u00f6nnen \u00fcber die Homepage des\u00a0Landes O\u00d6 oder unter der Telefonnummer (Pegel Linz) 0732 779238 abgerufen werden, oder auf der Ister-Homepage \/ Pegel. Informationen \u00fcber aktuelle Hochwasser \u00fcber den Hochwasserdienst O\u00d6 0732 654048 Eine Schleusung[&#8230;]<\/p>\n","protected":false},"author":1,"featured_media":0,"parent":26,"menu_order":0,"comment_status":"closed","ping_status":"closed","template":"","meta":{"_monsterinsights_skip_tracking":false,"_monsterinsights_sitenote_active":false,"_monsterinsights_sitenote_note":"","_monsterinsights_sitenote_category":0,"footnotes":""},"class_list":["post-42","page","type-page","status-publish","hentry"],"_links":{"self":[{"href":"https:\/\/www.ister.at\/Ister1\/index.php?rest_route=\/wp\/v2\/pages\/42","targetHints":{"allow":["GET"]}}],"collection":[{"href":"https:\/\/www.ister.at\/Ister1\/index.php?rest_route=\/wp\/v2\/pages"}],"about":[{"href":"https:\/\/www.ister.at\/Ister1\/index.php?rest_route=\/wp\/v2\/types\/page"}],"author":[{"embeddable":true,"href":"https:\/\/www.ister.at\/Ister1\/index.php?rest_route=\/wp\/v2\/users\/1"}],"replies":[{"embeddable":true,"href":"https:\/\/www.ister.at\/Ister1\/index.php?rest_route=%2Fwp%2Fv2%2Fcomments&post=42"}],"version-history":[{"count":52,"href":"https:\/\/www.ister.at\/Ister1\/index.php?rest_route=\/wp\/v2\/pages\/42\/revisions"}],"predecessor-version":[{"id":17017,"href":"https:\/\/www.ister.at\/Ister1\/index.php?rest_route=\/wp\/v2\/pages\/42\/revisions\/17017"}],"up":[{"embeddable":true,"href":"https:\/\/www.ister.at\/Ister1\/index.php?rest_route=\/wp\/v2\/pages\/26"}],"wp:attachment":[{"href":"https:\/\/www.ister.at\/Ister1\/index.php?rest_route=%2Fwp%2Fv2%2Fmedia&parent=42"}],"curies":[{"name":"wp","href":"https:\/\/api.w.org\/{rel}","templated":true}]}}