{"id":41,"date":"2013-08-27T18:27:19","date_gmt":"2013-08-27T16:27:19","guid":{"rendered":"http:\/\/christian-schramm.at\/Ister1\/?page_id=41"},"modified":"2021-04-26T14:50:58","modified_gmt":"2021-04-26T12:50:58","slug":"fahrregeln","status":"publish","type":"page","link":"https:\/\/www.ister.at\/Ister1\/?page_id=41","title":{"rendered":"Schifffahrtszeichen"},"content":{"rendered":"<div class=\"love\"><input  id=\"post_41\" type=\"checkbox\" class=\"LoveCheck\"\/>\n                <label for=\"post_41\" class=\"dashicons dashicons-heart LoveLabel\" aria-label=\"like this\"><\/label><span class=\"LoveCount\">0<\/span><\/div><!--\/love--><h1>Schifffahrtszeichen<\/h1>\n<p>(Quelle: u.a. <a href=\"https:\/\/www.ris.bka.gv.at\/GeltendeFassung.wxe?Abfrage=Bundesnormen&amp;Gesetzesnummer=20010569\">Gesamte Rechtsvorschrift f\u00fcr Wasserstra\u00dfen-Verkehrsordnung<\/a>)<\/p>\n<p>Die meisten Schifffahrtszeichen sind eher f\u00fcr die Gro\u00dfschifffahrt bedeutend. Gerade aber Durch-\/Einfahrtsverbote m\u00fcssen auch von Ruderbooten beachtet werden.<\/p>\n<table>\n<tbody>\n<tr>\n<td style=\"text-align: left;\" colspan=\"2\">\n<h2><span style=\"color: #000000;\"><strong>Wichtige Zeichen f\u00fcr Ruderer:<\/strong><\/span><\/h2>\n<\/td>\n<\/tr>\n<tr>\n<td><img loading=\"lazy\" decoding=\"async\" class=\"alignnone wp-image-16220 size-full\" src=\"https:\/\/www.ister.at\/Ister1\/wp-content\/uploads\/2019\/02\/Durchfahrtsverbotszeichen-1.png\" alt=\"\" width=\"64\" height=\"64\" \/><\/td>\n<td>Durchfahrts- \/ Einfahrtsverbotszeichen<\/td>\n<\/tr>\n<tr>\n<td><img loading=\"lazy\" decoding=\"async\" class=\"alignnone size-full wp-image-16224\" src=\"https:\/\/www.ister.at\/Ister1\/wp-content\/uploads\/2019\/02\/Durchfahrtsverbotslichter.png\" alt=\"\" width=\"80\" height=\"29\" \/><\/td>\n<td>Einfahrt verboten (Lichter bei Schleuse)<\/td>\n<\/tr>\n<tr>\n<td>\n<h1><img loading=\"lazy\" decoding=\"async\" class=\"alignnone size-full wp-image-16227\" src=\"https:\/\/www.ister.at\/Ister1\/wp-content\/uploads\/2019\/02\/Maschinenverbot.png\" alt=\"\" width=\"64\" height=\"64\" \/><\/h1>\n<\/td>\n<td>Verbot f\u00fcr Motorfahrzeuge<\/td>\n<\/tr>\n<tr>\n<td><img loading=\"lazy\" decoding=\"async\" class=\"alignnone size-full wp-image-16230\" src=\"https:\/\/www.ister.at\/Ister1\/wp-content\/uploads\/2019\/02\/Sportbootverbot.png\" alt=\"\" width=\"64\" height=\"64\" \/><\/td>\n<td>Verbot f\u00fcr Sportboote (auch Ruderboote!)<\/td>\n<\/tr>\n<tr>\n<td><img loading=\"lazy\" decoding=\"async\" class=\"alignnone size-full wp-image-16229\" src=\"https:\/\/www.ister.at\/Ister1\/wp-content\/uploads\/2019\/02\/Bootverbot.png\" alt=\"\" width=\"64\" height=\"64\" \/><\/td>\n<td>Verbot f\u00fcr Fahrzeuge, die weder mit Maschinenantrieb noch unter Segel fahren<\/td>\n<\/tr>\n<tr>\n<td><img loading=\"lazy\" decoding=\"async\" class=\"alignnone size-full wp-image-16228\" src=\"https:\/\/www.ister.at\/Ister1\/wp-content\/uploads\/2019\/02\/BesondereVorsicht.png\" alt=\"\" width=\"64\" height=\"63\" \/><\/td>\n<td>Gebot zu besonderer Vorsicht<\/td>\n<\/tr>\n<tr>\n<td><img loading=\"lazy\" decoding=\"async\" class=\"alignnone size-full wp-image-16231\" src=\"https:\/\/www.ister.at\/Ister1\/wp-content\/uploads\/2019\/02\/Richtungsgebot.png\" alt=\"\" width=\"64\" height=\"43\" \/><\/td>\n<td>Gebot, in die durch den Pfeil angezeigte Richtung zu fahren<\/td>\n<\/tr>\n<tr>\n<td><img loading=\"lazy\" decoding=\"async\" class=\"alignnone size-full wp-image-16236\" src=\"https:\/\/www.ister.at\/Ister1\/wp-content\/uploads\/2019\/02\/Durchfahrt-Innen.png\" alt=\"\" width=\"80\" height=\"56\" \/><\/td>\n<td>Im gr\u00fcnen Bereich passieren empfohlen<\/td>\n<\/tr>\n<tr>\n<td><img loading=\"lazy\" decoding=\"async\" class=\"alignnone size-thumbnail wp-image-16238\" src=\"https:\/\/www.ister.at\/Ister1\/wp-content\/uploads\/2019\/02\/Verkehr.png\" alt=\"\" width=\"55\" height=\"56\" \/><\/td>\n<td>Empfohlene Durchfahrt (Beidseitig)<\/td>\n<\/tr>\n<tr>\n<td><img loading=\"lazy\" decoding=\"async\" class=\"alignnone size-thumbnail wp-image-16237\" src=\"https:\/\/www.ister.at\/Ister1\/wp-content\/uploads\/2019\/02\/Verkehr-Richtung.png\" alt=\"\" width=\"80\" height=\"39\" \/><\/td>\n<td>Empfohlene Durchfahrt (f\u00fcr diese Richtung; Gegenseite verboten)<\/td>\n<\/tr>\n<tr>\n<td><img loading=\"lazy\" decoding=\"async\" class=\"alignnone size-thumbnail wp-image-16240\" src=\"https:\/\/www.ister.at\/Ister1\/wp-content\/uploads\/2019\/02\/Wehr.png\" alt=\"\" width=\"64\" height=\"43\" \/><\/td>\n<td>Wehr<\/td>\n<\/tr>\n<tr>\n<td><img loading=\"lazy\" decoding=\"async\" class=\"alignnone size-thumbnail wp-image-16239\" src=\"https:\/\/www.ister.at\/Ister1\/wp-content\/uploads\/2019\/02\/Faehre.png\" alt=\"\" width=\"64\" height=\"43\" \/><\/td>\n<td>F\u00e4hre<\/td>\n<\/tr>\n<tr>\n<td><img loading=\"lazy\" decoding=\"async\" class=\"alignnone size-thumbnail wp-image-16241\" src=\"https:\/\/www.ister.at\/Ister1\/wp-content\/uploads\/2019\/02\/Wendestelle.png\" alt=\"\" width=\"64\" height=\"62\" \/><\/td>\n<td>Wendestelle f\u00fcr Gro\u00dfschifffahrt<\/td>\n<\/tr>\n<\/tbody>\n<\/table>\n<div class=\"love\"><input  id=\"post_41\" type=\"checkbox\" class=\"LoveCheck\"\/>\n                <label for=\"post_41\" class=\"dashicons dashicons-heart LoveLabel\" aria-label=\"like this\"><\/label><span class=\"LoveCount\">0<\/span><\/div><!--\/love-->","protected":false},"excerpt":{"rendered":"<p>0Schifffahrtszeichen (Quelle: u.a. Gesamte Rechtsvorschrift f\u00fcr Wasserstra\u00dfen-Verkehrsordnung) Die meisten Schifffahrtszeichen sind eher f\u00fcr die Gro\u00dfschifffahrt bedeutend. Gerade aber Durch-\/Einfahrtsverbote m\u00fcssen auch von Ruderbooten beachtet werden. Wichtige Zeichen f\u00fcr Ruderer: Durchfahrts- \/ Einfahrtsverbotszeichen Einfahrt verboten (Lichter[&#8230;]<\/p>\n","protected":false},"author":1,"featured_media":0,"parent":596,"menu_order":0,"comment_status":"closed","ping_status":"closed","template":"","meta":{"_monsterinsights_skip_tracking":false,"_monsterinsights_sitenote_active":false,"_monsterinsights_sitenote_note":"","_monsterinsights_sitenote_category":0,"footnotes":""},"class_list":["post-41","page","type-page","status-publish","hentry"],"_links":{"self":[{"href":"https:\/\/www.ister.at\/Ister1\/index.php?rest_route=\/wp\/v2\/pages\/41","targetHints":{"allow":["GET"]}}],"collection":[{"href":"https:\/\/www.ister.at\/Ister1\/index.php?rest_route=\/wp\/v2\/pages"}],"about":[{"href":"https:\/\/www.ister.at\/Ister1\/index.php?rest_route=\/wp\/v2\/types\/page"}],"author":[{"embeddable":true,"href":"https:\/\/www.ister.at\/Ister1\/index.php?rest_route=\/wp\/v2\/users\/1"}],"replies":[{"embeddable":true,"href":"https:\/\/www.ister.at\/Ister1\/index.php?rest_route=%2Fwp%2Fv2%2Fcomments&post=41"}],"version-history":[{"count":40,"href":"https:\/\/www.ister.at\/Ister1\/index.php?rest_route=\/wp\/v2\/pages\/41\/revisions"}],"predecessor-version":[{"id":18245,"href":"https:\/\/www.ister.at\/Ister1\/index.php?rest_route=\/wp\/v2\/pages\/41\/revisions\/18245"}],"up":[{"embeddable":true,"href":"https:\/\/www.ister.at\/Ister1\/index.php?rest_route=\/wp\/v2\/pages\/596"}],"wp:attachment":[{"href":"https:\/\/www.ister.at\/Ister1\/index.php?rest_route=%2Fwp%2Fv2%2Fmedia&parent=41"}],"curies":[{"name":"wp","href":"https:\/\/api.w.org\/{rel}","templated":true}]}}