{"id":21716,"date":"2025-01-26T20:13:38","date_gmt":"2025-01-26T19:13:38","guid":{"rendered":"https:\/\/www.ister.at\/Ister1\/?page_id=21716"},"modified":"2025-12-11T13:38:12","modified_gmt":"2025-12-11T12:38:12","slug":"ergebnisse-2025","status":"publish","type":"page","link":"https:\/\/www.ister.at\/Ister1\/?page_id=21716","title":{"rendered":"Ergebnisse 2025"},"content":{"rendered":"<div class=\"love\"><input  id=\"post_21716\" type=\"checkbox\" class=\"LoveCheck\"\/>\n                <label for=\"post_21716\" class=\"dashicons dashicons-heart LoveLabel\" aria-label=\"like this\"><\/label><span class=\"LoveCount\">3<\/span><\/div><!--\/love-->\n<p>World Rowing Beach Sprint Finals, 6.-9.11.2025<br><a href=\"https:\/\/worldrowing.com\/event\/2025-world-rowing-beach-sprint-finals?tab=results\">Gesamtergebnis<\/a><br><br>European Rowing Coastal and Beach Sprint Championships, 8.-13.8.2025<br><a href=\"https:\/\/wyniki.wioslarstwo.poznan.pl\/details.php?url=.\/results_pdf\/351___12-10-2025___European%20Rowing%20Coastal%20and%20Beach%20Sprint%20Championships\/\">Gesamtergebnis<\/a><br><br>\u00d6M, \u00d6JM, \u00d6SchM, \u00d6MM, Linz-Ottensheim, 3.-5.10.2025<br><a href=\"https:\/\/www.ister.at\/Ister1\/wp-content\/uploads\/2025\/10\/Gesamtergebnis_Freitag.pdf\">Freitag<\/a><br><a href=\"https:\/\/www.ister.at\/Ister1\/wp-content\/uploads\/2025\/10\/Gesamtergebnis_Samstag.pdf\">Samstag<\/a><br><a href=\"https:\/\/www.ister.at\/Ister1\/wp-content\/uploads\/2025\/10\/Gesamtergebnis_Sonntag.pdf\">Sontag<\/a><br><br>Internationalle Villacher Ruderregatta, 13.-14.9.2025<br><a href=\"https:\/\/www.ister.at\/Ister1\/wp-content\/uploads\/2025\/10\/Ergebnisse_samstag_2025.pdf\">Samstag<\/a><br><a href=\"https:\/\/www.ister.at\/Ister1\/wp-content\/uploads\/2025\/10\/Ergebnisse_sonntag_2025.pdf\">Sontag<\/a><br><br>\u00d6M Coastal and Beach Sprint, Bregenz, 6.-7.9.2025<br><a href=\"https:\/\/www.ister.at\/Ister1\/wp-content\/uploads\/2025\/09\/GESAMTERGEBNIS-OeSTM-Coastal-Rowing-2025-v.2.pdf\">Gesamtergebnis<\/a><br><br>Donaubund Sprintregatta, Wien, 23.08.2025<br><a href=\"https:\/\/www.ister.at\/Ister1\/wp-content\/uploads\/2025\/08\/ergebnis_26.wrc_donaubund_sprintregatta_2025.pdf\">Ergebnis<\/a><br><br>2025 Euro Masters Regatta, Bled, 19.-22.06.2025<br><a href=\"https:\/\/resy.m-start.de\/tables.php?q=Qnd0c0M1bVBXRnA1d040OXZoN0l1UXdxY2tyMDNtRS91MVp0aVNJRkFFZz0=#\">Gesamtergebnis<\/a><br><br>VIRR &#8211; Wien, 28. &#8211; 29.06.2025<br><a href=\"https:\/\/www.ister.at\/Ister1\/wp-content\/uploads\/2025\/07\/VIRR-2025-Gesamtergebnis.pdf\">Gesamtergebnis<\/a><\/p>\n\n\n\n<p>Trofeo Filippi Beach Sprint 2025<br><a href=\"https:\/\/www.canottaggio.org\/speciale\/trofeo-filippi-beach-sprint-2025\/\">Gesamtergebnis<\/a> <br><br>Olympic Hopes, Bratislava, 20.-22.06.2025<br><a href=\"https:\/\/www.ister.at\/Ister1\/wp-content\/uploads\/2025\/08\/Olympic-Hopes-2025-Results.pdf\">Gesamtergebnis<\/a><br><br>EUROW Coastal Beach Sprint, 29.05.2025<br><a href=\"https:\/\/www.ister.at\/Ister1\/wp-content\/uploads\/2025\/07\/EUROW_BeachSprint_2025_Gesamtergebnis.pdf\">Gesamtergebnis<\/a><\/p>\n\n\n\n<p>EUROW Ottensheim, 17.-18.05.2025<br><a href=\"https:\/\/www.ister.at\/Ister1\/wp-content\/uploads\/2025\/05\/Samstag2025.pdf\">Ergebnisse Samstag<\/a><br><a href=\"https:\/\/www.ister.at\/Ister1\/wp-content\/uploads\/2025\/05\/Sonntag2025.pdf\">Ergebnisse Sonntag<\/a><\/p>\n\n\n\n<p>Beach Sprint Fuschlsee, 10.05.2025<br><a href=\"https:\/\/www.ister.at\/Ister1\/wp-content\/uploads\/2025\/05\/Beach-Sprint-Fuschlsee.pdf\">Ergebnisse TT-FA<\/a><br><br>Int. Jugendregatta, M\u00fcnchen, 2. &#8211; 3.05.2025<br>JunMB 4-: <a href=\"https:\/\/www.ister.at\/Ister1\/wp-content\/uploads\/2025\/05\/JMB4-SA.pdf\">Samstag  <\/a>\/\/ <a href=\"https:\/\/www.ister.at\/Ister1\/wp-content\/uploads\/2025\/05\/JMB4-SO.pdf\">Sonntag<\/a><br>JunWA 4-: <a href=\"https:\/\/www.ister.at\/Ister1\/wp-content\/uploads\/2025\/05\/JWA4-SA.pdf\">Samstag <\/a>\/\/ <a href=\"https:\/\/www.ister.at\/Ister1\/wp-content\/uploads\/2025\/05\/JWA4-SO.pdf\">Sonntag<\/a><\/p>\n\n\n\n<p>Alpen-Adria Rowing Challenge, Klagenfurt, 26. &#8211; 27.04.2025<br><a href=\"https:\/\/www.ister.at\/Ister1\/wp-content\/uploads\/2025\/04\/2025_Ergebnis_Kla_SA.pdf\">Ergebnisse Samstag<\/a><br><a href=\"https:\/\/www.ister.at\/Ister1\/wp-content\/uploads\/2025\/04\/2025_Ergebnis_Kla_So.pdf\">Ergebnisse Sonntag<\/a><\/p>\n\n\n\n<p>Kleinboottest Ottensheim, 4.-5.04.2025<br><a href=\"https:\/\/www.ister.at\/Ister1\/wp-content\/uploads\/2025\/05\/Ergebnisliste_gesamt_Eurow-Kleinboottest-2025.pdf\">Gesamtergebnis<\/a><\/p>\n\n\n\n<p>Indoor Meisterschaften Wels, 26.01.2025<br><a href=\"https:\/\/www.ister.at\/Ister1\/wp-content\/uploads\/2025\/01\/2025-01-26_Indoor-Wels_Ergebnisse-Vormittag.pdf\">Ergebnisse Vormittag<\/a><br><a href=\"https:\/\/www.ister.at\/Ister1\/wp-content\/uploads\/2025\/01\/2025-01-26_Indoor-Wels_Ergebnisse-Nachmittag.pdf\">Ergebnisse Nachmittag<\/a><\/p>\n\n\n\n<p><\/p>\n<div class=\"love\"><input  id=\"post_21716\" type=\"checkbox\" class=\"LoveCheck\"\/>\n                <label for=\"post_21716\" class=\"dashicons dashicons-heart LoveLabel\" aria-label=\"like this\"><\/label><span class=\"LoveCount\">3<\/span><\/div><!--\/love-->","protected":false},"excerpt":{"rendered":"<p>3 World Rowing Beach Sprint Finals, 6.-9.11.2025Gesamtergebnis European Rowing Coastal and Beach Sprint Championships, 8.-13.8.2025Gesamtergebnis \u00d6M, \u00d6JM, \u00d6SchM, \u00d6MM, Linz-Ottensheim, 3.-5.10.2025FreitagSamstagSontag Internationalle Villacher Ruderregatta, 13.-14.9.2025SamstagSontag \u00d6M Coastal and Beach Sprint, Bregenz, 6.-7.9.2025Gesamtergebnis Donaubund Sprintregatta, Wien,[&#8230;]<\/p>\n","protected":false},"author":2,"featured_media":0,"parent":138,"menu_order":0,"comment_status":"closed","ping_status":"closed","template":"","meta":{"_monsterinsights_skip_tracking":false,"_monsterinsights_sitenote_active":false,"_monsterinsights_sitenote_note":"","_monsterinsights_sitenote_category":0,"footnotes":""},"class_list":["post-21716","page","type-page","status-publish","hentry"],"_links":{"self":[{"href":"https:\/\/www.ister.at\/Ister1\/index.php?rest_route=\/wp\/v2\/pages\/21716","targetHints":{"allow":["GET"]}}],"collection":[{"href":"https:\/\/www.ister.at\/Ister1\/index.php?rest_route=\/wp\/v2\/pages"}],"about":[{"href":"https:\/\/www.ister.at\/Ister1\/index.php?rest_route=\/wp\/v2\/types\/page"}],"author":[{"embeddable":true,"href":"https:\/\/www.ister.at\/Ister1\/index.php?rest_route=\/wp\/v2\/users\/2"}],"replies":[{"embeddable":true,"href":"https:\/\/www.ister.at\/Ister1\/index.php?rest_route=%2Fwp%2Fv2%2Fcomments&post=21716"}],"version-history":[{"count":19,"href":"https:\/\/www.ister.at\/Ister1\/index.php?rest_route=\/wp\/v2\/pages\/21716\/revisions"}],"predecessor-version":[{"id":22404,"href":"https:\/\/www.ister.at\/Ister1\/index.php?rest_route=\/wp\/v2\/pages\/21716\/revisions\/22404"}],"up":[{"embeddable":true,"href":"https:\/\/www.ister.at\/Ister1\/index.php?rest_route=\/wp\/v2\/pages\/138"}],"wp:attachment":[{"href":"https:\/\/www.ister.at\/Ister1\/index.php?rest_route=%2Fwp%2Fv2%2Fmedia&parent=21716"}],"curies":[{"name":"wp","href":"https:\/\/api.w.org\/{rel}","templated":true}]}}