{"id":21062,"date":"2024-01-29T10:22:52","date_gmt":"2024-01-29T09:22:52","guid":{"rendered":"https:\/\/www.ister.at\/Ister1\/?page_id=21062"},"modified":"2024-11-28T13:22:54","modified_gmt":"2024-11-28T12:22:54","slug":"ergebnisse-2024","status":"publish","type":"page","link":"https:\/\/www.ister.at\/Ister1\/?page_id=21062","title":{"rendered":"Ergebnisse 2024"},"content":{"rendered":"<div class=\"love\"><input  id=\"post_21062\" type=\"checkbox\" class=\"LoveCheck\"\/>\n                <label for=\"post_21062\" class=\"dashicons dashicons-heart LoveLabel\" aria-label=\"like this\"><\/label><span class=\"LoveCount\">0<\/span><\/div><!--\/love-->\n<p>Coupe de la Jeunesse Coastal Sprint, Los Alcazeres, Spanien, 01. &#8211; 02.11.2024<br><a href=\"https:\/\/www.ister.at\/Ister1\/wp-content\/uploads\/2024\/11\/CJW1X-TT1.pdf\">Timetrial CW1x<\/a><br><a href=\"https:\/\/www.ister.at\/Ister1\/wp-content\/uploads\/2024\/11\/CW1X-LAST8.pdf\">Last 8 Finals<\/a><\/p>\n\n\n\n<p>Sch\u00fcler und Junioren B sieben L\u00e4nderkampf, Rovinj 26.10.2024<br><a href=\"https:\/\/www.ister.at\/Ister1\/wp-content\/uploads\/2024\/10\/RESULTS-67th-REGIONS-ROWING-COMPETITION-LIM-2024.pdf\">Gesamtergebnis<\/a><\/p>\n\n\n\n<p>Ober\u00f6sterreichische Landesmeisterschaft, Ottensheim, 28.09.2024<br><a href=\"https:\/\/www.ister.at\/Ister1\/wp-content\/uploads\/2024\/09\/Ergebnisse.pdf\">Gesamtergebnis<\/a><\/p>\n\n\n\n<p>\u00d6sterreichische Staatsmeisterschaft, Villach, 20. &#8211; 22.09.2024<br><a href=\"https:\/\/www.ister.at\/Ister1\/wp-content\/uploads\/2024\/09\/2024_Ergebnis_OeM.pdf\">Gesamtergebnis<\/a><\/p>\n\n\n\n<p>63. International Rowing Challange Villach, 07. &#8211; 08.09.2024<br><a href=\"https:\/\/www.ister.at\/Ister1\/wp-content\/uploads\/2024\/09\/2024_Ergebnis_Sa.pdf\">Ergebnis Samstag<\/a><br><a href=\"https:\/\/www.ister.at\/Ister1\/wp-content\/uploads\/2024\/09\/2024_Ergebnis_So.pdf\">Ergebnis Sonntag<\/a><\/p>\n\n\n\n<p>Internationale Regatta Trebon, Tschechien, 23. &#8211; 24.08.2024<br>Ergebnis &#8211; nicht abrufbar<\/p>\n\n\n\n<p>Euro Masters Regatta, 25.-28.7.<br><a href=\"https:\/\/www.ister.at\/Ister1\/wp-content\/uploads\/2024\/08\/EMR_2024_Results_online.pdf\">Gesamtergebnis<\/a><br><br>EUROW Coastal Beach Sprint, 06.07.2024<br><a href=\"https:\/\/www.ister.at\/Ister1\/wp-content\/uploads\/2024\/07\/Gesamtergebnis-EUROW-Coastal-Feldkirchen-2024.pdf\">Gesamtergebnis<\/a><\/p>\n\n\n\n<p>120. Vienna International Rowing Regatta, 29. &#8211; 30.06.2024<br><a href=\"https:\/\/www.ister.at\/Ister1\/wp-content\/uploads\/2024\/09\/VIRR2024-RESULTS_Saturday.pdf\">Ergebnis Samstag<\/a><br><a href=\"https:\/\/www.ister.at\/Ister1\/wp-content\/uploads\/2024\/09\/VIRR2024-RESULTS_Sunday.pdf\">Ergebnis Sonntag<\/a><\/p>\n\n\n\n<p>European Rowing Coastal and Beach Sprint Championships, 20.-23.06.2024<br><a href=\"https:\/\/wyniki.wioslarstwo.poznan.pl\/details.php?url=.\/results_pdf\/302___23-06-2024___2024%20European%20Rowing%20Coastal%20and%20Beach%20Sprint%20Championships\/\">Gesamtergebnis<\/a><br><br>Internationale Regatta Bled, Slovenien, 14. &#8211; 16.06.2024<br><a href=\"https:\/\/www.ister.at\/Ister1\/wp-content\/uploads\/2024\/09\/2024_Bled_International_Regatta_Daily_Results_2024-06-14_v1_0.pdf\">Ergebnis Freitag<\/a><br>Ergebnis Samstag &#8211; nicht abrufbar<br><a href=\"https:\/\/www.ister.at\/Ister1\/wp-content\/uploads\/2024\/09\/2024_Bled_International_Regatta_Daily_Results_2024-06-16_v1_0.pdf\">Ergebnis Sonntag<\/a><\/p>\n\n\n\n<p>Trofeo &#8222;Lido Filippi&#8220; Beach Sprint, 01.-02.06.2024<br><a href=\"https:\/\/www.ister.at\/Ister1\/wp-content\/uploads\/2024\/06\/Risultati-Gare-Samstag.pdf\">Samstag<\/a><br><a href=\"https:\/\/www.ister.at\/Ister1\/wp-content\/uploads\/2024\/06\/Risultati-Gare-Sonntag.pdf\">Sonntag<\/a><br><br>EUROW Int. Regatta Linz-Ottensheim, 25.-26.05.2024<br><a href=\"https:\/\/www.ister.at\/Ister1\/wp-content\/uploads\/2024\/05\/Results-EUROW-2024-Linz_Ottensheim-25.05.2024.pdf\">Samstag<\/a><br><a href=\"https:\/\/www.ister.at\/Ister1\/wp-content\/uploads\/2024\/05\/Results-EUROW-2024-Linz_Ottensheim-26.05.2024.pdf\">Sonntag<\/a><br><br>Costal Beach Sprint Jadranovo Open, 19.05.2024<br><a href=\"https:\/\/www.ister.at\/Ister1\/wp-content\/uploads\/2024\/05\/costal-rezultati-imena.pdf\">Ergebnis<\/a><\/p>\n\n\n\n<p>Wienerachter 2024, 11.05.2024<br><a href=\"https:\/\/www.ister.at\/Ister1\/wp-content\/uploads\/2024\/05\/Wienerachter_Results_2024-1.xlsx.pdf\">Gesamtergebnis<\/a><br><br>Olympic Hopes Regatta, 10.05.2024 Br\u00fcnn<br><a href=\"https:\/\/www.ister.at\/Ister1\/wp-content\/uploads\/2024\/10\/ohr_2024_results.pdf\">Gesamtergebnis<\/a><\/p>\n\n\n\n<p>19. Vienna Rowing Challenge, 04.05.2024<br><a href=\"https:\/\/www.ister.at\/Ister1\/wp-content\/uploads\/2024\/05\/VRC-2024-Ergebnis-Lauf-1.pdf\">Ergebnis-Lauf-1<\/a><br><a href=\"https:\/\/www.ister.at\/Ister1\/wp-content\/uploads\/2024\/05\/VRC-2024-Ergebnis-Lauf-4.pdf\">Ergebnis-Lauf-4<\/a><br><br>Internationale Regatta Klagenfurt, 27. &#8211; 28.04.2024<br><a href=\"https:\/\/www.ister.at\/Ister1\/wp-content\/uploads\/2024\/09\/Ergebnis-Klu-Sa.pdf\">Ergebnis Samstag<\/a><br><a href=\"https:\/\/www.ister.at\/Ister1\/wp-content\/uploads\/2024\/09\/Ergebnis-Klu-So.pdf\">Ergebnis Sonntag<\/a><\/p>\n\n\n\n<p>2. International Limassol Coastal Rowing Beach Sprints, 19.-21.04.2024<br><a href=\"https:\/\/www.ister.at\/Ister1\/wp-content\/uploads\/2024\/04\/2024-ICRBS-LNC-Race-Schedule-and-Results.pdf\">Gesamtergebnis<\/a><\/p>\n\n\n\n<p>Kleinboottest Ottensheim, 13.04.2024<br><a href=\"https:\/\/www.ister.at\/Ister1\/wp-content\/uploads\/2024\/09\/WCp1_2024_1_ROWMCOXED8-FNL-000100-_C73X1572.pdf\">Gesamtergebnis<\/a><\/p>\n\n\n\n<p>Weltcup Varese, Italien, 12. &#8211; 14.04.2024<br><a href=\"https:\/\/www.ister.at\/Ister1\/wp-content\/uploads\/2024\/09\/WCp1_2024_1_ROWMCOXED8-FNL-000100-_C73X1572.pdf\">Ergebnis M\u00e4nner 8+<\/a><\/p>\n\n\n\n<p>Trainingswettkampf 1 Ottensheim, 06.04.2024<br><a href=\"https:\/\/www.ister.at\/Ister1\/wp-content\/uploads\/2024\/09\/Ergebnisliste-Testregatta-2024.pdf\">Gesamtergebnis<\/a><\/p>\n\n\n\n<p>35. Indoor Meisterschaften Klagenfurt, 28.01.2024<br><a href=\"https:\/\/www.ister.at\/Ister1\/wp-content\/uploads\/2024\/01\/Indoor-Ergebnis-Ergo-2024.pdf\">Gesamtergebnis<\/a><\/p>\n<div class=\"love\"><input  id=\"post_21062\" type=\"checkbox\" class=\"LoveCheck\"\/>\n                <label for=\"post_21062\" class=\"dashicons dashicons-heart LoveLabel\" aria-label=\"like this\"><\/label><span class=\"LoveCount\">0<\/span><\/div><!--\/love-->","protected":false},"excerpt":{"rendered":"<p>0 Coupe de la Jeunesse Coastal Sprint, Los Alcazeres, Spanien, 01. &#8211; 02.11.2024Timetrial CW1xLast 8 Finals Sch\u00fcler und Junioren B sieben L\u00e4nderkampf, Rovinj 26.10.2024Gesamtergebnis Ober\u00f6sterreichische Landesmeisterschaft, Ottensheim, 28.09.2024Gesamtergebnis \u00d6sterreichische Staatsmeisterschaft, Villach, 20. &#8211; 22.09.2024Gesamtergebnis 63.[&#8230;]<\/p>\n","protected":false},"author":2,"featured_media":0,"parent":138,"menu_order":0,"comment_status":"closed","ping_status":"closed","template":"","meta":{"_monsterinsights_skip_tracking":false,"_monsterinsights_sitenote_active":false,"_monsterinsights_sitenote_note":"","_monsterinsights_sitenote_category":0,"footnotes":""},"class_list":["post-21062","page","type-page","status-publish","hentry"],"_links":{"self":[{"href":"https:\/\/www.ister.at\/Ister1\/index.php?rest_route=\/wp\/v2\/pages\/21062","targetHints":{"allow":["GET"]}}],"collection":[{"href":"https:\/\/www.ister.at\/Ister1\/index.php?rest_route=\/wp\/v2\/pages"}],"about":[{"href":"https:\/\/www.ister.at\/Ister1\/index.php?rest_route=\/wp\/v2\/types\/page"}],"author":[{"embeddable":true,"href":"https:\/\/www.ister.at\/Ister1\/index.php?rest_route=\/wp\/v2\/users\/2"}],"replies":[{"embeddable":true,"href":"https:\/\/www.ister.at\/Ister1\/index.php?rest_route=%2Fwp%2Fv2%2Fcomments&post=21062"}],"version-history":[{"count":28,"href":"https:\/\/www.ister.at\/Ister1\/index.php?rest_route=\/wp\/v2\/pages\/21062\/revisions"}],"predecessor-version":[{"id":21629,"href":"https:\/\/www.ister.at\/Ister1\/index.php?rest_route=\/wp\/v2\/pages\/21062\/revisions\/21629"}],"up":[{"embeddable":true,"href":"https:\/\/www.ister.at\/Ister1\/index.php?rest_route=\/wp\/v2\/pages\/138"}],"wp:attachment":[{"href":"https:\/\/www.ister.at\/Ister1\/index.php?rest_route=%2Fwp%2Fv2%2Fmedia&parent=21062"}],"curies":[{"name":"wp","href":"https:\/\/api.w.org\/{rel}","templated":true}]}}