{"id":20191,"date":"2023-02-02T11:45:11","date_gmt":"2023-02-02T10:45:11","guid":{"rendered":"http:\/\/www.ister.at\/Ister1\/?page_id=20191"},"modified":"2023-11-23T07:23:30","modified_gmt":"2023-11-23T06:23:30","slug":"ergebnisse-2023","status":"publish","type":"page","link":"https:\/\/www.ister.at\/Ister1\/?page_id=20191","title":{"rendered":"Ergebnisse 2023"},"content":{"rendered":"<div class=\"love\"><input  id=\"post_20191\" type=\"checkbox\" class=\"LoveCheck\"\/>\n                <label for=\"post_20191\" class=\"dashicons dashicons-heart LoveLabel\" aria-label=\"like this\"><\/label><span class=\"LoveCount\">0<\/span><\/div><!--\/love-->\n<p>Gislauf der Ruderer, 18.11.2023<br><a href=\"https:\/\/www.ister.at\/Ister1\/wp-content\/uploads\/2023\/11\/Gislauf_Schueler_2023.pdf\">Ergebnis Sch\u00fclerInnen<\/a><\/p>\n\n\n\n<p>Head of Prague, 04.11.2023<br><a href=\"https:\/\/www.ister.at\/Ister1\/wp-content\/uploads\/2023\/11\/m_allgklasse.pdf\">M\u00e4nner allg. Klasse<\/a><br><a href=\"https:\/\/www.ister.at\/Ister1\/wp-content\/uploads\/2023\/11\/m_junioren.pdf\">Junioren<\/a><br><a href=\"https:\/\/www.ister.at\/Ister1\/wp-content\/uploads\/2023\/11\/m_masters.pdf\">Masters M\u00e4nner<\/a><br><a href=\"https:\/\/www.ister.at\/Ister1\/wp-content\/uploads\/2023\/11\/f_allgklasse.pdf\">Frauen allg. Klasse<\/a><br><a href=\"https:\/\/www.ister.at\/Ister1\/wp-content\/uploads\/2023\/11\/f_juniorinnen.pdf\">Juniorinnen<\/a><\/p>\n\n\n\n<p>Ober\u00f6sterreichische Landesmeisterschaften, Ottensheim, 30.09.2023<br><a href=\"https:\/\/www.ister.at\/Ister1\/wp-content\/uploads\/2023\/10\/OOeLM2023_Gesamtergebnis.pdf\">Gesamtergebnis<\/a><br><a href=\"https:\/\/www.ister.at\/Ister1\/wp-content\/uploads\/2023\/10\/Teamwertung-OOe-Landesmeisterschaft-2023.pdf\">Teamwertung<\/a><\/p>\n\n\n\n<p>\u00d6sterreichische Meisterschaften, Wien Neue Donau, 22.-24.9.2023<br><a href=\"https:\/\/www.ister.at\/Ister1\/wp-content\/uploads\/2023\/09\/OEMOEMM-2023_Ergebnisse-FR.pdf\">Freitag<\/a><br><a href=\"https:\/\/www.ister.at\/Ister1\/wp-content\/uploads\/2023\/09\/OEMOEMM-2023_Ergebnisse-SA.pdf\">Samstag<\/a><br><a href=\"https:\/\/www.ister.at\/Ister1\/wp-content\/uploads\/2023\/09\/OEMOEMM-2023_Ergebnisse-SO.pdf\">Sonntag<\/a><\/p>\n\n\n\n<p>Internationale Regatta Villach, 09. &#8211; 10.09.2023<br><a href=\"https:\/\/www.ister.at\/Ister1\/wp-content\/uploads\/2023\/10\/2023_Ergebnis_sa.pdf\">Samstag<\/a><br><a href=\"https:\/\/www.ister.at\/Ister1\/wp-content\/uploads\/2023\/10\/2023_Ergebnis_so.pdf\">Sonntag<\/a><\/p>\n\n\n\n<p>Senioren Weltmeisterschaft, Belgrad, 03. &#8211; 10.09.2023<br><a href=\"https:\/\/www.ister.at\/Ister1\/wp-content\/uploads\/2023\/10\/M8.pdf\">M\u00e4nner 8+ Gesamtergebnis<\/a><\/p>\n\n\n\n<p>U19 Weltmeisterschaften, Paris, 02.8. &#8211; 06.08.2023<br><a href=\"https:\/\/www.ister.at\/Ister1\/wp-content\/uploads\/2023\/10\/U19JWA4-.pdf\">Vierer Gesamtergebnis<\/a><\/p>\n\n\n\n<p>Euro Masters Regatta, 27.-30.07.2023<br><a href=\"https:\/\/resy.m-start.de\/tables.php?q=ZzN1OVYzOCtxUkZRYUE0d0NrczV3ZFNrRWRoWUR6ZVdUT2lIYUs1cUQ2aFphTFdEblBpSjlVQ2JaODQ1L01IMlFzK25LWjlOU1pRVmluY0JUQ0x4bVFFMldIdjRvd0wxNEowRmVYZGNOUklsMERFMjAvV0hzUURGZFEza1NZTWM%3D&amp;l=de\">Gesamtergebnis<\/a><\/p>\n\n\n\n<p>U23 Weltmeisterschaften Plovdiv, 19. &#8211; 23.07.2023<br><a rel=\"noreferrer noopener\" href=\"https:\/\/www.ister.at\/Ister1\/wp-content\/uploads\/2023\/07\/U23WCH_2023_1_ROW_2-.pdf\" target=\"_blank\">Ergebnis 2-<\/a><\/p>\n\n\n\n<p>Czech Masters Meisterschaft, 16.-17.7.2023<br><a href=\"https:\/\/www.ister.at\/Ister1\/wp-content\/uploads\/2023\/11\/Celkove-vysledky-MCR-Masters-2023.pdf\">Gesamtergebnis<\/a><\/p>\n\n\n\n<p>Vienna International Rowing Regatta, 01.-02.07.2023<br><a href=\"https:\/\/www.ister.at\/Ister1\/wp-content\/uploads\/2023\/07\/VIRR2023_Results_Saturday.pdf\">Samstag<\/a><br><a href=\"https:\/\/www.ister.at\/Ister1\/wp-content\/uploads\/2023\/07\/VIRR2023_Results_Sunday.pdf\">Sonntag<\/a><\/p>\n\n\n\n<p>Internationale Regatta Bled, 09. &#8211; 11.06.2023<br><a rel=\"noreferrer noopener\" href=\"https:\/\/www.ister.at\/Ister1\/wp-content\/uploads\/2023\/06\/2023_Bled_International_Regatta_Regatta_results_v1_0.pdf\" target=\"_blank\">Gesamtergebnis<\/a><\/p>\n\n\n\n<p>Trainingswettkampf Ottensheim, 03.06.2023<br><a href=\"https:\/\/www.ister.at\/Ister1\/wp-content\/uploads\/2023\/06\/1.TWK-Ergebnis.pdf\" target=\"_blank\" rel=\"noreferrer noopener\">Gesamtergebnis<\/a><\/p>\n\n\n\n<p>EUROW Ottensheim, 27. &#8211; 28.05.2023<br><a rel=\"noreferrer noopener\" href=\"https:\/\/www.ister.at\/Ister1\/wp-content\/uploads\/2023\/05\/Gesamtergebnis_Samstag_27.5.23.pdf\" target=\"_blank\">Ergebnis Samstag<\/a><br><a rel=\"noreferrer noopener\" href=\"https:\/\/www.ister.at\/Ister1\/wp-content\/uploads\/2023\/05\/Gesamtergebnis_Sonntag_28.5.23.pdf\" target=\"_blank\">Ergebnis Sonntag<\/a><\/p>\n\n\n\n<p>Junioren Europameisterschaft, Brive-La Gaillarde, 20. &#8211; 21.05.2023<br><a rel=\"noreferrer noopener\" href=\"https:\/\/www.ister.at\/Ister1\/wp-content\/uploads\/2023\/06\/JW4-H2.pdf\" target=\"_blank\">Vorlauf JWA 4-<\/a><br><a rel=\"noreferrer noopener\" href=\"https:\/\/www.ister.at\/Ister1\/wp-content\/uploads\/2023\/06\/JW4-FA.pdf\" target=\"_blank\">Finale A JWA 4-<\/a><\/p>\n\n\n\n<p>Int. Regatta Wedau, Duisburg, 13.-14.05.2023<br><a rel=\"noreferrer noopener\" href=\"https:\/\/www.ister.at\/Ister1\/wp-content\/uploads\/2023\/06\/M2_ohne_Gesamt.pdf\" target=\"_blank\">2- Gesamtergebnis<\/a><\/p>\n\n\n\n<p>Wienerachter, 13.5.2023<br><a href=\"https:\/\/www.ister.at\/Ister1\/wp-content\/uploads\/2023\/05\/Results_Ergebnisse-Wienerachter-2023-2a16239a.pdf\">Ergebnisse<\/a><\/p>\n\n\n\n<p>Int. DRV Jugendregatta M\u00fcnchen, 06. &#8211; 07.05.2023<br><a rel=\"noreferrer noopener\" href=\"https:\/\/www.ister.at\/Ister1\/wp-content\/uploads\/2023\/05\/JR2023_Results.pdf\" target=\"_blank\">Gesamtergebnis<\/a><\/p>\n\n\n\n<p>Int. Regatta Klagenfurt, 29. &#8211; 30.04.2023<br><a rel=\"noreferrer noopener\" href=\"https:\/\/www.ister.at\/Ister1\/wp-content\/uploads\/2023\/05\/KLU_2023_Ergebnis_Sa.pdf\" target=\"_blank\">Samstag<\/a><br>Sonntag<\/p>\n\n\n\n<p>10km \/ 20km vom Wolfgangsee, 20.04.2023<br><a href=\"https:\/\/www.ister.at\/Ister1\/wp-content\/uploads\/2023\/05\/Ergebnisliste-Langstrecke-Wolfgangsee-2023.pdf\" target=\"_blank\" rel=\"noreferrer noopener\">Gesamtergebnis<\/a><\/p>\n\n\n\n<p>Inn-River-Race, Passau (GER) 15.04.<br><a href=\"https:\/\/www.ister.at\/Ister1\/wp-content\/uploads\/2023\/04\/Gesamtergebnis_Passau_2023.pdf\">Gesamtergebnis_Passau_2023<\/a><\/p>\n\n\n\n<p>1st International Coastal Rowing Beach Sprints, Limassol (CYP) 1.-2.4.<br><a href=\"https:\/\/www.ister.at\/Ister1\/wp-content\/uploads\/2023\/04\/Time-Trials-Results.pdf\">Time Trials Results<\/a><br><a href=\"https:\/\/www.ister.at\/Ister1\/wp-content\/uploads\/2023\/04\/Semi-Finals-and-Finals.pdf\">Semi-Finals and Finals<\/a><br><br>34. Indoor Meisterschaften &#8211; Wien, 29.01.<br><a rel=\"noreferrer noopener\" href=\"https:\/\/www.ister.at\/Ister1\/wp-content\/uploads\/2023\/02\/gesamt.pdf\" target=\"_blank\">Gesamtergebnis<\/a><\/p>\n<div class=\"love\"><input  id=\"post_20191\" type=\"checkbox\" class=\"LoveCheck\"\/>\n                <label for=\"post_20191\" class=\"dashicons dashicons-heart LoveLabel\" aria-label=\"like this\"><\/label><span class=\"LoveCount\">0<\/span><\/div><!--\/love-->","protected":false},"excerpt":{"rendered":"<p>0 Gislauf der Ruderer, 18.11.2023Ergebnis Sch\u00fclerInnen Head of Prague, 04.11.2023M\u00e4nner allg. KlasseJuniorenMasters M\u00e4nnerFrauen allg. KlasseJuniorinnen Ober\u00f6sterreichische Landesmeisterschaften, Ottensheim, 30.09.2023GesamtergebnisTeamwertung \u00d6sterreichische Meisterschaften, Wien Neue Donau, 22.-24.9.2023FreitagSamstagSonntag Internationale Regatta Villach, 09. &#8211; 10.09.2023SamstagSonntag Senioren Weltmeisterschaft, Belgrad, 03.[&#8230;]<\/p>\n","protected":false},"author":2,"featured_media":0,"parent":138,"menu_order":0,"comment_status":"closed","ping_status":"closed","template":"","meta":{"_monsterinsights_skip_tracking":false,"_monsterinsights_sitenote_active":false,"_monsterinsights_sitenote_note":"","_monsterinsights_sitenote_category":0,"footnotes":""},"class_list":["post-20191","page","type-page","status-publish","hentry"],"_links":{"self":[{"href":"https:\/\/www.ister.at\/Ister1\/index.php?rest_route=\/wp\/v2\/pages\/20191","targetHints":{"allow":["GET"]}}],"collection":[{"href":"https:\/\/www.ister.at\/Ister1\/index.php?rest_route=\/wp\/v2\/pages"}],"about":[{"href":"https:\/\/www.ister.at\/Ister1\/index.php?rest_route=\/wp\/v2\/types\/page"}],"author":[{"embeddable":true,"href":"https:\/\/www.ister.at\/Ister1\/index.php?rest_route=\/wp\/v2\/users\/2"}],"replies":[{"embeddable":true,"href":"https:\/\/www.ister.at\/Ister1\/index.php?rest_route=%2Fwp%2Fv2%2Fcomments&post=20191"}],"version-history":[{"count":31,"href":"https:\/\/www.ister.at\/Ister1\/index.php?rest_route=\/wp\/v2\/pages\/20191\/revisions"}],"predecessor-version":[{"id":20974,"href":"https:\/\/www.ister.at\/Ister1\/index.php?rest_route=\/wp\/v2\/pages\/20191\/revisions\/20974"}],"up":[{"embeddable":true,"href":"https:\/\/www.ister.at\/Ister1\/index.php?rest_route=\/wp\/v2\/pages\/138"}],"wp:attachment":[{"href":"https:\/\/www.ister.at\/Ister1\/index.php?rest_route=%2Fwp%2Fv2%2Fmedia&parent=20191"}],"curies":[{"name":"wp","href":"https:\/\/api.w.org\/{rel}","templated":true}]}}