{"id":19142,"date":"2022-01-29T18:33:23","date_gmt":"2022-01-29T17:33:23","guid":{"rendered":"http:\/\/www.ister.at\/Ister1\/?page_id=19142"},"modified":"2022-12-17T01:27:22","modified_gmt":"2022-12-17T00:27:22","slug":"ergebnisse-2022","status":"publish","type":"page","link":"https:\/\/www.ister.at\/Ister1\/?page_id=19142","title":{"rendered":"Ergebnisse 2022"},"content":{"rendered":"<div class=\"love\"><input  id=\"post_19142\" type=\"checkbox\" class=\"LoveCheck\"\/>\n                <label for=\"post_19142\" class=\"dashicons dashicons-heart LoveLabel\" aria-label=\"like this\"><\/label><span class=\"LoveCount\">2<\/span><\/div><!--\/love-->\n<p>Head of Prague, 05.11.2022<br><a href=\"https:\/\/www.ister.at\/Ister1\/wp-content\/uploads\/2022\/11\/head_of_prague_vysledky_2022.pdf\">Gesamtergebnis<\/a><br><br>Rheinmarathon, D\u00fcsseldorf, 01.10.2022<br><a rel=\"noreferrer noopener\" href=\"https:\/\/www.ister.at\/Ister1\/wp-content\/uploads\/2022\/10\/Regattaergebnis_rm22_02.10.2022-2.pdf\" target=\"_blank\">Gesamtergebnis<\/a><\/p>\n\n\n\n<p>\u00d6sterreichische Meisterschaften, Ottensheim, 30.09. &#8211; 02.10.2022<br><a rel=\"noreferrer noopener\" href=\"https:\/\/www.ister.at\/Ister1\/wp-content\/uploads\/2022\/10\/Sammelergebnis-Freitag-30.9.2022.pdf\" target=\"_blank\">Freitag<\/a><br><a rel=\"noreferrer noopener\" href=\"https:\/\/www.ister.at\/Ister1\/wp-content\/uploads\/2022\/10\/Sammelergebnis-Samstag-1.10.2022.pdf\" target=\"_blank\">Samstag<\/a><br><a rel=\"noreferrer noopener\" href=\"https:\/\/www.ister.at\/Ister1\/wp-content\/uploads\/2022\/10\/Sammelergebnis-Sonntag-2.10.2022.pdf\" target=\"_blank\">Sonntag<\/a><\/p>\n\n\n\n<p>Weltmeisterschaften Ra\u010dice\/CZ, 19. &#8211; 25.09.2022<br><a rel=\"noreferrer noopener\" href=\"https:\/\/www.ister.at\/Ister1\/wp-content\/uploads\/2022\/09\/Gesamtergebnis-vierer.pdf\" target=\"_blank\">Gesamtergebnis Vierer ohne<\/a><\/p>\n\n\n\n<p>W\u00f6rtherseeregatta -Blaues Band und Spanheimer, 17.09.2022<br><a href=\"https:\/\/www.ister.at\/Ister1\/wp-content\/uploads\/2022\/10\/Blaues-Band-2022.pdf\" target=\"_blank\" rel=\"noreferrer noopener\">Blaues Band Achter<\/a><br><a href=\"https:\/\/www.ister.at\/Ister1\/wp-content\/uploads\/2022\/10\/Spanheimer-2022.pdf\" target=\"_blank\" rel=\"noreferrer noopener\">Spanheimer Vierer<\/a><\/p>\n\n\n\n<p>O\u00d6 Landesmeisterschaften Ottensheim, 17.09.2022<br><a rel=\"noreferrer noopener\" href=\"https:\/\/www.ister.at\/Ister1\/wp-content\/uploads\/2022\/09\/Gesamtergebnis_LM-OO\u0308_17092022.pdf\" target=\"_blank\">Gesamtergebnis<\/a><br><a rel=\"noreferrer noopener\" href=\"https:\/\/www.ister.at\/Ister1\/wp-content\/uploads\/2022\/09\/Punktewertung-LM.pdf\" target=\"_blank\">Punktewertungen<\/a><\/p>\n\n\n\n<p>61. Internationale Villacher Regatta, 10. &#8211; 11.09.2022<br><a rel=\"noreferrer noopener\" href=\"https:\/\/www.ister.at\/Ister1\/wp-content\/uploads\/2022\/09\/Results-10.09.2022.pdf\" target=\"_blank\">Ergebnis Samstag<\/a><br><a rel=\"noreferrer noopener\" href=\"https:\/\/www.ister.at\/Ister1\/wp-content\/uploads\/2022\/09\/Results-11.09.2022.pdf\" target=\"_blank\">Ergebnis Sonntag<\/a><\/p>\n\n\n\n<p>Junioren*Innen B Achter Projekt und Wikinger Horn, Ottensheim, 03.09.2022<br><a rel=\"noreferrer noopener\" href=\"https:\/\/www.ister.at\/Ister1\/wp-content\/uploads\/2022\/09\/JB_Projekt_Wikinger_Horn.pdf\" target=\"_blank\">Gesamtergebnis<\/a><\/p>\n\n\n\n<p>U23 Europameisterschaften Hazewinkel\/Belgien, 03. &#8211; 04.09.2022<br><a rel=\"noreferrer noopener\" href=\"https:\/\/www.ister.at\/Ister1\/wp-content\/uploads\/2022\/09\/BM4-.pdf\" target=\"_blank\">Ergebnis M\u00e4nner 4-<\/a><\/p>\n\n\n\n<p>6. L\u00e4nder Jugendvergleichskqampf, Maribor, 26.08.2022<br><a rel=\"noreferrer noopener\" href=\"https:\/\/www.ister.at\/Ister1\/wp-content\/uploads\/2022\/08\/REZULTATI.pdf\" target=\"_blank\">Gesamtergebnis<\/a><\/p>\n\n\n\n<p>Coupe de la Jeunesse, Castrelo de Mi\u00f1o &#8211; Spanien, 06. &#8211; 07.08.2022<br><a rel=\"noreferrer noopener\" href=\"https:\/\/www.ister.at\/Ister1\/wp-content\/uploads\/2022\/08\/Coupe-de-la-Jeunesse-Samstag.pdf\" target=\"_blank\">Ergebnis Samstag<\/a><br><a rel=\"noreferrer noopener\" href=\"https:\/\/www.ister.at\/Ister1\/wp-content\/uploads\/2022\/08\/Coupe-de-la-Jeunesse-Sonntag.pdf\" target=\"_blank\">Ergebnis Sonntag<\/a><\/p>\n\n\n\n<p>Wiener Internationale Regatta, 25. &#8211; 26.06.2022<br><a rel=\"noreferrer noopener\" href=\"https:\/\/www.ister.at\/Ister1\/wp-content\/uploads\/2022\/06\/Ergebnisse-25.06.2022.pdf\" target=\"_blank\">Ergebnis Samstag<\/a><br><a rel=\"noreferrer noopener\" href=\"https:\/\/www.ister.at\/Ister1\/wp-content\/uploads\/2022\/06\/Ergebnisse-26.06.2022.pdf\" target=\"_blank\">Ergebnis Sonntag<\/a><\/p>\n\n\n\n<p>Euro Masters Regatta on Tour, Bled\/SLO, 16.-19.6.2022<br><a href=\"https:\/\/www.ister.at\/Ister1\/wp-content\/uploads\/2022\/08\/2022_Euro_Masters_Regatta_on_Tour_Results_v1_0.pdf\">Ergebnisse Do-Sa<\/a><br><a href=\"https:\/\/www.ister.at\/Ister1\/wp-content\/uploads\/2022\/08\/EMR2022_Results_Mixed_Events.pdf\">Ergebnisse So (mixed)<\/a><\/p>\n\n\n\n<p>Internationale Regatta Bled, 11. &#8211; 12 .06.2022<br><a rel=\"noreferrer noopener\" href=\"https:\/\/www.ister.at\/Ister1\/wp-content\/uploads\/2022\/06\/66th_Bled_International_Regatta_Results_v1_0.pdf\" target=\"_blank\">Gesamtergebnis<\/a><\/p>\n\n\n\n<p>Trainingswettkampf 1 Ottensheim, 03.06.2022<br><a rel=\"noreferrer noopener\" href=\"https:\/\/www.ister.at\/Ister1\/wp-content\/uploads\/2022\/06\/1.-TWK-2022-Ergebnisse.pdf\" target=\"_blank\">Gesamtergebnis<\/a><\/p>\n\n\n\n<p>EUROW Ottensheim, 28. &#8211; 29.05.2022<br><a href=\"https:\/\/www.ister.at\/Ister1\/wp-content\/uploads\/2022\/06\/Gesamtergebnis-EUROW-Internationale-RR-2022.pdf\" target=\"_blank\" rel=\"noreferrer noopener\">Gesamtergebnis<\/a><\/p>\n\n\n\n<p>Wiener Achter, 14.05.2022<br><a href=\"https:\/\/www.ister.at\/Ister1\/wp-content\/uploads\/2022\/05\/Results-Wienerachter-2022-Overall.pdf\">Gesamtergebnis<\/a><\/p>\n\n\n\n<p>Internationale DRV Jugendregatta M\u00fcnchen, 07. &#8211; 08.05.2022<br><a href=\"https:\/\/www.ister.at\/Ister1\/wp-content\/uploads\/2022\/05\/Ergebnisse-Ister.pdf\">Ergebnisse Ister<\/a><\/p>\n\n\n\n<p>86. Int. Regatta Klagenfurt, 30.04. &#8211; 01.05.2022<br><a href=\"https:\/\/www.ister.at\/Ister1\/wp-content\/uploads\/2022\/05\/Ergebnisse-SA.pdf\">Ergebnisse Samstag<\/a><br><a href=\"https:\/\/www.ister.at\/Ister1\/wp-content\/uploads\/2022\/05\/Ergebnisse-SO.pdf\">Ergebnisse Sonntag<\/a><\/p>\n\n\n\n<p>Kleinboottest Ottensheim, 23. &#8211; 24.04.2022<br><a rel=\"noreferrer noopener\" href=\"https:\/\/www.ister.at\/Ister1\/wp-content\/uploads\/2022\/04\/Vorlaeufe.pdf\" target=\"_blank\">Time Trial<\/a><br><a rel=\"noreferrer noopener\" href=\"https:\/\/www.ister.at\/Ister1\/wp-content\/uploads\/2022\/04\/Seminfinale.pdf\" target=\"_blank\">Semifinale<\/a><br><a rel=\"noreferrer noopener\" href=\"https:\/\/www.ister.at\/Ister1\/wp-content\/uploads\/2022\/04\/Gesamtergebnis-Sonntag-Finali-KBT-2022.pdf\" target=\"_blank\">Finale<\/a><\/p>\n\n\n\n<p>10\/20 km vom Mondsee, 23.04.2022<br><a href=\"https:\/\/www.ister.at\/Ister1\/wp-content\/uploads\/2022\/04\/Ergebnisliste-Zweier-Langstrecke-Mondsee-2022-V1.1.pdf\">Gesamtergebnis<\/a><\/p>\n\n\n\n<p>Croatian Open Zagreb, 09. &#8211; 10.04.2022<br><a href=\"https:\/\/www.ister.at\/Ister1\/wp-content\/uploads\/2022\/04\/Croatian-Open-Zagreb.pdf\" target=\"_blank\" rel=\"noreferrer noopener\">Gesamtergebnis<\/a><\/p>\n\n\n\n<p>Indoor Meisterschaft, dezentral &#8211; 29.01.2022<br><a href=\"https:\/\/www.ister.at\/Ister1\/wp-content\/uploads\/2022\/01\/Ergebnis_Indoor_2022.pdf\">Gesamtergebnis<\/a><\/p>\n<div class=\"love\"><input  id=\"post_19142\" type=\"checkbox\" class=\"LoveCheck\"\/>\n                <label for=\"post_19142\" class=\"dashicons dashicons-heart LoveLabel\" aria-label=\"like this\"><\/label><span class=\"LoveCount\">2<\/span><\/div><!--\/love-->","protected":false},"excerpt":{"rendered":"<p>2 Head of Prague, 05.11.2022Gesamtergebnis Rheinmarathon, D\u00fcsseldorf, 01.10.2022Gesamtergebnis \u00d6sterreichische Meisterschaften, Ottensheim, 30.09. &#8211; 02.10.2022FreitagSamstagSonntag Weltmeisterschaften Ra\u010dice\/CZ, 19. &#8211; 25.09.2022Gesamtergebnis Vierer ohne W\u00f6rtherseeregatta -Blaues Band und Spanheimer, 17.09.2022Blaues Band AchterSpanheimer Vierer O\u00d6 Landesmeisterschaften Ottensheim, 17.09.2022GesamtergebnisPunktewertungen 61.[&#8230;]<\/p>\n","protected":false},"author":2,"featured_media":0,"parent":138,"menu_order":0,"comment_status":"closed","ping_status":"closed","template":"","meta":{"_monsterinsights_skip_tracking":false,"_monsterinsights_sitenote_active":false,"_monsterinsights_sitenote_note":"","_monsterinsights_sitenote_category":0,"footnotes":""},"class_list":["post-19142","page","type-page","status-publish","hentry"],"_links":{"self":[{"href":"https:\/\/www.ister.at\/Ister1\/index.php?rest_route=\/wp\/v2\/pages\/19142","targetHints":{"allow":["GET"]}}],"collection":[{"href":"https:\/\/www.ister.at\/Ister1\/index.php?rest_route=\/wp\/v2\/pages"}],"about":[{"href":"https:\/\/www.ister.at\/Ister1\/index.php?rest_route=\/wp\/v2\/types\/page"}],"author":[{"embeddable":true,"href":"https:\/\/www.ister.at\/Ister1\/index.php?rest_route=\/wp\/v2\/users\/2"}],"replies":[{"embeddable":true,"href":"https:\/\/www.ister.at\/Ister1\/index.php?rest_route=%2Fwp%2Fv2%2Fcomments&post=19142"}],"version-history":[{"count":28,"href":"https:\/\/www.ister.at\/Ister1\/index.php?rest_route=\/wp\/v2\/pages\/19142\/revisions"}],"predecessor-version":[{"id":20074,"href":"https:\/\/www.ister.at\/Ister1\/index.php?rest_route=\/wp\/v2\/pages\/19142\/revisions\/20074"}],"up":[{"embeddable":true,"href":"https:\/\/www.ister.at\/Ister1\/index.php?rest_route=\/wp\/v2\/pages\/138"}],"wp:attachment":[{"href":"https:\/\/www.ister.at\/Ister1\/index.php?rest_route=%2Fwp%2Fv2%2Fmedia&parent=19142"}],"curies":[{"name":"wp","href":"https:\/\/api.w.org\/{rel}","templated":true}]}}