{"id":19028,"date":"2021-12-31T14:31:21","date_gmt":"2021-12-31T13:31:21","guid":{"rendered":"http:\/\/www.ister.at\/Ister1\/?page_id=19028"},"modified":"2026-03-24T12:36:21","modified_gmt":"2026-03-24T11:36:21","slug":"rennsportteam-2022","status":"publish","type":"page","link":"https:\/\/www.ister.at\/Ister1\/?page_id=19028","title":{"rendered":"Rennsportteam 2026"},"content":{"rendered":"<div class=\"love\"><input  id=\"post_19028\" type=\"checkbox\" class=\"LoveCheck\"\/>\n                <label for=\"post_19028\" class=\"dashicons dashicons-heart LoveLabel\" aria-label=\"like this\"><\/label><span class=\"LoveCount\">6<\/span><\/div><!--\/love-->\n<p>Der Ruderverein Ister freut sich sein Rennsportteam 2026 zu pr\u00e4sentieren.<\/p>\n\n\n\n<p class=\"has-text-align-center\"><a href=\"#t\">Trainer*Innen<\/a>   &#8211;   <a href=\"#w\">W<\/a>   &#8211;   <a href=\"#u23m\">M<\/a>   &#8211;   <a href=\"#jfa\">JFA<\/a>   &#8211;   <a href=\"#jfb\">JFB<\/a>   &#8211;   <a href=\"#jma\">JMA<\/a>   &#8211;   <a href=\"#jmb\">JMB<\/a>   &#8211;   <a href=\"#schw\">SchF<\/a>   &#8211;   <a href=\"#schm\">SchM<\/a><\/p>\n\n\n\n<div class=\"wp-block-columns is-layout-flex wp-container-core-columns-is-layout-9d6595d7 wp-block-columns-is-layout-flex\">\n<div class=\"wp-block-column is-layout-flow wp-block-column-is-layout-flow\" style=\"flex-basis:100%\">\n<div class=\"wp-block-group\"><div class=\"wp-block-group__inner-container is-layout-flow wp-block-group-is-layout-flow\">\n<figure class=\"wp-block-table is-style-regular\"><table><tbody><tr><td><\/td><td><strong><strong><span id=\"w\" class=\"has-inline-color has-tertiary-color\">Rennsportwart<\/span><\/strong><\/strong><\/td><\/tr><tr><td><img loading=\"lazy\" decoding=\"async\" width=\"150\" height=\"200\" class=\"wp-image-21637\" style=\"width: 150px;\" src=\"https:\/\/www.ister.at\/Ister1\/wp-content\/uploads\/2024\/12\/Campbell-Jeff-Profilfoto.jpeg\" alt=\"\" srcset=\"https:\/\/www.ister.at\/Ister1\/wp-content\/uploads\/2024\/12\/Campbell-Jeff-Profilfoto.jpeg 1536w, https:\/\/www.ister.at\/Ister1\/wp-content\/uploads\/2024\/12\/Campbell-Jeff-Profilfoto-225x300.jpeg 225w, https:\/\/www.ister.at\/Ister1\/wp-content\/uploads\/2024\/12\/Campbell-Jeff-Profilfoto-768x1024.jpeg 768w, https:\/\/www.ister.at\/Ister1\/wp-content\/uploads\/2024\/12\/Campbell-Jeff-Profilfoto-1152x1536.jpeg 1152w\" sizes=\"auto, (max-width: 150px) 100vw, 150px\" \/><\/td><td><strong>Campbell Jeffrey<\/strong><\/td><\/tr><tr><td><\/td><td><\/td><\/tr><tr><td><\/td><td><strong id=\"t\"><strong><strong><span id=\"w\" class=\"has-inline-color has-tertiary-color\">Trainer*Innen Team<\/span><\/strong><\/strong><\/strong><\/td><\/tr><tr><td><img loading=\"lazy\" decoding=\"async\" width=\"150\" height=\"150\" class=\"wp-image-21873\" style=\"width: 150px;\" src=\"https:\/\/www.ister.at\/Ister1\/wp-content\/uploads\/2025\/04\/2025_Team_0013.jpg\" alt=\"\" srcset=\"https:\/\/www.ister.at\/Ister1\/wp-content\/uploads\/2025\/04\/2025_Team_0013.jpg 1200w, https:\/\/www.ister.at\/Ister1\/wp-content\/uploads\/2025\/04\/2025_Team_0013-300x300.jpg 300w, https:\/\/www.ister.at\/Ister1\/wp-content\/uploads\/2025\/04\/2025_Team_0013-1024x1024.jpg 1024w, https:\/\/www.ister.at\/Ister1\/wp-content\/uploads\/2025\/04\/2025_Team_0013-150x150.jpg 150w, https:\/\/www.ister.at\/Ister1\/wp-content\/uploads\/2025\/04\/2025_Team_0013-768x768.jpg 768w\" sizes=\"auto, (max-width: 150px) 100vw, 150px\" \/><a href=\"https:\/\/www.ister.at\/Ister1\/wp-content\/uploads\/2021\/12\/2021_team_2022_069.jpg\" rel=\"lightbox[19028]\"><\/a><\/td><td><br><strong>Lindner Lorcan<\/strong><br>Head Coach<br><br>Koordination, Trainingsplanung, Regattaplanung, Nachwuchstraining, Akquise, Ruderschule<br><br><br><br><\/td><\/tr><tr><td><a href=\"https:\/\/www.ister.at\/Ister1\/wp-content\/uploads\/2021\/12\/2021_team_2022_075.jpg\" rel=\"lightbox[19028]\"><img loading=\"lazy\" decoding=\"async\" width=\"150\" height=\"226\" class=\"wp-image-19035\" style=\"width: 150px;\" src=\"https:\/\/www.ister.at\/Ister1\/wp-content\/uploads\/2021\/12\/2021_team_2022_075.jpg\" alt=\"\" srcset=\"https:\/\/www.ister.at\/Ister1\/wp-content\/uploads\/2021\/12\/2021_team_2022_075.jpg 798w, https:\/\/www.ister.at\/Ister1\/wp-content\/uploads\/2021\/12\/2021_team_2022_075-200x300.jpg 200w, https:\/\/www.ister.at\/Ister1\/wp-content\/uploads\/2021\/12\/2021_team_2022_075-681x1024.jpg 681w, https:\/\/www.ister.at\/Ister1\/wp-content\/uploads\/2021\/12\/2021_team_2022_075-768x1155.jpg 768w\" sizes=\"auto, (max-width: 150px) 100vw, 150px\" \/><\/a><a href=\"https:\/\/www.ister.at\/Ister1\/wp-content\/uploads\/2021\/10\/Hannah-Bailey.jpg\" rel=\"lightbox[19028]\"><\/a><\/td><td><strong>P\u00fchringer Birgit<br>Staatlich gepr\u00fcfte Ruderinstruktorin<\/strong><br><br>Junioren*Innen A\/B, Krafttraining<\/td><\/tr><tr><td><img loading=\"lazy\" decoding=\"async\" width=\"150\" height=\"175\" class=\"wp-image-20341\" style=\"width: 150px;\" src=\"https:\/\/www.ister.at\/Ister1\/wp-content\/uploads\/2023\/05\/Besare-Abdulai.jpeg\" alt=\"\" srcset=\"https:\/\/www.ister.at\/Ister1\/wp-content\/uploads\/2023\/05\/Besare-Abdulai.jpeg 1752w, https:\/\/www.ister.at\/Ister1\/wp-content\/uploads\/2023\/05\/Besare-Abdulai-257x300.jpeg 257w, https:\/\/www.ister.at\/Ister1\/wp-content\/uploads\/2023\/05\/Besare-Abdulai-876x1024.jpeg 876w, https:\/\/www.ister.at\/Ister1\/wp-content\/uploads\/2023\/05\/Besare-Abdulai-768x898.jpeg 768w, https:\/\/www.ister.at\/Ister1\/wp-content\/uploads\/2023\/05\/Besare-Abdulai-1314x1536.jpeg 1314w\" sizes=\"auto, (max-width: 150px) 100vw, 150px\" \/><\/td><td><br><br><strong>Abdulai Besare<\/strong><br>Betreuerin<br><br>Nachwuchstraining, Akquise, Ruderschule<br><br><br><\/td><\/tr><tr><td><img loading=\"lazy\" decoding=\"async\" width=\"150\" height=\"98\" class=\"wp-image-22452\" style=\"width: 150px;\" src=\"https:\/\/www.ister.at\/Ister1\/wp-content\/uploads\/2026\/01\/Heimo.jpg\" alt=\"\" srcset=\"https:\/\/www.ister.at\/Ister1\/wp-content\/uploads\/2026\/01\/Heimo.jpg 818w, https:\/\/www.ister.at\/Ister1\/wp-content\/uploads\/2026\/01\/Heimo-300x196.jpg 300w, https:\/\/www.ister.at\/Ister1\/wp-content\/uploads\/2026\/01\/Heimo-768x502.jpg 768w\" sizes=\"auto, (max-width: 150px) 100vw, 150px\" \/><\/td><td><strong>Hinterer Heimo<\/strong><br>Betreuer<br>BM<br><br><\/td><\/tr><tr><td><img decoding=\"async\" class=\"wp-image-20341\" style=\"width: 150px;\" src=\"https:\/\/www.ister.at\/Ister1\/wp-content\/uploads\/2024\/12\/Campbell-Jeff-Profilfoto.jpeg\" alt=\"\"><\/td><td><strong>Campbell Jeffrey<br><\/strong>Betreuer<br><br>JuniorenInnen A\/B, Nachwuchstraining, Akquise, Ruderschule<\/td><\/tr><tr><td><\/td><td><\/td><\/tr><tr><td><\/td><td><strong><strong><span id=\"w\" class=\"has-inline-color has-tertiary-color\">Schiedsrichter<\/span><\/strong><\/strong><\/td><\/tr><tr><td><img loading=\"lazy\" decoding=\"async\" width=\"120\" height=\"119\" class=\"wp-image-21119\" style=\"width: 120px;\" src=\"https:\/\/www.ister.at\/Ister1\/wp-content\/uploads\/2024\/02\/VolkerKuttelwascher.jpg\" alt=\"\"><\/td><td><strong>Kuttelwascher Volker<\/strong><br>Nat. Lizenznr. 128\/10<\/td><\/tr><tr><td><\/td><td><\/td><\/tr><tr><td><\/td><td><strong><span id=\"w\" class=\"has-inline-color has-tertiary-color\">Frauen &#8211; Allgemeine Klasse<\/span><\/strong><\/td><\/tr><tr><td><img loading=\"lazy\" decoding=\"async\" width=\"150\" height=\"150\" class=\"wp-image-21868\" style=\"width: 150px;\" src=\"https:\/\/www.ister.at\/Ister1\/wp-content\/uploads\/2025\/04\/20250414_IsterPortrait_0006-scaled.jpg\" alt=\"\" srcset=\"https:\/\/www.ister.at\/Ister1\/wp-content\/uploads\/2025\/04\/20250414_IsterPortrait_0006-scaled.jpg 2560w, https:\/\/www.ister.at\/Ister1\/wp-content\/uploads\/2025\/04\/20250414_IsterPortrait_0006-300x300.jpg 300w, https:\/\/www.ister.at\/Ister1\/wp-content\/uploads\/2025\/04\/20250414_IsterPortrait_0006-1024x1024.jpg 1024w, https:\/\/www.ister.at\/Ister1\/wp-content\/uploads\/2025\/04\/20250414_IsterPortrait_0006-150x150.jpg 150w, https:\/\/www.ister.at\/Ister1\/wp-content\/uploads\/2025\/04\/20250414_IsterPortrait_0006-768x768.jpg 768w, https:\/\/www.ister.at\/Ister1\/wp-content\/uploads\/2025\/04\/20250414_IsterPortrait_0006-1536x1536.jpg 1536w, https:\/\/www.ister.at\/Ister1\/wp-content\/uploads\/2025\/04\/20250414_IsterPortrait_0006-2048x2048.jpg 2048w\" sizes=\"auto, (max-width: 150px) 100vw, 150px\" \/><\/td><td><strong>K\u00fchr Marlene<\/strong><br>2025 WM Beach Sprint Finals CJW1x &#8211; 7. Platz<br>2025 Europameisterin Beach Sprint CJW1x &#8211; 3. Platz<br>2025 \u00d6sterreichischer Vizemeisterin Beach Sprint CM1x<br>2025 \u00d6sterreichischer Vizemeisterin LJWA1x<br>2025 \u00d6sterr. Indoormeisterin JunA LW &#8211; 2. Platz<br>2024 \u00d6sterr. Juniorenmeisterin JunA LW <strong>&#8211; 1. Platz<\/strong><br>2024 \u00d6sterr. Indoormeisterin JunA LW<strong>&#8211; 1. Platz<\/strong><br>2023 Olympic Hopes Regatta &#8211; Achter &#8211; <strong>1. Platz<\/strong><\/td><\/tr><tr><td><\/td><td><strong>Sigmund Viola<\/strong><\/td><\/tr><tr><td><\/td><td><\/td><\/tr><tr><td><\/td><td><strong><mark style=\"background-color:rgba(0, 0, 0, 0)\" class=\"has-inline-color has-tertiary-color\">M\u00e4nner<\/mark><span id=\"w\" class=\"has-inline-color has-tertiary-color\"> &#8211; Allgemeine Klasse<\/span><\/strong><\/td><\/tr><tr><td>&nbsp; <a href=\"https:\/\/www.ister.at\/Ister1\/wp-content\/uploads\/2021\/12\/stekl.jpg\" rel=\"lightbox[19028]\"><img loading=\"lazy\" decoding=\"async\" width=\"150\" height=\"200\" class=\"wp-image-19041\" style=\"width: 150px;\" src=\"https:\/\/www.ister.at\/Ister1\/wp-content\/uploads\/2021\/12\/stekl.jpg\" alt=\"\" srcset=\"https:\/\/www.ister.at\/Ister1\/wp-content\/uploads\/2021\/12\/stekl.jpg 691w, https:\/\/www.ister.at\/Ister1\/wp-content\/uploads\/2021\/12\/stekl-225x300.jpg 225w\" sizes=\"auto, (max-width: 150px) 100vw, 150px\" \/><\/a><\/td><td><strong>Stekl Gabriel<\/strong><br>2024 \u00d6sterr. Indoor M\u00e4nner Staatsmeister<br>2024 Schlagmann \u00d6sterreich Achter<br>2024 Vizemeister M\u00e4nner Doppelvierer<br>2024 O\u00d6 Landesmeister M\u00e4nner Doppelvierer<br>2023 O\u00d6 Landesmeister M\u00e4nner Doppelvierer<br>2023 Schlagmann \u00d6sterreich Achter Weltmeisterschaft<br>2022 Weltmeisterschaften Finale C &#8211; ungesteuerter Vierer<br>2021 Unter 23 Weltmeisterschaften (\u00d6sterreich Achter)<br>2020 Unter 23 Europameisterschaften Finale A &#8211; Zweier ohne<br>2019 Unter 23 Weltmeisterschaften Finale A &#8211; Doppelzweier<br>2017 Junioren A Meister im Einer<br>&#8230;<br><br>Alle Daten siehe <a href=\"https:\/\/worldrowing.com\/athlete\/gabriel-stekl?id=49117\" target=\"_blank\" rel=\"noreferrer noopener\">World Rowing<\/a><\/td><\/tr><tr><td>&nbsp;<a href=\"https:\/\/www.ister.at\/Ister1\/wp-content\/uploads\/2021\/12\/adrian.jpg\" rel=\"lightbox[19028]\"><img loading=\"lazy\" decoding=\"async\" width=\"150\" height=\"182\" class=\"wp-image-19042\" style=\"width: 150px;\" src=\"https:\/\/www.ister.at\/Ister1\/wp-content\/uploads\/2021\/12\/adrian.jpg\" alt=\"\" srcset=\"https:\/\/www.ister.at\/Ister1\/wp-content\/uploads\/2021\/12\/adrian.jpg 1316w, https:\/\/www.ister.at\/Ister1\/wp-content\/uploads\/2021\/12\/adrian-247x300.jpg 247w, https:\/\/www.ister.at\/Ister1\/wp-content\/uploads\/2021\/12\/adrian-842x1024.jpg 842w, https:\/\/www.ister.at\/Ister1\/wp-content\/uploads\/2021\/12\/adrian-768x934.jpg 768w, https:\/\/www.ister.at\/Ister1\/wp-content\/uploads\/2021\/12\/adrian-1263x1536.jpg 1263w\" sizes=\"auto, (max-width: 150px) 100vw, 150px\" \/><\/a><\/td><td><strong>Reininger Adrian<\/strong><br>2024 Vizemeister M\u00e4nner Doppelvierer<br>2024 O\u00d6 Landesmeister M\u00e4nner Doppelvierer<br>2023 O\u00d6 Landesmeister M\u00e4nner Doppelvierer<br>2022 O\u00d6 Landesmeister M\u00e4nner &#8211; Doppelzweier<br>2022 O\u00d6 Landesmeister M\u00e4nner &#8211; Doppelvierer<br>2022 O\u00d6 Landesmeister M\u00e4nner &#8211; ungesteuerter Zweier<br>2022 Unter 23 Europameisterschaften &#8211; ungesteuerter Zweier<br>2021 Unter 23 Weltmeisterschaften &#8211; ungesteuerter Vierer<br>&#8230;<br><br>Alle Daten siehe <a href=\"https:\/\/worldrowing.com\/athlete\/adrian-reininger?id=55312\" target=\"_blank\" rel=\"noreferrer noopener\">World Rowing<\/a><\/td><\/tr><tr><td>&nbsp;<a href=\"https:\/\/www.ister.at\/Ister1\/wp-content\/uploads\/2021\/12\/fabian.jpg\" rel=\"lightbox[19028]\"><img loading=\"lazy\" decoding=\"async\" width=\"150\" height=\"200\" class=\"wp-image-19045\" style=\"width: 150px;\" src=\"https:\/\/www.ister.at\/Ister1\/wp-content\/uploads\/2021\/12\/fabian.jpg\" alt=\"\" srcset=\"https:\/\/www.ister.at\/Ister1\/wp-content\/uploads\/2021\/12\/fabian.jpg 592w, https:\/\/www.ister.at\/Ister1\/wp-content\/uploads\/2021\/12\/fabian-225x300.jpg 225w\" sizes=\"auto, (max-width: 150px) 100vw, 150px\" \/><\/a><\/td><td><strong>Gillhofer Fabian<\/strong><br>2024 Vizemeister M\u00e4nner Doppelvierer<br>2024 O\u00d6 Landesmeister M\u00e4nner Doppelvierer<br>2023 O\u00d6 Landesmeister M\u00e4nner Doppelvierer<br>2023 \u00d6sterreich Achter Weltmeisterschaften<br>2023 U23 Weltmeisterschaft Plovdiv<br>2022 O\u00d6 Landesmeister M\u00e4nner &#8211; Doppelzweier<br>2022 O\u00d6 Landesmeister M\u00e4nner &#8211; Doppelvierer<br>2022 O\u00d6 Landesmeister M\u00e4nner &#8211; ungesteuerter Zweier<br>2022 Unter 23 Weltmeisterschaften &#8211; ungesteuerter Vierer<br>2022 Unter 23 Europameisterschaften Hazewinkel\/B- ungesteuerter Vierer<br>2022 \u00d6sterreichischer Indoor Vize Staatsmeister<br>&#8230;.<br><br>Alle Daten siehe <a href=\"https:\/\/worldrowing.com\/athlete\/fabian-gillhofer?id=50991\" target=\"_blank\" rel=\"noreferrer noopener\">World Rowing<\/a><\/td><\/tr><tr><td><a href=\"https:\/\/www.ister.at\/Ister1\/wp-content\/uploads\/2021\/12\/2021_team_2022_064.jpg\" rel=\"lightbox[19028]\"><img loading=\"lazy\" decoding=\"async\" width=\"150\" height=\"226\" class=\"wp-image-19064\" style=\"width: 150px;\" src=\"https:\/\/www.ister.at\/Ister1\/wp-content\/uploads\/2021\/12\/2021_team_2022_064.jpg\" alt=\"\" srcset=\"https:\/\/www.ister.at\/Ister1\/wp-content\/uploads\/2021\/12\/2021_team_2022_064.jpg 798w, https:\/\/www.ister.at\/Ister1\/wp-content\/uploads\/2021\/12\/2021_team_2022_064-200x300.jpg 200w, https:\/\/www.ister.at\/Ister1\/wp-content\/uploads\/2021\/12\/2021_team_2022_064-681x1024.jpg 681w, https:\/\/www.ister.at\/Ister1\/wp-content\/uploads\/2021\/12\/2021_team_2022_064-768x1155.jpg 768w\" sizes=\"auto, (max-width: 150px) 100vw, 150px\" \/><\/a><\/td><td><strong>Griesfelder Ruben<\/strong><br>2024 \u00d6sterr. Vizestaatsmeister M\u00e4nner Doppelvierer<br>2024 O\u00d6 Landesmeister M\u00e4nner Doppelvierer<br>2023 Coupe de la Jeunesse, Amsterdam, Finale A<br>2022 \u00d6sterr. Juniorenmeister Doppelzweier<br>2022 O\u00d6 Landesmeister M\u00e4nner &#8211; Doppelvierer<br>2022 O\u00d6 Landesmeister Junioren B &#8211; Doppelzweier<br>2022 \u00d6sterreichischer Indoor Vize Meister Junioren B<br>2021 Landesmeister Junioren B Doppelvierer <br>&#8230;<\/td><\/tr><tr><td><\/td><td><strong>Gschaider Justus<\/strong><br>2025 \u00d6sterreichischer Vizemeister Beach Sprint CM1x<br>2025 \u00d6sterr. Juniorenmeister LM1x &#8211; 3. Platz<br>2023 WM Beach Sprint Finals CJMix2x &#8211; 8. Platz<br>&#8230;<\/td><\/tr><tr><td><\/td><td><strong>Sch\u00f6ppl Moritz<\/strong><\/td><\/tr><tr><td><\/td><td><\/td><\/tr><tr><td><\/td><td><strong><span class=\"has-inline-color has-tertiary-color\">U19 &#8211; Junioren A &#8211; weiblich<\/span><\/strong><\/td><\/tr><tr><td>&nbsp;<a href=\"https:\/\/www.ister.at\/Ister1\/wp-content\/uploads\/2021\/12\/2021_team_2022_025.jpg\" rel=\"lightbox[19028]\"><img loading=\"lazy\" decoding=\"async\" width=\"150\" height=\"226\" class=\"wp-image-19058\" style=\"width: 150px;\" src=\"https:\/\/www.ister.at\/Ister1\/wp-content\/uploads\/2021\/12\/2021_team_2022_025.jpg\" alt=\"\" srcset=\"https:\/\/www.ister.at\/Ister1\/wp-content\/uploads\/2021\/12\/2021_team_2022_025.jpg 798w, https:\/\/www.ister.at\/Ister1\/wp-content\/uploads\/2021\/12\/2021_team_2022_025-200x300.jpg 200w, https:\/\/www.ister.at\/Ister1\/wp-content\/uploads\/2021\/12\/2021_team_2022_025-681x1024.jpg 681w, https:\/\/www.ister.at\/Ister1\/wp-content\/uploads\/2021\/12\/2021_team_2022_025-768x1155.jpg 768w\" sizes=\"auto, (max-width: 150px) 100vw, 150px\" \/><\/a><\/td><td><strong>Milton Sophie<\/strong><br>2025 Coupe de la Jeunesse JWA 2x &#8211; 8. Platz<br>2024 Olympic Hopes Regatta Tschechien, ungesteuerter Vierer &#8211; 2. Platz<br>2024 Olympic Hopes Regatta Tschechien, Achter &#8211; 2. Platz<br>&#8230;<br><\/td><\/tr><tr><td><img loading=\"lazy\" decoding=\"async\" width=\"150\" height=\"150\" class=\"wp-image-21871\" style=\"width: 150px;\" src=\"https:\/\/www.ister.at\/Ister1\/wp-content\/uploads\/2025\/04\/2025_Team_0010.jpg\" alt=\"\" srcset=\"https:\/\/www.ister.at\/Ister1\/wp-content\/uploads\/2025\/04\/2025_Team_0010.jpg 1200w, https:\/\/www.ister.at\/Ister1\/wp-content\/uploads\/2025\/04\/2025_Team_0010-300x300.jpg 300w, https:\/\/www.ister.at\/Ister1\/wp-content\/uploads\/2025\/04\/2025_Team_0010-1024x1024.jpg 1024w, https:\/\/www.ister.at\/Ister1\/wp-content\/uploads\/2025\/04\/2025_Team_0010-150x150.jpg 150w, https:\/\/www.ister.at\/Ister1\/wp-content\/uploads\/2025\/04\/2025_Team_0010-768x768.jpg 768w\" sizes=\"auto, (max-width: 150px) 100vw, 150px\" \/><\/td><td><br><strong>Eliskases Anna<\/strong><br><\/td><\/tr><tr><td><\/td><td><\/td><\/tr><tr><td><\/td><td><strong><span class=\"has-inline-color has-tertiary-color\">U19 &#8211; Junioren A &#8211; m\u00e4nnlich<\/span><\/strong><\/td><\/tr><tr><td><img loading=\"lazy\" decoding=\"async\" width=\"150\" height=\"150\" class=\"wp-image-21879\" style=\"width: 150px;\" src=\"https:\/\/www.ister.at\/Ister1\/wp-content\/uploads\/2025\/04\/2025_Team_Campbell_Simon.jpg\" alt=\"\" srcset=\"https:\/\/www.ister.at\/Ister1\/wp-content\/uploads\/2025\/04\/2025_Team_Campbell_Simon.jpg 1200w, https:\/\/www.ister.at\/Ister1\/wp-content\/uploads\/2025\/04\/2025_Team_Campbell_Simon-300x300.jpg 300w, https:\/\/www.ister.at\/Ister1\/wp-content\/uploads\/2025\/04\/2025_Team_Campbell_Simon-1024x1024.jpg 1024w, https:\/\/www.ister.at\/Ister1\/wp-content\/uploads\/2025\/04\/2025_Team_Campbell_Simon-150x150.jpg 150w, https:\/\/www.ister.at\/Ister1\/wp-content\/uploads\/2025\/04\/2025_Team_Campbell_Simon-768x768.jpg 768w\" sizes=\"auto, (max-width: 150px) 100vw, 150px\" \/><\/td><td><strong>Campbell Simon<\/strong><br>2025 \u00d6sterr. Juniorenmeister JMB 4x &#8211; 3. Platz<\/td><\/tr><tr><td><\/td><td><strong>Szeder Benedek<\/strong><br>2025 \u00d6sterr. Juniorenmeister JMB 4x &#8211; 3. Platz<\/td><\/tr><tr><td><\/td><td><strong>Hofbauer Nikolas<\/strong><\/td><\/tr><tr><td><\/td><td><\/td><\/tr><tr><td><\/td><td><strong><span class=\"has-inline-color has-tertiary-color\">U17 &#8211; Junioren B &#8211; weiblich<\/span><\/strong><\/td><\/tr><tr><td><\/td><td><strong>Pesl Nadine<\/strong><\/td><\/tr><tr><td><\/td><td><\/td><\/tr><tr><td><\/td><td><strong><span class=\"has-inline-color has-tertiary-color\">U17 &#8211; Junioren B &#8211; M\u00e4nnlich<\/span><\/strong><\/td><\/tr><tr><td><img loading=\"lazy\" decoding=\"async\" width=\"150\" height=\"150\" class=\"wp-image-21880\" style=\"width: 150px;\" src=\"https:\/\/www.ister.at\/Ister1\/wp-content\/uploads\/2025\/04\/2025_Team_Aigner_David.jpg\" alt=\"\" srcset=\"https:\/\/www.ister.at\/Ister1\/wp-content\/uploads\/2025\/04\/2025_Team_Aigner_David.jpg 1200w, https:\/\/www.ister.at\/Ister1\/wp-content\/uploads\/2025\/04\/2025_Team_Aigner_David-300x300.jpg 300w, https:\/\/www.ister.at\/Ister1\/wp-content\/uploads\/2025\/04\/2025_Team_Aigner_David-1024x1024.jpg 1024w, https:\/\/www.ister.at\/Ister1\/wp-content\/uploads\/2025\/04\/2025_Team_Aigner_David-150x150.jpg 150w, https:\/\/www.ister.at\/Ister1\/wp-content\/uploads\/2025\/04\/2025_Team_Aigner_David-768x768.jpg 768w\" sizes=\"auto, (max-width: 150px) 100vw, 150px\" \/><\/td><td><strong>Aigner David<\/strong><\/td><\/tr><tr><td><img loading=\"lazy\" decoding=\"async\" width=\"150\" height=\"150\" class=\"wp-image-21883\" style=\"width: 150px;\" src=\"https:\/\/www.ister.at\/Ister1\/wp-content\/uploads\/2025\/04\/2025_Team_Campbell_Finnland.jpg\" alt=\"\" srcset=\"https:\/\/www.ister.at\/Ister1\/wp-content\/uploads\/2025\/04\/2025_Team_Campbell_Finnland.jpg 1200w, https:\/\/www.ister.at\/Ister1\/wp-content\/uploads\/2025\/04\/2025_Team_Campbell_Finnland-300x300.jpg 300w, https:\/\/www.ister.at\/Ister1\/wp-content\/uploads\/2025\/04\/2025_Team_Campbell_Finnland-1024x1024.jpg 1024w, https:\/\/www.ister.at\/Ister1\/wp-content\/uploads\/2025\/04\/2025_Team_Campbell_Finnland-150x150.jpg 150w, https:\/\/www.ister.at\/Ister1\/wp-content\/uploads\/2025\/04\/2025_Team_Campbell_Finnland-768x768.jpg 768w\" sizes=\"auto, (max-width: 150px) 100vw, 150px\" \/><\/td><td><strong>Campbell Finn<\/strong><\/td><\/tr><tr><td><img loading=\"lazy\" decoding=\"async\" width=\"150\" height=\"150\" class=\"wp-image-21881\" style=\"width: 150px;\" src=\"https:\/\/www.ister.at\/Ister1\/wp-content\/uploads\/2025\/04\/2025_Team_Gruber_Luis.jpg\" alt=\"\" srcset=\"https:\/\/www.ister.at\/Ister1\/wp-content\/uploads\/2025\/04\/2025_Team_Gruber_Luis.jpg 1200w, https:\/\/www.ister.at\/Ister1\/wp-content\/uploads\/2025\/04\/2025_Team_Gruber_Luis-300x300.jpg 300w, https:\/\/www.ister.at\/Ister1\/wp-content\/uploads\/2025\/04\/2025_Team_Gruber_Luis-1024x1024.jpg 1024w, https:\/\/www.ister.at\/Ister1\/wp-content\/uploads\/2025\/04\/2025_Team_Gruber_Luis-150x150.jpg 150w, https:\/\/www.ister.at\/Ister1\/wp-content\/uploads\/2025\/04\/2025_Team_Gruber_Luis-768x768.jpg 768w\" sizes=\"auto, (max-width: 150px) 100vw, 150px\" \/><\/td><td><strong>Gruber Luis<\/strong><br>2025 \u00d6sterr. Juniorenmeister JMB 4x &#8211; 3. Platz<\/td><\/tr><tr><td><img loading=\"lazy\" decoding=\"async\" width=\"150\" height=\"150\" class=\"wp-image-21878\" style=\"width: 150px;\" src=\"https:\/\/www.ister.at\/Ister1\/wp-content\/uploads\/2025\/04\/2025_Team_0001.jpg\" alt=\"\" srcset=\"https:\/\/www.ister.at\/Ister1\/wp-content\/uploads\/2025\/04\/2025_Team_0001.jpg 1200w, https:\/\/www.ister.at\/Ister1\/wp-content\/uploads\/2025\/04\/2025_Team_0001-300x300.jpg 300w, https:\/\/www.ister.at\/Ister1\/wp-content\/uploads\/2025\/04\/2025_Team_0001-1024x1024.jpg 1024w, https:\/\/www.ister.at\/Ister1\/wp-content\/uploads\/2025\/04\/2025_Team_0001-150x150.jpg 150w, https:\/\/www.ister.at\/Ister1\/wp-content\/uploads\/2025\/04\/2025_Team_0001-768x768.jpg 768w\" sizes=\"auto, (max-width: 150px) 100vw, 150px\" \/><\/td><td><strong>Hack Vincent<\/strong><br>2025 \u00d6sterr. Juniorenmeister JMB 4x &#8211; 3. Platz<\/td><\/tr><tr><td><\/td><td><strong>Clark Benjamin<\/strong><\/td><\/tr><tr><td><\/td><td><strong>Peneder Felix<\/strong><\/td><\/tr><tr><td><\/td><td><strong>Hochreiter Theo<\/strong><\/td><\/tr><tr><td><\/td><td><strong>Pelz Andrej<\/strong><\/td><\/tr><tr><td><\/td><td><strong>Ganh\u00f6r Moritz<\/strong><\/td><\/tr><tr><td><\/td><td><\/td><\/tr><tr><td><\/td><td><span class=\"has-inline-color has-tertiary-color\"><strong>U15 &#8211; <\/strong><\/span><strong><span id=\"schw\" class=\"has-inline-color has-tertiary-color\">Sch\u00fcler &#8211; weiblich<\/span><\/strong><\/td><\/tr><tr><td><img loading=\"lazy\" decoding=\"async\" width=\"150\" height=\"150\" class=\"wp-image-21872\" style=\"width: 150px;\" src=\"https:\/\/www.ister.at\/Ister1\/wp-content\/uploads\/2025\/04\/2025_Team_0011.jpg\" alt=\"\" srcset=\"https:\/\/www.ister.at\/Ister1\/wp-content\/uploads\/2025\/04\/2025_Team_0011.jpg 1200w, https:\/\/www.ister.at\/Ister1\/wp-content\/uploads\/2025\/04\/2025_Team_0011-300x300.jpg 300w, https:\/\/www.ister.at\/Ister1\/wp-content\/uploads\/2025\/04\/2025_Team_0011-1024x1024.jpg 1024w, https:\/\/www.ister.at\/Ister1\/wp-content\/uploads\/2025\/04\/2025_Team_0011-150x150.jpg 150w, https:\/\/www.ister.at\/Ister1\/wp-content\/uploads\/2025\/04\/2025_Team_0011-768x768.jpg 768w\" sizes=\"auto, (max-width: 150px) 100vw, 150px\" \/><\/td><td><strong>Leibetseder Franziska<\/strong><\/td><\/tr><tr><td><\/td><td><strong>Schober Carmen<\/strong><\/td><\/tr><tr><td><\/td><td><strong>Sieberer Greta<\/strong><\/td><\/tr><\/tbody><\/table><\/figure>\n<\/div><\/div>\n<\/div>\n<\/div>\n<div class=\"love\"><input  id=\"post_19028\" type=\"checkbox\" class=\"LoveCheck\"\/>\n                <label for=\"post_19028\" class=\"dashicons dashicons-heart LoveLabel\" aria-label=\"like this\"><\/label><span class=\"LoveCount\">6<\/span><\/div><!--\/love-->","protected":false},"excerpt":{"rendered":"<p>6 Der Ruderverein Ister freut sich sein Rennsportteam 2026 zu pr\u00e4sentieren. Trainer*Innen &#8211; W &#8211; M &#8211; JFA &#8211; JFB &#8211; JMA &#8211; JMB &#8211; SchF &#8211; SchM Rennsportwart Campbell Jeffrey Trainer*Innen Team Lindner LorcanHead[&#8230;]<\/p>\n","protected":false},"author":2,"featured_media":0,"parent":19,"menu_order":0,"comment_status":"closed","ping_status":"closed","template":"","meta":{"_monsterinsights_skip_tracking":false,"_monsterinsights_sitenote_active":false,"_monsterinsights_sitenote_note":"","_monsterinsights_sitenote_category":0,"footnotes":""},"class_list":["post-19028","page","type-page","status-publish","hentry"],"_links":{"self":[{"href":"https:\/\/www.ister.at\/Ister1\/index.php?rest_route=\/wp\/v2\/pages\/19028","targetHints":{"allow":["GET"]}}],"collection":[{"href":"https:\/\/www.ister.at\/Ister1\/index.php?rest_route=\/wp\/v2\/pages"}],"about":[{"href":"https:\/\/www.ister.at\/Ister1\/index.php?rest_route=\/wp\/v2\/types\/page"}],"author":[{"embeddable":true,"href":"https:\/\/www.ister.at\/Ister1\/index.php?rest_route=\/wp\/v2\/users\/2"}],"replies":[{"embeddable":true,"href":"https:\/\/www.ister.at\/Ister1\/index.php?rest_route=%2Fwp%2Fv2%2Fcomments&post=19028"}],"version-history":[{"count":94,"href":"https:\/\/www.ister.at\/Ister1\/index.php?rest_route=\/wp\/v2\/pages\/19028\/revisions"}],"predecessor-version":[{"id":22629,"href":"https:\/\/www.ister.at\/Ister1\/index.php?rest_route=\/wp\/v2\/pages\/19028\/revisions\/22629"}],"up":[{"embeddable":true,"href":"https:\/\/www.ister.at\/Ister1\/index.php?rest_route=\/wp\/v2\/pages\/19"}],"wp:attachment":[{"href":"https:\/\/www.ister.at\/Ister1\/index.php?rest_route=%2Fwp%2Fv2%2Fmedia&parent=19028"}],"curies":[{"name":"wp","href":"https:\/\/api.w.org\/{rel}","templated":true}]}}