{"id":19,"date":"2013-08-27T14:08:28","date_gmt":"2013-08-27T12:08:28","guid":{"rendered":"http:\/\/christian-schramm.at\/Ister1\/?page_id=19"},"modified":"2025-01-25T12:44:07","modified_gmt":"2025-01-25T11:44:07","slug":"rennsport","status":"publish","type":"page","link":"https:\/\/www.ister.at\/Ister1\/?page_id=19","title":{"rendered":"Rennsport"},"content":{"rendered":"<div class=\"love\"><input  id=\"post_19\" type=\"checkbox\" class=\"LoveCheck\"\/>\n                <label for=\"post_19\" class=\"dashicons dashicons-heart LoveLabel\" aria-label=\"like this\"><\/label><span class=\"LoveCount\">2<\/span><\/div><!--\/love--><p><strong><a href=\"https:\/\/www.ister.at\/Ister1\/wp-content\/uploads\/2023\/08\/2023_Trebon_053.jpg\" rel=\"lightbox[19]\"><img loading=\"lazy\" decoding=\"async\" class=\"alignnone size-medium wp-image-20624\" src=\"https:\/\/www.ister.at\/Ister1\/wp-content\/uploads\/2023\/08\/2023_Trebon_053-300x200.jpg\" alt=\"\" width=\"300\" height=\"200\" srcset=\"https:\/\/www.ister.at\/Ister1\/wp-content\/uploads\/2023\/08\/2023_Trebon_053-300x200.jpg 300w, https:\/\/www.ister.at\/Ister1\/wp-content\/uploads\/2023\/08\/2023_Trebon_053-1024x683.jpg 1024w, https:\/\/www.ister.at\/Ister1\/wp-content\/uploads\/2023\/08\/2023_Trebon_053-768x512.jpg 768w, https:\/\/www.ister.at\/Ister1\/wp-content\/uploads\/2023\/08\/2023_Trebon_053-840x560.jpg 840w, https:\/\/www.ister.at\/Ister1\/wp-content\/uploads\/2023\/08\/2023_Trebon_053-120x80.jpg 120w, https:\/\/www.ister.at\/Ister1\/wp-content\/uploads\/2023\/08\/2023_Trebon_053-360x240.jpg 360w, https:\/\/www.ister.at\/Ister1\/wp-content\/uploads\/2023\/08\/2023_Trebon_053-600x400.jpg 600w, https:\/\/www.ister.at\/Ister1\/wp-content\/uploads\/2023\/08\/2023_Trebon_053.jpg 1200w\" sizes=\"auto, (max-width: 300px) 100vw, 300px\" \/><\/a><\/strong><\/p>\n<p><strong>Rennrudersport<\/strong><\/p>\n<p><span style=\"line-height: 1.5em;\">Der Rennrudersport des RV Ister Linz wird durch das Engagement von Vereinstrainer Lorcan Lindner koordiniert. \u00a0Ihm stehen zur Unterst\u00fctzung <\/span>die BetreuerInnen Birgit P\u00fchringer, Besare Abdulai, und Jeffrey Campbell zur Seite.\u00a0 Derzeit werden M\u00e4dchen und Burschen in den verschiedenen Altersklassen betreut. Dazu kommt noch ein Kader von mehr als 10 MastersruderInnen sowie RennsportlerIn in der M\u00e4nner\/Frauen Klasse.<\/p>\n<p>Wir freuen uns jedoch \u00fcber Burschen und M\u00e4dchen die dazu sto\u00dfen wollen. Das beste Einstiegsalter liegt bei ca.13 &#8211; 14 Jahre.\u00a0Jedoch sind nat\u00fcrlich auch\u00a0\u00c4ltere gerne willkommen.<\/p>\n<p>Der Rudersport definiert sich aber nicht \u00fcber den Rennsport alleine.\u00a0 Der Freizeit- und Jugendsport bilden die gr\u00f6\u00dfte Gruppe im Verein.\u00a0 Spa\u00df an der Bewegung und geselliges stehen hier im Vordergrund.\u00a0 Lorcan nimmt sich hier der Jugendlichen besonders an!<\/p>\n<p><strong>Mission<\/strong><\/p>\n<p>Jugendlichen Spa\u00df an der Bewegung zu vermitteln. Im Vordergrund steht das Gemeinsame und die Sicherheit!\u00a0 Rudern bietet gerade f\u00fcr Teamgeist die beste &#8222;Schule&#8220;. Nat\u00fcrlich wollen wir auch immer st\u00e4rker denen, die daf\u00fcr bereit sind, Schritte in Richtung wettkampforientierten Rudersport erm\u00f6glichen. Dazu z\u00e4hlen die Indoor-Vorbereitung im Winter, die ersten Kilometer am Wasser im Fr\u00fchjahr und die Gestaltung von Trainingslagern sowie Regattateilnahmen im Sommer. Ziel ist es, eine geschlossene Mannschaft zu betreuen, welche am Rudern Spa\u00df hat und als Team bei Ruderbewerben erfolgreich zusammen h\u00e4lt.<\/p>\n<div class=\"love\"><input  id=\"post_19\" type=\"checkbox\" class=\"LoveCheck\"\/>\n                <label for=\"post_19\" class=\"dashicons dashicons-heart LoveLabel\" aria-label=\"like this\"><\/label><span class=\"LoveCount\">2<\/span><\/div><!--\/love-->","protected":false},"excerpt":{"rendered":"<p>2 Rennrudersport Der Rennrudersport des RV Ister Linz wird durch das Engagement von Vereinstrainer Lorcan Lindner koordiniert. \u00a0Ihm stehen zur Unterst\u00fctzung die BetreuerInnen Birgit P\u00fchringer, Besare Abdulai, und Jeffrey Campbell zur Seite.\u00a0 Derzeit werden M\u00e4dchen[&#8230;]<\/p>\n","protected":false},"author":1,"featured_media":0,"parent":0,"menu_order":0,"comment_status":"closed","ping_status":"closed","template":"","meta":{"_monsterinsights_skip_tracking":false,"_monsterinsights_sitenote_active":false,"_monsterinsights_sitenote_note":"","_monsterinsights_sitenote_category":0,"footnotes":""},"class_list":["post-19","page","type-page","status-publish","hentry"],"_links":{"self":[{"href":"https:\/\/www.ister.at\/Ister1\/index.php?rest_route=\/wp\/v2\/pages\/19","targetHints":{"allow":["GET"]}}],"collection":[{"href":"https:\/\/www.ister.at\/Ister1\/index.php?rest_route=\/wp\/v2\/pages"}],"about":[{"href":"https:\/\/www.ister.at\/Ister1\/index.php?rest_route=\/wp\/v2\/types\/page"}],"author":[{"embeddable":true,"href":"https:\/\/www.ister.at\/Ister1\/index.php?rest_route=\/wp\/v2\/users\/1"}],"replies":[{"embeddable":true,"href":"https:\/\/www.ister.at\/Ister1\/index.php?rest_route=%2Fwp%2Fv2%2Fcomments&post=19"}],"version-history":[{"count":18,"href":"https:\/\/www.ister.at\/Ister1\/index.php?rest_route=\/wp\/v2\/pages\/19\/revisions"}],"predecessor-version":[{"id":21713,"href":"https:\/\/www.ister.at\/Ister1\/index.php?rest_route=\/wp\/v2\/pages\/19\/revisions\/21713"}],"wp:attachment":[{"href":"https:\/\/www.ister.at\/Ister1\/index.php?rest_route=%2Fwp%2Fv2%2Fmedia&parent=19"}],"curies":[{"name":"wp","href":"https:\/\/api.w.org\/{rel}","templated":true}]}}