{"id":16190,"date":"2019-01-28T18:54:21","date_gmt":"2019-01-28T17:54:21","guid":{"rendered":"http:\/\/www.ister.at\/Ister1\/?page_id=16190"},"modified":"2022-01-29T18:38:14","modified_gmt":"2022-01-29T17:38:14","slug":"ergebnisse-2019","status":"publish","type":"page","link":"https:\/\/www.ister.at\/Ister1\/?page_id=16190","title":{"rendered":"Ergebnisse 2019"},"content":{"rendered":"<div class=\"love\"><input  id=\"post_16190\" type=\"checkbox\" class=\"LoveCheck\"\/>\n                <label for=\"post_16190\" class=\"dashicons dashicons-heart LoveLabel\" aria-label=\"like this\"><\/label><span class=\"LoveCount\">0<\/span><\/div><!--\/love-->\n<p><strong>Platzierungsliste 2019<\/strong><\/p>\n\n\n\n<p><strong>Gislauf<\/strong><br><a href=\"https:\/\/www.ister.at\/Ister1\/wp-content\/uploads\/2019\/11\/Gislauf-16-11-2019.pdf\">Gesamtergebnis<\/a><\/p>\n\n\n\n<p><strong>Head of the Charles Regatta Bosten, 19.10.2019<\/strong><br>Ister Ergebnisse<\/p>\n\n\n\n<p><strong>6-L\u00e4ndervergleichskampf Bardolino\/Gardasee, 19.10.2019<\/strong><br><a aria-label=\"Gesamtergebnis (\u00f6ffnet in neuem Tab)\" href=\"https:\/\/www.ister.at\/Ister1\/wp-content\/uploads\/2019\/10\/Risultati-Gare.pdf\" target=\"_blank\" rel=\"noreferrer noopener\">Gesamtergebnis<\/a><\/p>\n\n\n\n<p><strong>Langstrecke Wels &#8211; 3. Lauf zum O\u00d6 Langstreckencup, 19.10.2019<\/strong><br>Gesamtergebnis<\/p>\n\n\n\n<p><strong>Rose vom W\u00f6rthersee, 05.10.2019<\/strong><br><a aria-label=\"Gesamtergebnis (\u00f6ffnet in neuem Tab)\" href=\"https:\/\/www.ister.at\/Ister1\/wp-content\/uploads\/2019\/10\/2019-Rose-Ergebnis-Klassen.pdf\" target=\"_blank\" rel=\"noreferrer noopener\">Gesamtergebnis<\/a><\/p>\n\n\n\n<p><strong>\u00d6sterreichische Meisterschaften, 27. &#8211; 29.09.2019<\/strong><br><a aria-label=\"Ergebnis Samstag (\u00f6ffnet in neuem Tab)\" href=\"https:\/\/www.ister.at\/Ister1\/wp-content\/uploads\/2019\/10\/Ergebnis-Samstag-2809-2019.pdf\" target=\"_blank\" rel=\"noreferrer noopener\">Ergebnis Samstag<\/a><br><a aria-label=\"Ergebnis Sonntag (\u00f6ffnet in neuem Tab)\" href=\"https:\/\/www.ister.at\/Ister1\/wp-content\/uploads\/2019\/10\/Ergebnis-Sonntag-2909-2019.pdf\" target=\"_blank\" rel=\"noreferrer noopener\">Ergebnis Sonntag<\/a><\/p>\n\n\n\n<p><strong>O\u00d6 Landesmeisterschaften<\/strong><br><a aria-label=\"Gesamtergebnis (\u00f6ffnet in neuem Tab)\" href=\"https:\/\/www.ister.at\/Ister1\/wp-content\/uploads\/2019\/10\/Ergebnisse_gesamt_LM_2019_2.pdf\" target=\"_blank\" rel=\"noreferrer noopener\">Gesamtergebnis<\/a><\/p>\n\n\n\n<p><strong>Blaues Band vom W\u00f6rthersee, 21.09.2019<\/strong><br><a aria-label=\"Gesamtergebnis (\u00f6ffnet in neuem Tab)\" href=\"https:\/\/www.ister.at\/Ister1\/wp-content\/uploads\/2019\/10\/ergebnislise_gesamt.pdf\" target=\"_blank\" rel=\"noreferrer noopener\">Gesamtergebnis<\/a><\/p>\n\n\n\n<p><strong>European University Championships &#8211; Sweden, 05. &#8211; 09.09.2019<\/strong><br><a aria-label=\"Frauen Einer (\u00f6ffnet in neuem Tab)\" href=\"https:\/\/www.ister.at\/Ister1\/wp-content\/uploads\/2019\/10\/1x-EUSA.pdf\" target=\"_blank\" rel=\"noreferrer noopener\">Frauen Einer<\/a><br><a aria-label=\"Frauen Achter (\u00f6ffnet in neuem Tab)\" href=\"https:\/\/www.ister.at\/Ister1\/wp-content\/uploads\/2019\/10\/8-EUSA.pdf\" target=\"_blank\" rel=\"noreferrer noopener\">Frauen Achter<\/a><\/p>\n\n\n\n<p><strong>Villacher Internationale Regatta, 08 &#8211; 09.09.2019<\/strong><br><a aria-label=\"Ergebnisse Samstag (\u00f6ffnet in neuem Tab)\" href=\"https:\/\/www.ister.at\/Ister1\/wp-content\/uploads\/2019\/10\/2019_Ergebnisse_Sa.pdf\" target=\"_blank\" rel=\"noreferrer noopener\">Ergebnisse Samstag<\/a><br><a aria-label=\"Ergebnisse Sonntag (\u00f6ffnet in neuem Tab)\" href=\"https:\/\/www.ister.at\/Ister1\/wp-content\/uploads\/2019\/10\/2019_Ergebnisse_So.pdf\" target=\"_blank\" rel=\"noreferrer noopener\">Ergebnisse Sonntag<\/a><\/p>\n\n\n\n<p><strong>U23 Weltmeisterschaften Sarasota\/USA, 24. &#8211; 28.09.2019<\/strong><br><a aria-label=\"4x Vorlauf (\u00f6ffnet in neuem Tab)\" href=\"https:\/\/www.ister.at\/Ister1\/wp-content\/uploads\/2019\/10\/ROWMSCULL4-U23-HEAT000300-_C73.pdf\" target=\"_blank\" rel=\"noreferrer noopener\">4x Vorlauf<\/a><br><a aria-label=\"4x Halbfinale (\u00f6ffnet in neuem Tab)\" href=\"https:\/\/www.ister.at\/Ister1\/wp-content\/uploads\/2019\/10\/ROWMSCULL4-U23-SFNL000100-_C73.pdf\" target=\"_blank\" rel=\"noreferrer noopener\">4x Halbfinale<\/a><br><a aria-label=\"4x Finale B (\u00f6ffnet in neuem Tab)\" href=\"https:\/\/www.ister.at\/Ister1\/wp-content\/uploads\/2019\/10\/ROWMSCULL4-U23-FNL-000200-_C73.pdf\" target=\"_blank\" rel=\"noreferrer noopener\">4x Finale B<\/a><\/p>\n\n\n\n<p><strong>Jugendregatta Traunsee und 2. Lauf O\u00d6 Langstreckencup<\/strong><br><a aria-label=\"Gesamtergebnis (\u00f6ffnet in neuem Tab)\" href=\"https:\/\/www.ister.at\/Ister1\/wp-content\/uploads\/2019\/10\/2019_Gesamtergebnis_Traunsee.pdf\" target=\"_blank\" rel=\"noreferrer noopener\">Gesamtergebnis<\/a><\/p>\n\n\n\n<p><strong>Wiener Internationale Regatta und Masters Meisterschaften, 29. &#8211; 30.06.2019<\/strong><br><a aria-label=\"Ergebnisse Samstag (\u00f6ffnet in neuem Tab)\" href=\"https:\/\/www.ister.at\/Ister1\/wp-content\/uploads\/2019\/10\/WIRR-Ergebnis-Samstag-290619.pdf\" target=\"_blank\" rel=\"noreferrer noopener\">Ergebnisse Samstag<\/a><br><a aria-label=\"Ergebnisse Sonntag (\u00f6ffnet in neuem Tab)\" href=\"https:\/\/www.ister.at\/Ister1\/wp-content\/uploads\/2019\/10\/WIRR-Ergebnis-Sonntag-300619-1.pdf\" target=\"_blank\" rel=\"noreferrer noopener\">Ergebnisse Sonntag<\/a><\/p>\n\n\n\n<p><strong>EUROW Ottensheim, 25. &#8211; 26.05.2019<\/strong><br><a aria-label=\"Ergebnisse Samstag (\u00f6ffnet in neuem Tab)\" href=\"https:\/\/www.ister.at\/Ister1\/wp-content\/uploads\/2019\/10\/Anlagen_Ergebnisse_Samstag.pdf\" target=\"_blank\" rel=\"noreferrer noopener\">Ergebnisse Samstag<\/a><br><a aria-label=\"Ergebnisse Sonntag (\u00f6ffnet in neuem Tab)\" href=\"https:\/\/www.ister.at\/Ister1\/wp-content\/uploads\/2019\/10\/Anlagen_Ergebnisse_Sonntag.pdf\" target=\"_blank\" rel=\"noreferrer noopener\">Ergebnisse Sonntag<\/a><\/p>\n\n\n\n<p><strong>Sprintregatta Urstein, 11.05.2019<\/strong><br><a aria-label=\"Geamtergebnis (\u00f6ffnet in neuem Tab)\" href=\"https:\/\/www.ister.at\/Ister1\/wp-content\/uploads\/2019\/10\/Ergebnisse_Urstein_2019.pdf\" target=\"_blank\" rel=\"noreferrer noopener\">Geamtergebnis<\/a><\/p>\n\n\n\n<p><strong>Wienerachter, 11.05.2019<\/strong><br><a href=\"http:\/\/wienerachter.com\/results-2019\">Overall 2019<\/a><\/p>\n\n\n\n<p><strong>85. Internationale K\u00e4rntner Ruderregatta, 26. &#8211; 28.04.2019<\/strong><br><a href=\"https:\/\/www.ister.at\/Ister1\/wp-content\/uploads\/2019\/04\/2019_Ergebnis_Sa_KLU.pdf\">Ergebnisse Samstag<\/a><br><a href=\"https:\/\/www.ister.at\/Ister1\/wp-content\/uploads\/2019\/04\/2019_Ergebnis_So_Klu.pdf\">Ergebnisse Sonnta<\/a><\/p>\n\n\n\n<p><strong>Langstreckenregatta Wolfgangsee &#8211; 1. Lauf zum O\u00d6 Langstreckencup, 20.04.2019<\/strong><br><a aria-label=\"Geamtergebnis (\u00f6ffnet in neuem Tab)\" href=\"https:\/\/www.ister.at\/Ister1\/wp-content\/uploads\/2019\/10\/Ergebnisliste_10_20-Km-vom-Wolfgangsee-2019.pdf\" target=\"_blank\" rel=\"noreferrer noopener\">Geamtergebnis<\/a><\/p>\n\n\n\n<p><strong>41. Inn River Race Passau, 06.04.2019<\/strong><br><a aria-label=\"Gesamtergebnis (\u00f6ffnet in neuem Tab)\" href=\"https:\/\/www.ister.at\/Ister1\/wp-content\/uploads\/2019\/04\/Endergebnis_Passau_2019.pdf\" target=\"_blank\" rel=\"noreferrer noopener\">Gesamtergebnis<\/a><\/p>\n\n\n\n<p><strong>30. \u00d6sterreichische Indoor Meisterschaften, 27.01.2019<\/strong><br><a href=\"https:\/\/www.ister.at\/Ister1\/wp-content\/uploads\/2019\/01\/Indoor_2019_Ottensheim__Ergebinsse_Gesamt.pdf\">Gesamtergebnis<\/a><\/p>\n<div class=\"love\"><input  id=\"post_16190\" type=\"checkbox\" class=\"LoveCheck\"\/>\n                <label for=\"post_16190\" class=\"dashicons dashicons-heart LoveLabel\" aria-label=\"like this\"><\/label><span class=\"LoveCount\">0<\/span><\/div><!--\/love-->","protected":false},"excerpt":{"rendered":"<p>0 Platzierungsliste 2019 GislaufGesamtergebnis Head of the Charles Regatta Bosten, 19.10.2019Ister Ergebnisse 6-L\u00e4ndervergleichskampf Bardolino\/Gardasee, 19.10.2019Gesamtergebnis Langstrecke Wels &#8211; 3. Lauf zum O\u00d6 Langstreckencup, 19.10.2019Gesamtergebnis Rose vom W\u00f6rthersee, 05.10.2019Gesamtergebnis \u00d6sterreichische Meisterschaften, 27. &#8211; 29.09.2019Ergebnis SamstagErgebnis Sonntag[&#8230;]<\/p>\n","protected":false},"author":2,"featured_media":0,"parent":138,"menu_order":0,"comment_status":"closed","ping_status":"closed","template":"","meta":{"_monsterinsights_skip_tracking":false,"_monsterinsights_sitenote_active":false,"_monsterinsights_sitenote_note":"","_monsterinsights_sitenote_category":0,"footnotes":""},"class_list":["post-16190","page","type-page","status-publish","hentry"],"_links":{"self":[{"href":"https:\/\/www.ister.at\/Ister1\/index.php?rest_route=\/wp\/v2\/pages\/16190","targetHints":{"allow":["GET"]}}],"collection":[{"href":"https:\/\/www.ister.at\/Ister1\/index.php?rest_route=\/wp\/v2\/pages"}],"about":[{"href":"https:\/\/www.ister.at\/Ister1\/index.php?rest_route=\/wp\/v2\/types\/page"}],"author":[{"embeddable":true,"href":"https:\/\/www.ister.at\/Ister1\/index.php?rest_route=\/wp\/v2\/users\/2"}],"replies":[{"embeddable":true,"href":"https:\/\/www.ister.at\/Ister1\/index.php?rest_route=%2Fwp%2Fv2%2Fcomments&post=16190"}],"version-history":[{"count":12,"href":"https:\/\/www.ister.at\/Ister1\/index.php?rest_route=\/wp\/v2\/pages\/16190\/revisions"}],"predecessor-version":[{"id":17055,"href":"https:\/\/www.ister.at\/Ister1\/index.php?rest_route=\/wp\/v2\/pages\/16190\/revisions\/17055"}],"up":[{"embeddable":true,"href":"https:\/\/www.ister.at\/Ister1\/index.php?rest_route=\/wp\/v2\/pages\/138"}],"wp:attachment":[{"href":"https:\/\/www.ister.at\/Ister1\/index.php?rest_route=%2Fwp%2Fv2%2Fmedia&parent=16190"}],"curies":[{"name":"wp","href":"https:\/\/api.w.org\/{rel}","templated":true}]}}