{"id":143,"date":"2013-12-05T14:53:22","date_gmt":"2013-12-05T13:53:22","guid":{"rendered":"http:\/\/christian-schramm.at\/Ister1\/?page_id=143"},"modified":"2026-04-20T10:45:07","modified_gmt":"2026-04-20T08:45:07","slug":"regattaplan","status":"publish","type":"page","link":"https:\/\/www.ister.at\/Ister1\/?page_id=143","title":{"rendered":"Regattaplan und Stern\/Wanderfahrten"},"content":{"rendered":"<div class=\"love\"><input  id=\"post_143\" type=\"checkbox\" class=\"LoveCheck\"\/>\n                <label for=\"post_143\" class=\"dashicons dashicons-heart LoveLabel\" aria-label=\"like this\"><\/label><span class=\"LoveCount\">4<\/span><\/div><!--\/love--><h3><strong>Termine 2026<\/strong><\/h3>\n<h5><a href=\"http:\/\/www.rudern.at\/downloads\/ausschreibungen-2025\/\"><strong>Link zu Ausschreibungen im \u00f6sterreichischen Raum<\/strong><\/a><\/h5>\n<p><span style=\"color: #000000;\"><strong>25.1<\/strong>. Indoor-Rudermeisterschaften, Seewalchen<\/span><\/p>\n<p><span style=\"color: #000000;\"><strong>21.-22. &amp; 28.2.<\/strong> World Rowing Indoor Championships, virtuell<\/span><\/p>\n<p><span style=\"color: #000000;\"><strong>14.3.<\/strong> Budapest Cup (HUN)<\/span><strong><span style=\"color: #000000;\"><br \/>21.3. Rudertag des \u00d6RV (Ister), Altes Rathaus Linz<br \/>27.-29.3. <\/span><\/strong><span style=\"color: #000000;\">1. <\/span><span style=\"color: #000000;\"><span class=\"kma42e\"><span id=\"rAECCd\" role=\"heading\" aria-level=\"1\">Beach Sprint Trofeo &#8222;Lido Filippi&#8220;<\/span><\/span>, <\/span><span style=\"color: #000000;\"><span class=\"kma42e\"><span id=\"rAECCd\" role=\"heading\" aria-level=\"1\">Mondello (ITA)<\/span><\/span><\/span><strong><span style=\"color: #000000;\"><br \/><\/span><\/strong><span style=\"color: #000000;\"><strong>28.-29.3.<\/strong> Kleinboottest, Linz-Ottensheim<\/span><\/p>\n<p><strong>11.4. Anrudern Ister<br \/>11.4. <\/strong>Inn-River-Race, Passau (GER)<br \/><strong>12.4.<\/strong> Anrudern \u00d6RV (Krems-Stein)<br \/><strong>11.-12.4.<\/strong> Croatia Open (Zagreb, CRO)<br \/><strong>17.-19.4.<\/strong> 2. <span class=\"kma42e\"><span id=\"rAECCd\" role=\"heading\" aria-level=\"1\">Beach Sprint Trofeo &#8222;Lido Filippi&#8220;<\/span><\/span>, <span class=\"kma42e\"><span id=\"rAECCd\" role=\"heading\" aria-level=\"1\">Lido di Fano (ITA)<br \/><\/span><\/span><strong>18.4.<\/strong> Sternfahrt Ziel Wallsee<br \/><strong><span style=\"color: #000000;\">25.4. <\/span><\/strong><span style=\"color: #000000;\">Zweier Langstrecken-Regatta, Mondsee<\/span><br \/><strong><span style=\"color: #000000;\">25.-26.4. <\/span><\/strong><span style=\"color: #000000;\">Alpe Adria Regatta<\/span><span style=\"color: #000000;\">, Bled (SLO)<\/span><\/p>\n<p><span style=\"color: #000000;\"><strong>1.-3.5. <\/strong>International Beach Sprints, Limassol (CYP)<strong><br \/>8.-10.5. <\/strong>Internationale Junioren-Regatta M\u00fcnchen (GER)<br \/><strong>8.-10.5.<\/strong> 3. <span class=\"kma42e\"><span id=\"rAECCd\" role=\"heading\" aria-level=\"1\">Beach Sprint Trofeo &#8222;Lido Filippi&#8220;<\/span><\/span>, <span class=\"kma42e\"><span id=\"rAECCd\" role=\"heading\" aria-level=\"1\">Napoli (ITA)<\/span><\/span><strong><br \/>8.-16.5.<\/strong> \u00d6RV-Wanderfahrt, Westmasuren (POL)<\/span><br \/><span style=\"color: #000000;\"><strong>9.5.<\/strong> Wienerachter, Wien Alte Donau<br \/><strong><span class=\"kma42e\"><span id=\"rAECCd\" role=\"heading\" aria-level=\"1\">14.5. <\/span><\/span><\/strong><span class=\"kma42e\"><span id=\"rAECCd\" role=\"heading\" aria-level=\"1\">EUROW Beach Sprint, Feldkirchen an der Donau<\/span><\/span><\/span><br \/><span style=\"color: #000000;\"><strong>16.-17.5.<\/strong> EUROW International Rowing Regatta, Linz-Ottensheim<span class=\"kma42e\"><span id=\"rAECCd\" role=\"heading\" aria-level=\"1\"><br \/><strong>22.-25.5. Wanderfahrt Ister, Vogalonga (ITA)<\/strong><br \/><span lang=\"EN-US\"><strong>23.-24.5.<\/strong> European Rowing U19 Championships<\/span>, Brandenburg (GER)<br \/><strong>24.5.<\/strong> Lakemania &#8217;26, Neusiedler See<br \/><strong>29.5.-31.5.<\/strong> World Rowing Cup I, Seville (ESP)<br \/><strong>30.5.-7.6. Wei\u00dfensee Woche Ister<\/strong><\/span><\/span><\/span><span style=\"color: #000000;\"><br \/><\/span><span style=\"color: #000000;\"><strong><br \/><\/strong><strong>5.-7.6. <\/strong>4. <span class=\"kma42e\"><span id=\"rAECCd\" role=\"heading\" aria-level=\"1\">Beach Sprint Trofeo &#8222;Lido Filippi&#8220;<\/span><\/span>, <span class=\"kma42e\"><span id=\"rAECCd\" role=\"heading\" aria-level=\"1\">Marina di Castagneto (ITA)<br \/><strong>5.-6.6. <\/strong>Sport Austria Finals, Wien Neue Donau<br \/><\/span><\/span><strong>12.-14.6. <\/strong>World Rowing Cup II, Plovdiv (BUL)<br \/><strong>12.-14.6. <\/strong>Internat. Regatta Bled (SLO)<br \/><strong>13.6.<\/strong> Sternfahrt Ziel Pirat<br \/><\/span><strong>19.6.<\/strong> Olympic Hopes Regatta, Kruszwica (POL)<br \/><span style=\"color: #000000;\"><strong>26.-28.6.<\/strong> World Rowing Cup III, Luzern (SUI)<br \/><strong>27.-28.6.<\/strong> Vienna International Rowing Regatta, Wien Neue Donau<\/span><\/p>\n<p><span style=\"color: #000000;\"><strong>11.-12.7. <\/strong>CZ Masters Regatta, T\u0159ebo\u0148 (CZE)<br \/><strong>17.7. 150-Jahres-Feier Ister<br \/>18.7. Sternfahrt Ziel Winterhafen Ister<\/strong><\/span><span style=\"color: #000000;\"><strong><br \/>21.-26.7. Wanderfahrt Ister von Sch\u00e4rding bis Tulln<br \/>22.-26.7.<\/strong> World Rowing U23 Championships, Duisburg (GER)<br \/><strong>23.-26.7.<\/strong> Euro Masters Regatta, Oberschlei\u00dfheim-M\u00fcnchen (GER)<br \/><strong>24.-26.7.<\/strong> Coupe de la Jeunesse, Luzern (SUI)<br \/><\/span><span style=\"color: #000000;\"><strong>24.-26.7.<\/strong> Pharoes Trophy Oeiras Beach Sprints, Oeiras (POR)<\/span><br \/><span style=\"color: #000000;\"><strong>25.7.<\/strong> Sternfahrt Ziel Stein<br \/><strong>30.7.-2.8.<\/strong> Europameisterschaften, Varese (ITA)<br \/><strong>31.7.-2.8.<\/strong> Olympic Hopes Beach Sprint, Bratislava (SVK)<\/span><\/p>\n<p><span style=\"color: #000000;\"><strong>5.-9.8.<\/strong> World Rowing U19 Championships, Plovdiv (BUL)<br \/><strong>8.8.<\/strong> Sternfahrt Ziel Nibelungen<br \/><strong>7.-9.8.<\/strong> European Champion Lightweight Rowing, Linz-Ottensheim<br \/><strong>13.-15.8.<\/strong> Universiade FISU, London (CAN)<br \/><strong>22.8.<\/strong> DaVieBra 4.0 Ruderfahrt<br \/><strong>23.-30.8.<\/strong> World Rowing Championships, Amsterdam (NED)<br \/><strong>26.-29.8.<\/strong> European Universities Rowing Championship, Zagreb (CRO)<\/span><br \/><span style=\"color: #000000;\"><strong>29.8.<\/strong> Achtersprint ums Wikinger Horn, Linz-Ottensheim<\/span><\/p>\n<p><span style=\"color: #000000;\"><strong>5.9.<\/strong> Sternfahrt Ziel Donauhort<strong><br \/>5.-6.9.<\/strong>\u00a0Int. Villacher Ruderregatta, Villach\/Ossiachersee<br \/><strong>5.-6.9.<\/strong> European Rowing U23 Championships, Kruszwica (POL)<br \/><strong>9.-13.9.<\/strong> World Rowing Masters Regatta, Bled (SLO)<br \/><strong>12.-13.9.<\/strong> \u00d6sterreichische Meisterschaften Coastal &amp; Beach Sprint, Traunsee<\/span><span style=\"color: #000000;\"><strong><br \/>19.9.<\/strong> Blaues Band vom W\u00f6rthersee &amp; Spanheimer<br \/><\/span><span style=\"color: #000000;\"><strong>25.-27.9.<\/strong> \u00d6M, \u00d6JM, \u00d6SchM, \u00d6MM, Wien Neue Donau<br \/><strong>26.-27.9.<\/strong> World Rowing Shanghai Sprints (CHN)<\/span><\/p>\n<p><span style=\"color: #000000;\"><strong>3.10.<\/strong> Landesmeisterschaft Ober\u00f6sterreich, Linz-Ottensheim<br \/><strong>10.10.<\/strong> Rose vom W\u00f6rthersee<\/span><br \/><span style=\"color: #000000;\"><span lang=\"DE\"><strong>18.10. Abrudern Ister<br \/><\/strong><\/span><\/span><span style=\"color: #000000;\"><strong>9.-11.10.<\/strong> World Rowing Coastal Finals, Qingdao (CHN)<br \/><strong>15.-18.10.<\/strong> World Rowing Beach Sprint Finals, Qingdao (CHN)<br \/><strong>31.10.-13.11.<\/strong> Youth Olympic Games, Dakar (SEN)<\/span><\/p>\n<p><strong>7.11.<\/strong> Head of Prague (CZE)<\/p>\n\n\n<p><\/p>\n<div class=\"love\"><input  id=\"post_143\" type=\"checkbox\" class=\"LoveCheck\"\/>\n                <label for=\"post_143\" class=\"dashicons dashicons-heart LoveLabel\" aria-label=\"like this\"><\/label><span class=\"LoveCount\">4<\/span><\/div><!--\/love-->","protected":false},"excerpt":{"rendered":"<p>4 Termine 2026 Link zu Ausschreibungen im \u00f6sterreichischen Raum 25.1. Indoor-Rudermeisterschaften, Seewalchen 21.-22. &amp; 28.2. World Rowing Indoor Championships, virtuell 14.3. Budapest Cup (HUN)21.3. Rudertag des \u00d6RV (Ister), Altes Rathaus Linz27.-29.3. 1. Beach Sprint Trofeo[&#8230;]<\/p>\n","protected":false},"author":1,"featured_media":0,"parent":19,"menu_order":0,"comment_status":"closed","ping_status":"closed","template":"","meta":{"_monsterinsights_skip_tracking":false,"_monsterinsights_sitenote_active":false,"_monsterinsights_sitenote_note":"","_monsterinsights_sitenote_category":0,"footnotes":""},"class_list":["post-143","page","type-page","status-publish","hentry"],"_links":{"self":[{"href":"https:\/\/www.ister.at\/Ister1\/index.php?rest_route=\/wp\/v2\/pages\/143","targetHints":{"allow":["GET"]}}],"collection":[{"href":"https:\/\/www.ister.at\/Ister1\/index.php?rest_route=\/wp\/v2\/pages"}],"about":[{"href":"https:\/\/www.ister.at\/Ister1\/index.php?rest_route=\/wp\/v2\/types\/page"}],"author":[{"embeddable":true,"href":"https:\/\/www.ister.at\/Ister1\/index.php?rest_route=\/wp\/v2\/users\/1"}],"replies":[{"embeddable":true,"href":"https:\/\/www.ister.at\/Ister1\/index.php?rest_route=%2Fwp%2Fv2%2Fcomments&post=143"}],"version-history":[{"count":605,"href":"https:\/\/www.ister.at\/Ister1\/index.php?rest_route=\/wp\/v2\/pages\/143\/revisions"}],"predecessor-version":[{"id":22671,"href":"https:\/\/www.ister.at\/Ister1\/index.php?rest_route=\/wp\/v2\/pages\/143\/revisions\/22671"}],"up":[{"embeddable":true,"href":"https:\/\/www.ister.at\/Ister1\/index.php?rest_route=\/wp\/v2\/pages\/19"}],"wp:attachment":[{"href":"https:\/\/www.ister.at\/Ister1\/index.php?rest_route=%2Fwp%2Fv2%2Fmedia&parent=143"}],"curies":[{"name":"wp","href":"https:\/\/api.w.org\/{rel}","templated":true}]}}