{"id":14005,"date":"2017-05-19T11:38:33","date_gmt":"2017-05-19T09:38:33","guid":{"rendered":"http:\/\/www.ister.at\/?page_id=14005"},"modified":"2021-09-05T11:00:36","modified_gmt":"2021-09-05T09:00:36","slug":"ruderkarte-linz","status":"publish","type":"page","link":"https:\/\/www.ister.at\/Ister1\/?page_id=14005","title":{"rendered":"Interaktive Ruderkarte Linz"},"content":{"rendered":"<div class=\"love\"><input  id=\"post_14005\" type=\"checkbox\" class=\"LoveCheck\"\/>\n                <label for=\"post_14005\" class=\"dashicons dashicons-heart LoveLabel\" aria-label=\"like this\"><\/label><span class=\"LoveCount\">1<\/span><\/div><!--\/love--><p><iframe loading=\"lazy\" src=\"https:\/\/www.google.com\/maps\/d\/embed?mid=1BqVhj8r-yrC0is5kH0iYUmufgoI\" width=\"800\" height=\"600\"><\/iframe><\/p>\n<p>Diverse Hinweise und Tipps zur Orientierung auf der Donau. Kontakt: Daniel Haas &#8211; <a href=\"mailto:ister@dhaas.eml.cc\">ister@dhaas.eml.cc<\/a><br \/>\nAngaben ohne Gew\u00e4hr!<\/p>\n<p>Eine weitere Quelle f\u00fcr Tipps ist das Dokument &#8222;<a href=\"https:\/\/www.ister.at\/Ister1\/wp-content\/uploads\/2016\/11\/Hinweise-f%C3%BCr-Steuerleute-Linz-Ottensheim.pdf\" target=\"_blank\" rel=\"noopener noreferrer\">Hinweise f\u00fcr Steuerleute<\/a>&#8220; von Manfred Fuchs.<\/p>\n<div class=\"love\"><input  id=\"post_14005\" type=\"checkbox\" class=\"LoveCheck\"\/>\n                <label for=\"post_14005\" class=\"dashicons dashicons-heart LoveLabel\" aria-label=\"like this\"><\/label><span class=\"LoveCount\">1<\/span><\/div><!--\/love-->","protected":false},"excerpt":{"rendered":"<p>1 Diverse Hinweise und Tipps zur Orientierung auf der Donau. Kontakt: Daniel Haas &#8211; ister@dhaas.eml.cc Angaben ohne Gew\u00e4hr! Eine weitere Quelle f\u00fcr Tipps ist das Dokument &#8222;Hinweise f\u00fcr Steuerleute&#8220; von Manfred Fuchs. 1<\/p>\n","protected":false},"author":6,"featured_media":0,"parent":26,"menu_order":0,"comment_status":"closed","ping_status":"closed","template":"","meta":{"_monsterinsights_skip_tracking":false,"_monsterinsights_sitenote_active":false,"_monsterinsights_sitenote_note":"","_monsterinsights_sitenote_category":0,"footnotes":""},"class_list":["post-14005","page","type-page","status-publish","hentry"],"_links":{"self":[{"href":"https:\/\/www.ister.at\/Ister1\/index.php?rest_route=\/wp\/v2\/pages\/14005","targetHints":{"allow":["GET"]}}],"collection":[{"href":"https:\/\/www.ister.at\/Ister1\/index.php?rest_route=\/wp\/v2\/pages"}],"about":[{"href":"https:\/\/www.ister.at\/Ister1\/index.php?rest_route=\/wp\/v2\/types\/page"}],"author":[{"embeddable":true,"href":"https:\/\/www.ister.at\/Ister1\/index.php?rest_route=\/wp\/v2\/users\/6"}],"replies":[{"embeddable":true,"href":"https:\/\/www.ister.at\/Ister1\/index.php?rest_route=%2Fwp%2Fv2%2Fcomments&post=14005"}],"version-history":[{"count":10,"href":"https:\/\/www.ister.at\/Ister1\/index.php?rest_route=\/wp\/v2\/pages\/14005\/revisions"}],"predecessor-version":[{"id":18713,"href":"https:\/\/www.ister.at\/Ister1\/index.php?rest_route=\/wp\/v2\/pages\/14005\/revisions\/18713"}],"up":[{"embeddable":true,"href":"https:\/\/www.ister.at\/Ister1\/index.php?rest_route=\/wp\/v2\/pages\/26"}],"wp:attachment":[{"href":"https:\/\/www.ister.at\/Ister1\/index.php?rest_route=%2Fwp%2Fv2%2Fmedia&parent=14005"}],"curies":[{"name":"wp","href":"https:\/\/api.w.org\/{rel}","templated":true}]}}