{"id":12093,"date":"2016-04-17T20:32:27","date_gmt":"2016-04-17T18:32:27","guid":{"rendered":"http:\/\/www.ister.at\/?page_id=12093"},"modified":"2026-04-02T10:54:51","modified_gmt":"2026-04-02T08:54:51","slug":"rudertermine-2016","status":"publish","type":"page","link":"https:\/\/www.ister.at\/Ister1\/?page_id=12093","title":{"rendered":"Fortgeschrittenenrudern Termine 2026"},"content":{"rendered":"<div class=\"love\"><input  id=\"post_12093\" type=\"checkbox\" class=\"LoveCheck\"\/>\n                <label for=\"post_12093\" class=\"dashicons dashicons-heart LoveLabel\" aria-label=\"like this\"><\/label><span class=\"LoveCount\">1<\/span><\/div><!--\/love--><p style=\"text-align: left;\">Liste der Termine f\u00fcr das Dienstagsrudern. Ausfahrten f\u00fcr fortgeschrittene Anf\u00e4nger, von erfahrenen Vereinsmitgliedern durchgef\u00fchrt. Jeden Dienstag bzw. wenn m\u00f6glich auch noch jeden Donnerstag vor dem Clubabend beginnend.<br \/>\n<strong>Dienstags 17:30<\/strong> <strong>Uhr<\/strong> &#8211; ab 18. August 17:00 Uhr; Treffpunkt: Ister Bootshaus. (Zeit = Hands-on!)<del><\/del><\/p>\n<table>\n<tbody>\n<tr>\n<td style=\"text-align: center;\"><\/td>\n<td><\/td>\n<\/tr>\n<tr>\n<td style=\"text-align: center;\">14. April<\/td>\n<td><\/td>\n<\/tr>\n<tr>\n<td style=\"text-align: center;\">21. April<\/td>\n<td><\/td>\n<\/tr>\n<tr>\n<td style=\"text-align: center;\">28. April<\/td>\n<td><\/td>\n<\/tr>\n<tr>\n<td style=\"text-align: center;\">5. Mai<\/td>\n<td><\/td>\n<\/tr>\n<tr>\n<td style=\"text-align: center;\">12. Mai<\/td>\n<td><\/td>\n<\/tr>\n<tr>\n<td style=\"text-align: center;\">19. Mai<\/td>\n<td><\/td>\n<\/tr>\n<tr>\n<td style=\"text-align: center;\">26. Mai<\/td>\n<td><\/td>\n<\/tr>\n<tr>\n<td style=\"text-align: center;\">2. Juni<\/td>\n<td><\/td>\n<\/tr>\n<tr>\n<td style=\"text-align: center;\">9. Juni<\/td>\n<td><\/td>\n<\/tr>\n<tr>\n<td style=\"text-align: center;\">16. Juni<\/td>\n<td><\/td>\n<\/tr>\n<tr>\n<td style=\"text-align: center;\">23. Juni<\/td>\n<td><\/td>\n<\/tr>\n<tr>\n<td style=\"text-align: center;\">30 Juni<\/td>\n<td><\/td>\n<\/tr>\n<tr>\n<td style=\"text-align: center;\">7. Juli<\/td>\n<td><i><span style=\"font-family: Thread-00002420-Id-00000003;\">\u00a0<\/span><\/i><\/td>\n<\/tr>\n<tr>\n<td style=\"text-align: center;\">14. Juli<\/td>\n<td><\/td>\n<\/tr>\n<tr>\n<td style=\"text-align: center;\">21. Juli<\/td>\n<td><\/td>\n<\/tr>\n<tr>\n<td style=\"text-align: center;\">28. Juli<\/td>\n<td><\/td>\n<\/tr>\n<tr>\n<td style=\"text-align: center;\">4. August<\/td>\n<td><\/td>\n<\/tr>\n<tr>\n<td style=\"text-align: center;\">11. August<\/td>\n<td><\/td>\n<\/tr>\n<tr>\n<td style=\"text-align: center;\">18. August<\/td>\n<td>(<strong>17:00 Uhr!<\/strong>)<\/td>\n<\/tr>\n<tr>\n<td style=\"text-align: center;\">25. August<\/td>\n<td>(<strong>17:00 Uhr!<\/strong>)<\/td>\n<\/tr>\n<tr>\n<td style=\"text-align: center;\">1. September<\/td>\n<td>(<strong>17:00 Uhr<b>!<\/b><\/strong>)<\/td>\n<\/tr>\n<tr>\n<td style=\"text-align: center;\">8. September<\/td>\n<td>(<strong>17:00 Uhr<b>!<\/b><\/strong>)<\/td>\n<\/tr>\n<tr>\n<td style=\"text-align: center;\">15. September<\/td>\n<td>(<strong>17:00 Uhr<b>!<\/b><\/strong>)<\/td>\n<\/tr>\n<\/tbody>\n<\/table>\n<div class=\"love\"><input  id=\"post_12093\" type=\"checkbox\" class=\"LoveCheck\"\/>\n                <label for=\"post_12093\" class=\"dashicons dashicons-heart LoveLabel\" aria-label=\"like this\"><\/label><span class=\"LoveCount\">1<\/span><\/div><!--\/love-->","protected":false},"excerpt":{"rendered":"<p>1Liste der Termine f\u00fcr das Dienstagsrudern. Ausfahrten f\u00fcr fortgeschrittene Anf\u00e4nger, von erfahrenen Vereinsmitgliedern durchgef\u00fchrt. Jeden Dienstag bzw. wenn m\u00f6glich auch noch jeden Donnerstag vor dem Clubabend beginnend. Dienstags 17:30 Uhr &#8211; ab 18. August 17:00[&#8230;]<\/p>\n","protected":false},"author":6,"featured_media":0,"parent":26,"menu_order":0,"comment_status":"closed","ping_status":"closed","template":"","meta":{"_monsterinsights_skip_tracking":false,"_monsterinsights_sitenote_active":false,"_monsterinsights_sitenote_note":"","_monsterinsights_sitenote_category":0,"footnotes":""},"class_list":["post-12093","page","type-page","status-publish","hentry"],"_links":{"self":[{"href":"https:\/\/www.ister.at\/Ister1\/index.php?rest_route=\/wp\/v2\/pages\/12093","targetHints":{"allow":["GET"]}}],"collection":[{"href":"https:\/\/www.ister.at\/Ister1\/index.php?rest_route=\/wp\/v2\/pages"}],"about":[{"href":"https:\/\/www.ister.at\/Ister1\/index.php?rest_route=\/wp\/v2\/types\/page"}],"author":[{"embeddable":true,"href":"https:\/\/www.ister.at\/Ister1\/index.php?rest_route=\/wp\/v2\/users\/6"}],"replies":[{"embeddable":true,"href":"https:\/\/www.ister.at\/Ister1\/index.php?rest_route=%2Fwp%2Fv2%2Fcomments&post=12093"}],"version-history":[{"count":84,"href":"https:\/\/www.ister.at\/Ister1\/index.php?rest_route=\/wp\/v2\/pages\/12093\/revisions"}],"predecessor-version":[{"id":22641,"href":"https:\/\/www.ister.at\/Ister1\/index.php?rest_route=\/wp\/v2\/pages\/12093\/revisions\/22641"}],"up":[{"embeddable":true,"href":"https:\/\/www.ister.at\/Ister1\/index.php?rest_route=\/wp\/v2\/pages\/26"}],"wp:attachment":[{"href":"https:\/\/www.ister.at\/Ister1\/index.php?rest_route=%2Fwp%2Fv2%2Fmedia&parent=12093"}],"curies":[{"name":"wp","href":"https:\/\/api.w.org\/{rel}","templated":true}]}}