{"id":105,"date":"2013-12-05T14:35:30","date_gmt":"2013-12-05T13:35:30","guid":{"rendered":"http:\/\/christian-schramm.at\/Ister1\/?page_id=105"},"modified":"2025-03-28T06:44:44","modified_gmt":"2025-03-28T05:44:44","slug":"impressum","status":"publish","type":"page","link":"https:\/\/www.ister.at\/Ister1\/?page_id=105","title":{"rendered":"Kontakt\/Anfahrt"},"content":{"rendered":"<div class=\"love\"><input  id=\"post_105\" type=\"checkbox\" class=\"LoveCheck\"\/>\n                <label for=\"post_105\" class=\"dashicons dashicons-heart LoveLabel\" aria-label=\"like this\"><\/label><span class=\"LoveCount\">2<\/span><\/div><!--\/love--><p>E-Mail: <a href=\"mailto:rudern@ister.at\">rudern@ister.at<br \/>\n<\/a>Tel.: +43 (0) 681 811 075 39<br \/>\n<img loading=\"lazy\" decoding=\"async\" class=\"alignleft  wp-image-17820\" src=\"https:\/\/www.ister.at\/Ister1\/wp-content\/uploads\/2014\/01\/fb-art.png\" alt=\"\" width=\"58\" height=\"56\" \/><a href=\"https:\/\/www.facebook.com\/RudervereinIster\/\">@RudervereinIster<\/a><br \/>\n<a href=\"https:\/\/www.facebook.com\/piratenball\/\">@PiratenBall<\/a><\/p>\n<p><img loading=\"lazy\" decoding=\"async\" class=\"alignleft  wp-image-17820\" src=\"https:\/\/www.ister.at\/Ister1\/wp-content\/uploads\/2020\/09\/Instagram-logo.jpg\" alt=\"\" width=\"58\" height=\"56\" \/><a href=\"https:\/\/www.instagram.com\/ruderverein_ister\/\">@ruderverein_ister<\/a><br \/>\n<a href=\"https:\/\/www.instagram.com\/piratenball\/\">@piratenball<\/a><\/p>\n<p>Das Bootshaus befindet sich am Winterhafengel\u00e4nde, im Herzen des Donauparks.<br \/>\nFahrradfreundlich und gro\u00dfteils barrierefrei!<\/p>\n<ul>\n<li>Am Winterhafen 19, 4020 Linz, \u00d6sterreich.<\/li>\n<li>Mit dem Fahrrad den Radweg am Donaupark flussabw\u00e4rts entlang folgen und under die Eisenbahn- und Autobahnbr\u00fccke hindurch. Das Bootshaus steht nach ca. 300 m auf der rechten Seite.<\/li>\n<li>Bushaltestelle &#8222;Gallanderstra\u00dfe&#8220; (Linie 27) + 5 min zu Fu\u00df<br \/>\nBushaltestelle &#8222;Donauparkstadion&#8220; (Linien 12 oder 25) + 10 min zu Fu\u00df<br \/>\n<a href=\"http:\/\/www.linzag.at\/efa\" target=\"_blank\" rel=\"noopener noreferrer\">Fahrplanauskunft Linz AG Linien<\/a><\/li>\n<li>GPS Koordinaten: 48\u00b019\u201911.3\u2033N; 14\u00b018\u201918.0\u2033E<br \/>\n(Achtung! Privatstra\u00dfe direkt vor dem Verein &#8211; Zufahrt nur f\u00fcr Vereinsmitglieder und deren G\u00e4ste).<\/li>\n<\/ul>\n<p><iframe loading=\"lazy\" style=\"border: 0px currentColor;\" src=\"https:\/\/www.google.com\/maps\/embed?pb=!1m5!3m3!1m2!1s0x4773983b1fba1dd7%3A0x9ebbed746262313!2sAm+Winterhafen+19%2C+4020+Linz!5e0!3m2!1sde!2sat!4v1389522422594\" width=\"600\" height=\"450\" frameborder=\"0\"><\/iframe><\/p>\n<div class=\"love\"><input  id=\"post_105\" type=\"checkbox\" class=\"LoveCheck\"\/>\n                <label for=\"post_105\" class=\"dashicons dashicons-heart LoveLabel\" aria-label=\"like this\"><\/label><span class=\"LoveCount\">2<\/span><\/div><!--\/love-->","protected":false},"excerpt":{"rendered":"<p>2E-Mail: rudern@ister.at Tel.: +43 (0) 681 811 075 39 @RudervereinIster @PiratenBall @ruderverein_ister @piratenball Das Bootshaus befindet sich am Winterhafengel\u00e4nde, im Herzen des Donauparks. Fahrradfreundlich und gro\u00dfteils barrierefrei! Am Winterhafen 19, 4020 Linz, \u00d6sterreich. Mit dem[&#8230;]<\/p>\n","protected":false},"author":1,"featured_media":0,"parent":31,"menu_order":0,"comment_status":"closed","ping_status":"closed","template":"","meta":{"_monsterinsights_skip_tracking":false,"_monsterinsights_sitenote_active":false,"_monsterinsights_sitenote_note":"","_monsterinsights_sitenote_category":0,"footnotes":""},"class_list":["post-105","page","type-page","status-publish","hentry"],"_links":{"self":[{"href":"https:\/\/www.ister.at\/Ister1\/index.php?rest_route=\/wp\/v2\/pages\/105","targetHints":{"allow":["GET"]}}],"collection":[{"href":"https:\/\/www.ister.at\/Ister1\/index.php?rest_route=\/wp\/v2\/pages"}],"about":[{"href":"https:\/\/www.ister.at\/Ister1\/index.php?rest_route=\/wp\/v2\/types\/page"}],"author":[{"embeddable":true,"href":"https:\/\/www.ister.at\/Ister1\/index.php?rest_route=\/wp\/v2\/users\/1"}],"replies":[{"embeddable":true,"href":"https:\/\/www.ister.at\/Ister1\/index.php?rest_route=%2Fwp%2Fv2%2Fcomments&post=105"}],"version-history":[{"count":38,"href":"https:\/\/www.ister.at\/Ister1\/index.php?rest_route=\/wp\/v2\/pages\/105\/revisions"}],"predecessor-version":[{"id":21858,"href":"https:\/\/www.ister.at\/Ister1\/index.php?rest_route=\/wp\/v2\/pages\/105\/revisions\/21858"}],"up":[{"embeddable":true,"href":"https:\/\/www.ister.at\/Ister1\/index.php?rest_route=\/wp\/v2\/pages\/31"}],"wp:attachment":[{"href":"https:\/\/www.ister.at\/Ister1\/index.php?rest_route=%2Fwp%2Fv2%2Fmedia&parent=105"}],"curies":[{"name":"wp","href":"https:\/\/api.w.org\/{rel}","templated":true}]}}