{"id":10,"date":"2013-08-27T14:08:18","date_gmt":"2013-08-27T12:08:18","guid":{"rendered":"http:\/\/christian-schramm.at\/Ister1\/?page_id=10"},"modified":"2026-01-27T21:30:33","modified_gmt":"2026-01-27T20:30:33","slug":"trainingsplaene","status":"publish","type":"page","link":"https:\/\/www.ister.at\/Ister1\/?page_id=10","title":{"rendered":"Trainer\/Instruktoren"},"content":{"rendered":"<div class=\"love\"><input  id=\"post_10\" type=\"checkbox\" class=\"LoveCheck\"\/>\n                <label for=\"post_10\" class=\"dashicons dashicons-heart LoveLabel\" aria-label=\"like this\"><\/label><span class=\"LoveCount\">1<\/span><\/div><!--\/love--><p>Die Nachwuchsarbeit ist ein pers\u00f6nliches Anliegen unseres Vereins.\u00a0 Unsere Sch\u00fclerInnen, JuniorenInnen sowie Frauen- und M\u00e4nnerkader werden durch professionelle Trainer im Training gef\u00fchrt. \u00a0H\u00f6chstes Augenmerk wird dabei auf eine saubere Rudertechnik gelegt.\u00a0 Das Training muss aufgrund verschiedener Kaderzugeh\u00f6rigkeit teilweise an verschiedenen Orten, Regattazentrum Ottensheim und Klubhaus am Winterhafen, durchgef\u00fchrt werden.\u00a0 Einer der Betreuer ist jedoch immer anwesend.<\/p>\n<div id=\"cc-m-6415640980\">\n<p><span style=\"line-height: 1.5em;\">Es besteht dar\u00fcber hinaus aber auch eine Mastersrennmannschaft bestehend aus ehemaligen Rennruderern\/Innen.\u00a0 Diese bestreiten wenige, \u00fcber das Jahr verteilte Regatten.\u00a0 Sie sind aber ein solider Bestandteil in der Sch\u00fcler und Jugendarbeit, bringen Erfahrung ein und entlasten die Betreuer durch \u00dcbernahme von T\u00e4tigkeiten im Bereich der Aufsticht, Transport und Anf\u00e4ngerrudern.<\/span><\/p>\n<\/div>\n<div id=\"cc-m-5782610980\">\n<p style=\"display: inline !important;\">Einige der Burschen und M\u00e4dchen sind schon mehrere Jahre in der Mannschaft und haben schon sch\u00f6ne Rennerfolge (u.a. Landesmeistertitel) gefeiert.\u00a0 Wie immer sind\u00a0aber auch einige erst seit dem Herbst (oder noch &#8218;frischer&#8216;) dabei.\u00a0 Der Verein ist bem\u00fcht durch den Besuch in Schulen neue Talente zu finden.\u00a0\u00a0Wir freuen uns aber \u00fcber jeden, der sich f\u00fcr den\u00a0Rudersport\u00a0interessiert und dazu sto\u00dfen m\u00f6chte.<\/p>\n<p><a href=\"http:\/\/www.rudern.at\/respekt-sicherheit\/\"><img loading=\"lazy\" decoding=\"async\" class=\"alignleft wp-image-19257 size-medium\" src=\"https:\/\/www.ister.at\/Ister1\/wp-content\/uploads\/2022\/03\/OeRV-SicherheitRespekt-Logo-V01-300x134.jpg\" alt=\"\" width=\"300\" height=\"134\" srcset=\"https:\/\/www.ister.at\/Ister1\/wp-content\/uploads\/2022\/03\/OeRV-SicherheitRespekt-Logo-V01-300x134.jpg 300w, https:\/\/www.ister.at\/Ister1\/wp-content\/uploads\/2022\/03\/OeRV-SicherheitRespekt-Logo-V01-1024x457.jpg 1024w, https:\/\/www.ister.at\/Ister1\/wp-content\/uploads\/2022\/03\/OeRV-SicherheitRespekt-Logo-V01-768x343.jpg 768w, https:\/\/www.ister.at\/Ister1\/wp-content\/uploads\/2022\/03\/OeRV-SicherheitRespekt-Logo-V01.jpg 1200w\" sizes=\"auto, (max-width: 300px) 100vw, 300px\" \/><\/a><\/p>\n<\/div>\n<div id=\"cc-m-5782610980\">\n<div id=\"cc-m-5776454280\"><\/div>\n<\/div>\n<div id=\"cc-m-5779790980\">\n<div id=\"cc-m-5779794680\"><\/div>\n<\/div>\n<div id=\"cc-m-5782610980\">\n<div id=\"cc-m-5776454280\">\n<h3><\/h3>\n<h3>RV ISTER &#8211; Trainer<\/h3>\n<\/div>\n<\/div>\n<div id=\"cc-m-5779790980\">\n<div id=\"cc-m-5779790980\">\n<p><a href=\"https:\/\/www.ister.at\/Ister1\/wp-content\/uploads\/2021\/02\/lorcan.jpg\" rel=\"lightbox[10]\"><img loading=\"lazy\" decoding=\"async\" class=\"wp-image-18101  alignleft\" src=\"https:\/\/www.ister.at\/Ister1\/wp-content\/uploads\/2021\/02\/lorcan.jpg\" alt=\"\" width=\"149\" height=\"154\" \/><\/a>Lorcan Lindner<br \/>\n0699 15005657<br \/>\n<a href=\"mailto:lorcan188@gmail.com\">lorcan188@gmail.com<\/a><\/p>\n<\/div>\n<\/div>\n<div id=\"cc-m-5782610980\">\n<div id=\"cc-m-5776454280\"><\/div>\n<\/div>\n<div id=\"cc-m-5779790980\">\n<div id=\"cc-m-5779794680\">\n<\/div>\n<\/div>\n<div id=\"cc-m-5782610980\">\n<h3 id=\"cc-m-5776454280\"><span style=\"color: revert; font-size: 1.5rem; font-weight: revert; font-family: var(--text-font);\">RV ISTER &#8211; Trainer<\/span><span style=\"color: revert; font-size: 1.5rem; font-weight: revert; font-family: var(--text-font);\">i<\/span><span style=\"color: revert; font-size: 1.5rem; font-weight: revert; font-family: var(--text-font);\">n<\/span><\/h3>\n<\/div>\n<p><img loading=\"lazy\" decoding=\"async\" class=\"alignleft wp-image-20341 size-thumbnail\" src=\"https:\/\/www.ister.at\/Ister1\/wp-content\/uploads\/2023\/05\/Besare-Abdulai-150x150.jpeg\" alt=\"\" width=\"150\" height=\"150\" \/>Besare Abdulai<\/p>\n<h3><span style=\"color: revert; font-size: 1.5rem; font-weight: revert; font-family: var(--text-font);\"><br \/>\nRV ISTER &#8211; Trainer<\/span><\/h3>\n<p><a href=\"https:\/\/www.ister.at\/Ister1\/wp-content\/uploads\/2026\/01\/Heimo.jpg\" rel=\"lightbox[10]\"><img loading=\"lazy\" decoding=\"async\" class=\"alignleft size-thumbnail wp-image-22452\" src=\"https:\/\/www.ister.at\/Ister1\/wp-content\/uploads\/2026\/01\/Heimo-150x150.jpg\" alt=\"\" width=\"150\" height=\"150\" \/><\/a>Heimo Hinterer<\/p>\n<h3><span style=\"color: revert; font-size: 1.5rem; font-weight: revert; font-family: var(--text-font);\">RV ISTER &#8211; Trainer &amp; Rennsportwart<br \/>\n<\/span><\/h3>\n<p><a href=\"https:\/\/www.ister.at\/Ister1\/wp-content\/uploads\/2024\/12\/Campbell-Jeff-Profilfoto.jpeg\" rel=\"lightbox[10]\"><img loading=\"lazy\" decoding=\"async\" class=\"alignleft size-thumbnail wp-image-21637\" src=\"https:\/\/www.ister.at\/Ister1\/wp-content\/uploads\/2024\/12\/Campbell-Jeff-Profilfoto-150x150.jpeg\" alt=\"\" width=\"150\" height=\"150\" \/><\/a>Jeffrey Campbell, MA<br \/>\n<a href=\"mailto:rennsport@ister.at\">rennsport@ister.at<\/a><\/p>\n<div class=\"love\"><input  id=\"post_10\" type=\"checkbox\" class=\"LoveCheck\"\/>\n                <label for=\"post_10\" class=\"dashicons dashicons-heart LoveLabel\" aria-label=\"like this\"><\/label><span class=\"LoveCount\">1<\/span><\/div><!--\/love-->","protected":false},"excerpt":{"rendered":"<p>1Die Nachwuchsarbeit ist ein pers\u00f6nliches Anliegen unseres Vereins.\u00a0 Unsere Sch\u00fclerInnen, JuniorenInnen sowie Frauen- und M\u00e4nnerkader werden durch professionelle Trainer im Training gef\u00fchrt. \u00a0H\u00f6chstes Augenmerk wird dabei auf eine saubere Rudertechnik gelegt.\u00a0 Das Training muss aufgrund[&#8230;]<\/p>\n","protected":false},"author":1,"featured_media":0,"parent":19,"menu_order":0,"comment_status":"closed","ping_status":"closed","template":"","meta":{"_monsterinsights_skip_tracking":false,"_monsterinsights_sitenote_active":false,"_monsterinsights_sitenote_note":"","_monsterinsights_sitenote_category":0,"footnotes":""},"class_list":["post-10","page","type-page","status-publish","hentry"],"_links":{"self":[{"href":"https:\/\/www.ister.at\/Ister1\/index.php?rest_route=\/wp\/v2\/pages\/10","targetHints":{"allow":["GET"]}}],"collection":[{"href":"https:\/\/www.ister.at\/Ister1\/index.php?rest_route=\/wp\/v2\/pages"}],"about":[{"href":"https:\/\/www.ister.at\/Ister1\/index.php?rest_route=\/wp\/v2\/types\/page"}],"author":[{"embeddable":true,"href":"https:\/\/www.ister.at\/Ister1\/index.php?rest_route=\/wp\/v2\/users\/1"}],"replies":[{"embeddable":true,"href":"https:\/\/www.ister.at\/Ister1\/index.php?rest_route=%2Fwp%2Fv2%2Fcomments&post=10"}],"version-history":[{"count":120,"href":"https:\/\/www.ister.at\/Ister1\/index.php?rest_route=\/wp\/v2\/pages\/10\/revisions"}],"predecessor-version":[{"id":22487,"href":"https:\/\/www.ister.at\/Ister1\/index.php?rest_route=\/wp\/v2\/pages\/10\/revisions\/22487"}],"up":[{"embeddable":true,"href":"https:\/\/www.ister.at\/Ister1\/index.php?rest_route=\/wp\/v2\/pages\/19"}],"wp:attachment":[{"href":"https:\/\/www.ister.at\/Ister1\/index.php?rest_route=%2Fwp%2Fv2%2Fmedia&parent=10"}],"curies":[{"name":"wp","href":"https:\/\/api.w.org\/{rel}","templated":true}]}}